{"id":1444,"date":"2020-12-23T14:40:35","date_gmt":"2020-12-23T12:40:35","guid":{"rendered":"https:\/\/blog.edu.turku.fi\/karttanyt\/?page_id=1444"},"modified":"2020-12-23T14:43:33","modified_gmt":"2020-12-23T12:43:33","slug":"avoin-paikkatieto-ja-sen-hyodyntaminen","status":"publish","type":"page","link":"https:\/\/blog.edu.turku.fi\/karttanyt\/kartat\/avoin-paikkatieto-ja-sen-hyodyntaminen\/","title":{"rendered":"Avoin paikkatieto ja sen hy\u00f6dynt\u00e4minen"},"content":{"rendered":"<p><span style=\"font-weight: 400\">Avoin paikkatieto (Open GIS data) tarkoittaa paikkatietoa, joka on kansalaisten vapaasti k\u00e4ytett\u00e4viss\u00e4 ilmaiseksi.\u00a0<\/span><\/p>\n<p><span style=\"font-weight: 400\">Avoimia paikkatietoaineistoja voidaan k\u00e4ytt\u00e4\u00e4 my\u00f6s kaupalliseen tarkoitukseen, eik\u00e4 niiden hankkimiseen ja k\u00e4ytt\u00e4miseen vaadita lupia, vaan aineistot voi ladata palveluntarjoajilta suoraan esimerkiksi omalle koneelle.<\/span><\/p>\n<p><span style=\"font-weight: 400\">Avoimien aineistojen k\u00e4ytt\u00f6 edellytt\u00e4\u00e4 yleens\u00e4 ainoastaan lisenssin noudattamista. Yleisesti useat avoimien paikkatietoaineistojen palveluntarjoajat ovat lisensoineet aineistonsa <\/span><a href=\"https:\/\/creativecommons.org\/licenses\/by\/4.0\/deed.fi\"><span style=\"font-weight: 400\">Creative Commons Nime\u00e4 4.0 Kansainv\u00e4linen -lisenssill\u00e4<\/span><\/a><span style=\"font-weight: 400\">. <\/span><span style=\"font-weight: 400\">Lisenssin edellytt\u00e4\u00e4, ett\u00e4 lisenssiantajan ja aineiston nimi mainitaan aineiston l\u00e4hteess\u00e4. Esimerkiksi Maanmittauslaitos on lisensoinut avoimet aineistonsa n\u00e4in. My\u00f6s useat muut suomalaiset avoimien paikkatietoaineistojen palveluntarjoajien aineistot toimivat kyseisen lisenssin alla. N\u00e4it\u00e4 ovat esimerkiksi <\/span><a href=\"https:\/\/www.syke.fi\/avointieto\/kayttolupajavastuut\"><span style=\"font-weight: 400\">Suomen ymp\u00e4rist\u00f6keskus (SYKE)<\/span><\/a><span style=\"font-weight: 400\"> ja <\/span><a href=\"https:\/\/www.gtk.fi\/tietoa-sivustosta\/\"><span style=\"font-weight: 400\">Geologian tutkimuskeskus (GTK)<\/span><\/a><span style=\"font-weight: 400\">.<\/span><\/p>\n<p><span style=\"font-weight: 400\">Avoimia paikkatietoaineistoja k\u00e4ytet\u00e4\u00e4n paljon erityisesti asiantuntijaorganisaatioissa erilaisissa paikkatietoanalyyseiss\u00e4, karttapohjina sek\u00e4 alueiden tarkasteluun. Useilla aineistojen tarjoajilla on palveluissaan my\u00f6s erillinen karttapalvelu, jossa voit katsella ja ladata aineistoja ja tehd\u00e4 pienimuotoisia analyysej\u00e4. Muun muassa SYKE tarjoaa useita erilaisia aineistoja sis\u00e4lt\u00e4vi\u00e4 ja eri tarkoituksiin suunniteltuja kartta- ja latauspalveluita. Esimerkiksi <\/span><a href=\"http:\/\/paikkatieto.ymparisto.fi\/vesikarttaviewers\/Html5Viewer_2_11_2\/Index.html?configBase=http:\/\/paikkatieto.ymparisto.fi\/Geocortex\/Essentials\/REST\/sites\/VesikarttaKansa\/viewers\/VesikarttaHTML525\/virtualdirectory\/Resources\/Config\/Default&amp;locale=fi-FI\"><span style=\"font-weight: 400\">SYKE:n Vesikarttapalvelussa<\/span><\/a><span style=\"font-weight: 400\"> voit tarkastella pinta- ja pohjavesien tilaa ja paikkatietoaineistojen <\/span><a href=\"http:\/\/paikkatieto.ymparisto.fi\/lapio\/latauspalvelu.html\"><span style=\"font-weight: 400\">latauspalvelu Lapiossa<\/span><\/a><span style=\"font-weight: 400\"> voit ladata avoimia aineistoja esimerkiksi vesist\u00f6ist\u00e4, maank\u00e4yt\u00f6st\u00e4 ja suojelualueista.\u00a0<\/span><\/p>\n<p><span style=\"font-weight: 400\">Paljon hy\u00f6dynnettyj\u00e4 erityisesti asiantuntijaty\u00f6ss\u00e4 ovat erilaiset paikkatiedon <\/span><a href=\"https:\/\/www.maanmittauslaitos.fi\/rajapinnat\/kartat\"><span style=\"font-weight: 400\">rajapintapalvelut<\/span><\/a><span style=\"font-weight: 400\">, joissa k\u00e4ytt\u00e4j\u00e4 voi paikkatieto-ohjelmistossaan ottaa yhteyden rajapintapalvelun tarjoajan palvelimeen ja hy\u00f6dynt\u00e4\u00e4 n\u00e4in paikkatietoaineistoja lataamatta niit\u00e4 omalle koneelleen. Maanmittauslaitos (MML) tarjoaa useita avoimia aineistoja rajapintojen kautta hy\u00f6dynnett\u00e4viksi.<\/span><\/p>\n<p><span style=\"font-weight: 400\">Viime aikoina suosioon ovat nousseet <\/span><a href=\"https:\/\/blog.edu.turku.fi\/karttanyt\/mapathon\/\"><span style=\"font-weight: 400\">mapathonit<\/span><\/a><span style=\"font-weight: 400\">, joissa kansalaiset p\u00e4\u00e4sev\u00e4t vaikuttamaan alueidensa kehitt\u00e4miseen ohjatuissa kartoitustapahtumissa. Mapathonien tyyppisill\u00e4 ns. pehmo-GIS-menetelmill\u00e4 nuoret voivat my\u00f6s p\u00e4\u00e4st\u00e4 vaikuttamaan asuinalueidensa kehitt\u00e4miseen ja n\u00e4in heid\u00e4n n\u00e4k\u00f6kulmansa tulee my\u00f6s p\u00e4\u00e4tt\u00e4jien tietoisuuteen.\u00a0<\/span><\/p>\n<p><span style=\"font-weight: 400\">Koulut ovat my\u00f6s hy\u00f6dynt\u00e4neet paljon niin avoimia paikkatietoaineistoja kuin erilaisia paikkatietopalveluita. Vihdin lukio toteutti <\/span><a href=\"https:\/\/vilu.maps.arcgis.com\/apps\/Cascade\/index.html?appid=da42ff7d4a6c4f1e8ea90b7da96deca4\"><span style=\"font-weight: 400\">osallistavan paikkatietoprojektin ilmastonmuutoksen hillitsemisest\u00e4.<\/span><\/a><span style=\"font-weight: 400\"> Ty\u00f6ll\u00e4 kartoitettiin py\u00f6r\u00e4parkkien m\u00e4\u00e4r\u00e4\u00e4 Nummelan alueelta ja ty\u00f6 toteutettiin Vihdin kunnalle. Ty\u00f6ll\u00e4 ker\u00e4ttiin arvokasta tietoa py\u00f6r\u00e4parkkien k\u00e4ytt\u00e4jien, nuorison sek\u00e4 kunnan ty\u00f6ntekij\u00f6iden n\u00e4k\u00f6kulmista.\u00a0<\/span><\/p>\n","protected":false},"excerpt":{"rendered":"<p>Avoin paikkatieto (Open GIS data) tarkoittaa paikkatietoa, joka on kansalaisten vapaasti k\u00e4ytett\u00e4viss\u00e4 ilmaiseksi.\u00a0 Avoimia paikkatietoaineistoja voidaan k\u00e4ytt\u00e4\u00e4 my\u00f6s kaupalliseen tarkoitukseen, eik\u00e4 niiden hankkimiseen ja k\u00e4ytt\u00e4miseen vaadita lupia, vaan aineistot voi ladata palveluntarjoajilta suoraan esimerkiksi omalle koneelle. Avoimien aineistojen k\u00e4ytt\u00f6 edellytt\u00e4\u00e4 yleens\u00e4 ainoastaan lisenssin noudattamista. Yleisesti useat avoimien paikkatietoaineistojen palveluntarjoajat ovat lisensoineet aineistonsa Creative Commons Nime\u00e4 &hellip; <\/p>\n<p class=\"link-more\"><a href=\"https:\/\/blog.edu.turku.fi\/karttanyt\/kartat\/avoin-paikkatieto-ja-sen-hyodyntaminen\/\" class=\"more-link\">Jatka lukemista<span class=\"screen-reader-text\"> &#8221;Avoin paikkatieto ja sen hy\u00f6dynt\u00e4minen&#8221;<\/span><\/a><\/p>\n","protected":false},"author":2790,"featured_media":0,"parent":14,"menu_order":0,"comment_status":"closed","ping_status":"closed","template":"","meta":{"footnotes":""},"class_list":["post-1444","page","type-page","status-publish","hentry","entry"],"_links":{"self":[{"href":"https:\/\/blog.edu.turku.fi\/karttanyt\/wp-json\/wp\/v2\/pages\/1444","targetHints":{"allow":["GET"]}}],"collection":[{"href":"https:\/\/blog.edu.turku.fi\/karttanyt\/wp-json\/wp\/v2\/pages"}],"about":[{"href":"https:\/\/blog.edu.turku.fi\/karttanyt\/wp-json\/wp\/v2\/types\/page"}],"author":[{"embeddable":true,"href":"https:\/\/blog.edu.turku.fi\/karttanyt\/wp-json\/wp\/v2\/users\/2790"}],"replies":[{"embeddable":true,"href":"https:\/\/blog.edu.turku.fi\/karttanyt\/wp-json\/wp\/v2\/comments?post=1444"}],"version-history":[{"count":1,"href":"https:\/\/blog.edu.turku.fi\/karttanyt\/wp-json\/wp\/v2\/pages\/1444\/revisions"}],"predecessor-version":[{"id":1446,"href":"https:\/\/blog.edu.turku.fi\/karttanyt\/wp-json\/wp\/v2\/pages\/1444\/revisions\/1446"}],"up":[{"embeddable":true,"href":"https:\/\/blog.edu.turku.fi\/karttanyt\/wp-json\/wp\/v2\/pages\/14"}],"wp:attachment":[{"href":"https:\/\/blog.edu.turku.fi\/karttanyt\/wp-json\/wp\/v2\/media?parent=1444"}],"curies":[{"name":"wp","href":"https:\/\/api.w.org\/{rel}","templated":true}]}}