{"id":14,"date":"2018-08-27T15:20:16","date_gmt":"2018-08-27T12:20:16","guid":{"rendered":"https:\/\/blog.edu.turku.fi\/karttanyt\/?page_id=14"},"modified":"2018-10-03T09:46:48","modified_gmt":"2018-10-03T06:46:48","slug":"kartat","status":"publish","type":"page","link":"https:\/\/blog.edu.turku.fi\/karttanyt\/kartat\/","title":{"rendered":"Kartat"},"content":{"rendered":"<p>Karttoja k\u00e4ytet\u00e4\u00e4n nykyisin eri laitteilla: k\u00e4nnyk\u00f6ill\u00e4, tableteilla, l\u00e4pp\u00e4reill\u00e4 ja p\u00f6yt\u00e4koneilla. K\u00e4ytt\u00f6tapoja ja -tarkoituksia on vaikka kuinka paljon sek\u00e4 arkik\u00e4yt\u00f6ss\u00e4 ett\u00e4 ty\u00f6el\u00e4m\u00e4ss\u00e4 eri aloilla. Karttojen k\u00e4ytt\u00f6 on paikkatietoa. Lue lis\u00e4\u00e4!<\/p>\n<p><a href=\"https:\/\/blog.edu.turku.fi\/karttanyt\/kartat\/paikkatieto\/\"><img loading=\"lazy\" decoding=\"async\" class=\"aligncenter\" src=\"https:\/\/blog.edu.turku.fi\/karttanyt\/files\/2018\/09\/Mit\u00e4-on-paikkatieto_-2.jpg\" alt=\"PaikkaOppi\" width=\"300\" height=\"300\" \/><\/a><\/p>\n<p>Eri julkiset ja yksityiset tahot julkaisevat nykyisin tosi paljon avoimia paikkatietoaineistoja, joista on hy\u00f6ty\u00e4 opetuksessa. Lue lis\u00e4\u00e4!<\/p>\n<p><a href=\"https:\/\/blog.edu.turku.fi\/karttanyt\/kartat\/avoimet-kartta-aineistot\/\"><img loading=\"lazy\" decoding=\"async\" class=\"aligncenter\" src=\"https:\/\/blog.edu.turku.fi\/karttanyt\/files\/2018\/09\/Mit\u00e4-ovat-aivoimet-aineistot.jpg\" alt=\"PaikkaOppi\" width=\"300\" height=\"300\" \/><\/a><\/p>\n","protected":false},"excerpt":{"rendered":"<p>Karttoja k\u00e4ytet\u00e4\u00e4n nykyisin eri laitteilla: k\u00e4nnyk\u00f6ill\u00e4, tableteilla, l\u00e4pp\u00e4reill\u00e4 ja p\u00f6yt\u00e4koneilla. K\u00e4ytt\u00f6tapoja ja -tarkoituksia on vaikka kuinka paljon sek\u00e4 arkik\u00e4yt\u00f6ss\u00e4 ett\u00e4 ty\u00f6el\u00e4m\u00e4ss\u00e4 eri aloilla. Karttojen k\u00e4ytt\u00f6 on paikkatietoa. Lue lis\u00e4\u00e4! Eri julkiset ja yksityiset tahot julkaisevat nykyisin tosi paljon avoimia paikkatietoaineistoja, joista on hy\u00f6ty\u00e4 opetuksessa. Lue lis\u00e4\u00e4!<\/p>\n","protected":false},"author":1206,"featured_media":0,"parent":0,"menu_order":2,"comment_status":"closed","ping_status":"closed","template":"","meta":{"footnotes":""},"class_list":["post-14","page","type-page","status-publish","hentry","entry"],"_links":{"self":[{"href":"https:\/\/blog.edu.turku.fi\/karttanyt\/wp-json\/wp\/v2\/pages\/14","targetHints":{"allow":["GET"]}}],"collection":[{"href":"https:\/\/blog.edu.turku.fi\/karttanyt\/wp-json\/wp\/v2\/pages"}],"about":[{"href":"https:\/\/blog.edu.turku.fi\/karttanyt\/wp-json\/wp\/v2\/types\/page"}],"author":[{"embeddable":true,"href":"https:\/\/blog.edu.turku.fi\/karttanyt\/wp-json\/wp\/v2\/users\/1206"}],"replies":[{"embeddable":true,"href":"https:\/\/blog.edu.turku.fi\/karttanyt\/wp-json\/wp\/v2\/comments?post=14"}],"version-history":[{"count":16,"href":"https:\/\/blog.edu.turku.fi\/karttanyt\/wp-json\/wp\/v2\/pages\/14\/revisions"}],"predecessor-version":[{"id":163,"href":"https:\/\/blog.edu.turku.fi\/karttanyt\/wp-json\/wp\/v2\/pages\/14\/revisions\/163"}],"wp:attachment":[{"href":"https:\/\/blog.edu.turku.fi\/karttanyt\/wp-json\/wp\/v2\/media?parent=14"}],"curies":[{"name":"wp","href":"https:\/\/api.w.org\/{rel}","templated":true}]}}