{"id":1345,"date":"2020-10-30T17:52:37","date_gmt":"2020-10-30T15:52:37","guid":{"rendered":"https:\/\/blog.edu.turku.fi\/karttanyt\/?page_id=1345"},"modified":"2020-12-01T18:11:33","modified_gmt":"2020-12-01T16:11:33","slug":"karttojen-kayttotavat","status":"publish","type":"page","link":"https:\/\/blog.edu.turku.fi\/karttanyt\/artikkelit\/karttojen-kayttotavat\/","title":{"rendered":"Karttojen k\u00e4ytt\u00f6tavat"},"content":{"rendered":"<p>S\u00e4hk\u00f6isen kartan k\u00e4ytt\u00e4j\u00e4lle ei aina v\u00e4ltt\u00e4m\u00e4tt\u00e4 ole selv\u00e4\u00e4, miss\u00e4 kartta-aineisto fyysisesti on, kun se n\u00e4kyy h\u00e4nen laitteellaan. T\u00e4m\u00e4n ymm\u00e4rt\u00e4minen on merkityksellist\u00e4 silloin kun verkkoyhteys katkeaa tai kun t\u00e4ytyy etsi\u00e4 uusia karttoja. K\u00e4ytt\u00f6vaihtoehtoja on kolme:<\/p>\n<ul>\n<li>kartat aineistontuottajan palvelimella<\/li>\n<li>rajapintakarttapalvelu<\/li>\n<li>latauspalvelut<\/li>\n<\/ul>\n<p>&nbsp;<\/p>\n<h1>Kartat aineistontuottajan palvelimella<\/h1>\n<p>Aineistontuottajan palvelimella py\u00f6riv\u00e4 karttapalvelu on k\u00e4ytt\u00e4j\u00e4n kannalta helpoin k\u00e4ytt\u00e4\u00e4. Palvelu toimii joko nettiselaimella tai mobiilisovelluksella. K\u00e4ytt\u00e4j\u00e4 ei tarvitse t\u00e4t\u00e4 varten omaa paikkatieto-ohjelmaa (GIS-ohjelmaa). K\u00e4ytt\u00e4j\u00e4 saa paikkatietoaineistot <em>vain katseltavaksi<\/em> karttapalvelun kautta.<\/p>\n<p>T\u00e4llaisessa karttapalvelussa on yleens\u00e4 karttan\u00e4kym\u00e4ikkuna ja muutamia perustoimintoja, kuten esimerkiksi karttatasojen valinta, zoomaus ja et\u00e4\u00e4nnytt\u00e4minen ja kartalla siirtyminen.<\/p>\n<p>K\u00e4ytt\u00e4j\u00e4 voi tallentaa kartalle omia kohteita ja jakaa karttan\u00e4kymi\u00e4, mutta h\u00e4n ei yleens\u00e4 saa ladattua tuottamaansa karttaa ulos palvelusta, tai se tapahtuu hyvin rajatuin ehdoin.<\/p>\n<p><img loading=\"lazy\" decoding=\"async\" class=\"alignnone size-full wp-image-702\" src=\"https:\/\/blog.edu.turku.fi\/karttanyt\/files\/2019\/06\/ainaistgotuottajapalvelu_kuva.jpg\" alt=\"\" width=\"1379\" height=\"377\" srcset=\"https:\/\/blog.edu.turku.fi\/karttanyt\/files\/2019\/06\/ainaistgotuottajapalvelu_kuva.jpg 1379w, https:\/\/blog.edu.turku.fi\/karttanyt\/files\/2019\/06\/ainaistgotuottajapalvelu_kuva-300x82.jpg 300w, https:\/\/blog.edu.turku.fi\/karttanyt\/files\/2019\/06\/ainaistgotuottajapalvelu_kuva-1024x280.jpg 1024w\" sizes=\"auto, (max-width: 1379px) 100vw, 1379px\" \/><\/p>\n<p><strong>Esimerkkej\u00e4 karttapalveluista, joissa tieto aineistontuottajan palvelimella:<\/strong><\/p>\n<p>Kansallinen paikkatietoportaali Paikkatietoikkuna sis\u00e4lt\u00e4\u00e4 noin 60 suomalaisen paikkatietoaineistojen tuottajan noin 1600 karttatasoa eri paikkatietoaineistoista. Paikkatietoikkunaan k\u00e4ytt\u00e4j\u00e4 voi tuoda my\u00f6s omia paikkatietoaineistoja ja esitt\u00e4\u00e4 niit\u00e4 muiden karttatasojen kanssa. Paikkatietoikkunassa k\u00e4ytt\u00e4j\u00e4 voi luoda teemakarttoja esim. Paikkatietoikkunasta saatavista Tilastokeskuksen kunnittaisista tilastoista.<\/p>\n<p>Paikkatietoikkuna: https:\/\/kartta.paikkatietoikkuna.fi\/<\/p>\n<p>Maanmittauslaitoksen Karttapaikka: <a href=\"http:\/\/www.karttapaikka.fi\">www.karttapaikka.fi<\/a><\/p>\n<p>Google Maps: \u00a0<a href=\"http:\/\/www.google.fi\/maps\">www.google.fi\/maps<\/a><\/p>\n<p>OpenStreetMap: \u00a0<a href=\"https:\/\/www.openstreetmap.org\">https:\/\/www.openstreetmap.org<\/a><\/p>\n<p>&nbsp;<\/p>\n<h1>Rajapintakarttapalvelu<\/h1>\n<p>Monet paikkatietoaineistojen tuottajat, kuten kunnat ja organisaatiot tarjoavat kartta-aineistoja rajapintapalveluiden kautta. T\u00e4ll\u00f6in k\u00e4ytt\u00e4j\u00e4 voi hakea rajapinnan kautta kartat k\u00e4ytt\u00f6\u00f6ns\u00e4 itselleen tuttuun paikkatieto-ohjelmaan ty\u00f6stett\u00e4v\u00e4ksi tai vain katsottavaksi.<\/p>\n<p>K\u00e4ytt\u00e4j\u00e4 tarvitsee siis k\u00e4ytt\u00f6\u00f6ns\u00e4 paikkatieto-ohjelman, johon h\u00e4n hakee kartta-aineiston rajapinnan kautta joltain. Paikkatietoaineistojen k\u00e4ytt\u00f6 karttapalvelun rajapintayhteydell\u00e4 edellytt\u00e4\u00e4, ett\u00e4<\/p>\n<ol>\n<li>k\u00e4ytt\u00e4j\u00e4ll\u00e4 on koneelleen ladattuna jokin paikkatieto-ohjelma (GIS-ohjelma), esimerkiksi QGIS, tai verkossa toimiva ArcGis Online ja<\/li>\n<li>k\u00e4ytt\u00e4j\u00e4n paikkatieto-ohjelma sis\u00e4lt\u00e4\u00e4 toiminnon, jolla rajapintaan voi kytkeyty\u00e4<\/li>\n<\/ol>\n<p>Rajapinta\u00a0on ohjelmointiliit\u00e4nt\u00e4, joka sallii useiden sovellusten kommunikoida toistensa kanssa. Rajapinnasta tai ohjelmointirajapinnasta k\u00e4ytet\u00e4\u00e4n toisinaan lyhennett\u00e4 <em>API<\/em>. Se on lyhenne sanoista <em>Application Programming Interface.<\/em><\/p>\n<p>Rajapintoja on eri tyyppisi\u00e4. Paikkatietoaineiston tuottajan verkkosivuilta l\u00f6ytyy luettelo siit\u00e4 mit\u00e4 paikkatietoaineistoja on saatavilla rajapintayhteydell\u00e4 ja n\u00e4iden rajapintojen URL-osoitteet sek\u00e4 mink\u00e4 tyyppinen rajapinta on.<\/p>\n<p>&nbsp;<\/p>\n<p><img loading=\"lazy\" decoding=\"async\" class=\"alignnone size-full wp-image-700\" src=\"https:\/\/blog.edu.turku.fi\/karttanyt\/files\/2019\/06\/rajapintapalvelu_kuva.jpg\" alt=\"\" width=\"1364\" height=\"418\" srcset=\"https:\/\/blog.edu.turku.fi\/karttanyt\/files\/2019\/06\/rajapintapalvelu_kuva.jpg 1364w, https:\/\/blog.edu.turku.fi\/karttanyt\/files\/2019\/06\/rajapintapalvelu_kuva-300x92.jpg 300w, https:\/\/blog.edu.turku.fi\/karttanyt\/files\/2019\/06\/rajapintapalvelu_kuva-1024x314.jpg 1024w\" sizes=\"auto, (max-width: 1364px) 100vw, 1364px\" \/><\/p>\n<p>Eri paikkatietoaineistojen tuottajilla on vaihtelevaa k\u00e4yt\u00e4nt\u00f6\u00e4 rajapintojen k\u00e4ytt\u00f6ehdoissa. Joihinkin rajapintoihin kytkeytymiseen riitt\u00e4\u00e4 pelkk\u00e4 rajapinnan URL-osoite. Joidenkin rajapintojen k\u00e4ytt\u00f6 voi edellytt\u00e4\u00e4 ett\u00e4 k\u00e4ytt\u00e4j\u00e4 tekee sopimuksen rajapinnan tarjoajan kanssa.<\/p>\n<p>Rajapinnan k\u00e4ytt\u00f6sopimus voi olla ilmainen tai maksullinen mutta k\u00e4ytt\u00f6sopimuksellinen rajapinta edellytt\u00e4\u00e4 k\u00e4ytt\u00e4j\u00e4tunnusta ja salasanaa jolla k\u00e4ytt\u00e4j\u00e4 voi kytkeyty\u00e4 rajapintaan ja k\u00e4ytt\u00e4j\u00e4tunnuksen ja salasanan saa kun tekee sopimuksen rajapinnan tarjoajan kanssa.<\/p>\n<p>Rajapintojen kautta saatavien paikkatietoaineistojen k\u00e4ytt\u00f6\u00f6n liittyv\u00e4t ehdot on luettavissa rajapintojen tarjoajien verkkosivuilla.<\/p>\n<p><a href=\"https:\/\/blog.edu.turku.fi\/karttanyt\/artikkelit\/tietoa-rajapinnoista\/\">Lue lis\u00e4\u00e4 rajapinnoista.<\/a><\/p>\n<p>&nbsp;<\/p>\n<p><strong>Esimerkki rajapintapalvelusta:<\/strong><\/p>\n<p>Maanmittauslaitoksen <em>Paikkatietoalusta<\/em> on palvelukokonaisuus, joka edist\u00e4\u00e4 paikkatietojen tehok\u00e4ytt\u00f6\u00e4 tarjoamalla yhdest\u00e4 paikasta eri tahojen tuottamaa paikkatietoa rajapintojen kautta. Se my\u00f6s yhten\u00e4ist\u00e4\u00e4 eri muodoissa tuotettua paikkatietoa ja varmistaa sen laatua.<\/p>\n<p>&nbsp;<\/p>\n<h1>Latauspalvelu<\/h1>\n<p>Paikkatietoaineistojen tuottajat tarjoavat kartta-aineistoja k\u00e4ytt\u00e4jien ladattaviksi tiedostoina latauspalveluista. Lataaminen tarkoittaa sit\u00e4, ett\u00e4 paikkatietoaineistoja siirret\u00e4\u00e4n fyysisesti tiedostoina aineistontuottajan latauspalvelusta k\u00e4ytt\u00e4j\u00e4n omalle tietokoneelle, jossa sir\u00e4 k\u00e4ytet\u00e4\u00e4n jollain paikkatieto-ohjelmalla, esimerkiksi QGISill\u00e4.<\/p>\n<p><img loading=\"lazy\" decoding=\"async\" class=\"alignnone size-full wp-image-701\" src=\"https:\/\/blog.edu.turku.fi\/karttanyt\/files\/2019\/06\/latauspalvelu_kuva.jpg\" alt=\"\" width=\"1435\" height=\"385\" srcset=\"https:\/\/blog.edu.turku.fi\/karttanyt\/files\/2019\/06\/latauspalvelu_kuva.jpg 1435w, https:\/\/blog.edu.turku.fi\/karttanyt\/files\/2019\/06\/latauspalvelu_kuva-300x80.jpg 300w, https:\/\/blog.edu.turku.fi\/karttanyt\/files\/2019\/06\/latauspalvelu_kuva-1024x275.jpg 1024w\" sizes=\"auto, (max-width: 1435px) 100vw, 1435px\" \/><\/p>\n<p>Latauspalvelussa on luettelo saatavilla olevista paikkatietoaineistoista sek\u00e4 tieto siit\u00e4, miss\u00e4 tiedostoformaateissa aineisto on ladattavissa.<\/p>\n<p>K\u00e4ytt\u00e4j\u00e4 valitsee latauspalvelusta haluamansa paikkatietoaineiston. Tiedosto\/tiedostot latautuvat t\u00e4m\u00e4n j\u00e4lkeen k\u00e4ytt\u00e4j\u00e4n tietokoneelle, tai latauspalvelu l\u00e4hett\u00e4\u00e4 k\u00e4ytt\u00e4j\u00e4n s\u00e4hk\u00f6postiin linkin, josta k\u00e4ytt\u00e4j\u00e4 saa ladattua haluamansa paikkatietoaineistot. Latauspalvelussa voi olla my\u00f6s karttatoiminto, jolla k\u00e4ytt\u00e4j\u00e4 voi valita milt\u00e4 alueelta haluaa ladata aineistoja.<\/p>\n<p>Aineistot voivat olla ladattavissa:<\/p>\n<ul>\n<li>koko Suomen aineisto yhdess\u00e4 tiedostossa tai<\/li>\n<li>aineisto on jaettu karttalehtikohtaisiin tiedostoihin tai<\/li>\n<li>aluejakotyyppisiin tiedostoihin esim. kunnittain<\/li>\n<\/ul>\n<p>Latauspalveluista paikkatietoaineistot ovat ladattavissa erilaisissa tiedostoformaateissa. Yleisimpi\u00e4 paikkatietoaineistojen tiedostoformaatteja ovat:<\/p>\n<ul>\n<li>Rasteritiedostoformaatteja: Geotiff (tif), png, jpg<\/li>\n<li>Vektoritiedostoformaatteja: Esri Shape (shp), MapInfo (mif), gml<\/li>\n<\/ul>\n<p><strong>Esimerkkej\u00e4 latauspalveluista:<\/strong><\/p>\n<p>SYKEn latauspalvelu:<\/p>\n<p><a href=\"https:\/\/www.syke.fi\/fi-FI\/Avoin_tieto\/Paikkatietoaineistot\">https:\/\/www.syke.fi\/fi-FI\/Avoin_tieto\/Paikkatietoaineistot<\/a><\/p>\n<p>Maanmittauslaitoksen latauspalvelu:<\/p>\n<p><a href=\"https:\/\/www.maanmittauslaitos.fi\/asioi-verkossa\/avoimien-aineistojen-tiedostopalvelu\">https:\/\/www.maanmittauslaitos.fi\/asioi-verkossa\/avoimien-aineistojen-tiedostopalvelu<\/a><\/p>\n<p>&nbsp;<\/p>\n","protected":false},"excerpt":{"rendered":"<p>S\u00e4hk\u00f6isen kartan k\u00e4ytt\u00e4j\u00e4lle ei aina v\u00e4ltt\u00e4m\u00e4tt\u00e4 ole selv\u00e4\u00e4, miss\u00e4 kartta-aineisto fyysisesti on, kun se n\u00e4kyy h\u00e4nen laitteellaan. T\u00e4m\u00e4n ymm\u00e4rt\u00e4minen on merkityksellist\u00e4 silloin kun verkkoyhteys katkeaa tai kun t\u00e4ytyy etsi\u00e4 uusia karttoja. K\u00e4ytt\u00f6vaihtoehtoja on kolme: kartat aineistontuottajan palvelimella rajapintakarttapalvelu latauspalvelut &nbsp; Kartat aineistontuottajan palvelimella Aineistontuottajan palvelimella py\u00f6riv\u00e4 karttapalvelu on k\u00e4ytt\u00e4j\u00e4n kannalta helpoin k\u00e4ytt\u00e4\u00e4. Palvelu toimii joko &hellip; <\/p>\n<p class=\"link-more\"><a href=\"https:\/\/blog.edu.turku.fi\/karttanyt\/artikkelit\/karttojen-kayttotavat\/\" class=\"more-link\">Jatka lukemista<span class=\"screen-reader-text\"> &#8221;Karttojen k\u00e4ytt\u00f6tavat&#8221;<\/span><\/a><\/p>\n","protected":false},"author":1206,"featured_media":0,"parent":726,"menu_order":0,"comment_status":"closed","ping_status":"closed","template":"","meta":{"footnotes":""},"class_list":["post-1345","page","type-page","status-publish","hentry","entry"],"_links":{"self":[{"href":"https:\/\/blog.edu.turku.fi\/karttanyt\/wp-json\/wp\/v2\/pages\/1345","targetHints":{"allow":["GET"]}}],"collection":[{"href":"https:\/\/blog.edu.turku.fi\/karttanyt\/wp-json\/wp\/v2\/pages"}],"about":[{"href":"https:\/\/blog.edu.turku.fi\/karttanyt\/wp-json\/wp\/v2\/types\/page"}],"author":[{"embeddable":true,"href":"https:\/\/blog.edu.turku.fi\/karttanyt\/wp-json\/wp\/v2\/users\/1206"}],"replies":[{"embeddable":true,"href":"https:\/\/blog.edu.turku.fi\/karttanyt\/wp-json\/wp\/v2\/comments?post=1345"}],"version-history":[{"count":3,"href":"https:\/\/blog.edu.turku.fi\/karttanyt\/wp-json\/wp\/v2\/pages\/1345\/revisions"}],"predecessor-version":[{"id":1418,"href":"https:\/\/blog.edu.turku.fi\/karttanyt\/wp-json\/wp\/v2\/pages\/1345\/revisions\/1418"}],"up":[{"embeddable":true,"href":"https:\/\/blog.edu.turku.fi\/karttanyt\/wp-json\/wp\/v2\/pages\/726"}],"wp:attachment":[{"href":"https:\/\/blog.edu.turku.fi\/karttanyt\/wp-json\/wp\/v2\/media?parent=1345"}],"curies":[{"name":"wp","href":"https:\/\/api.w.org\/{rel}","templated":true}]}}