{"id":1303,"date":"2020-10-30T16:11:45","date_gmt":"2020-10-30T14:11:45","guid":{"rendered":"https:\/\/blog.edu.turku.fi\/karttanyt\/?page_id=1303"},"modified":"2020-10-30T17:09:48","modified_gmt":"2020-10-30T15:09:48","slug":"3d-paikkatietoaineistot","status":"publish","type":"page","link":"https:\/\/blog.edu.turku.fi\/karttanyt\/artikkelit\/3d-paikkatietoaineistot\/","title":{"rendered":"3D-paikkatietoaineistot"},"content":{"rendered":"<p>Ymp\u00e4rist\u00f6n kolmiulotteista (3D) mallinnusta k\u00e4ytet\u00e4\u00e4n esimerkiksi autonavigaatiossa, mets\u00e4nhoidossa ja kaupunkisuunnittelussa. Mets\u00e4nhoidossa tarvitaan tietoa esim. puuston m\u00e4\u00e4r\u00e4st\u00e4 ja laadusta. Autonavigaattorin hy\u00f6dynt\u00e4minen ajaessa vaatii tarkkoja tiekarttoja.<\/p>\n<p>Rakennetun ymp\u00e4rist\u00f6n kuvaamisessa 3D-malleilla halutaan luoda mahdollisimman luonnollinen kuva esimerkiksi rakennuksista. Kaksiulotteisella maastokartalla rakennus kuvataan suorakulmiona, jonka perusteella n\u00e4hd\u00e4\u00e4n rakennuksen sijainti ja koko (pohjapinta-ala). Rakennuksien 3D-mallissa hahmottuu pohjapinta-alan lis\u00e4ksi korkeusulottuvuus.<\/p>\n<p>Yksityiskohtaisimmilla malleilla voidaan esitt\u00e4\u00e4 tarkasti rakennuksien v\u00e4rit, materiaalit ja ikkunoiden ja ovien sijainnit.<\/p>\n<p>&nbsp;<\/p>\n<p><b>Aineistojen keruu<\/b><\/p>\n<p>3D-paikkatietoaineistoja ker\u00e4t\u00e4\u00e4n esimerkiksi lentokoneesta laserkeilaimen ja ilmakuvauksen avulla. Laserkeilain l\u00e4hett\u00e4\u00e4 maahan laserpulsseja, jotka heijastuvat kohteista takaisin laitteeseen. Kohteita voivat olla esim. rakennukset, puut ja maan pinta. Pulssien kulkeman matkan ajan perusteella voidaan laskea et\u00e4isyys mittalaitteesta kohteisiin. Tuloksena on tihe\u00e4 pisteist\u00f6, joka kuvaa kohteiden kolmiulotteista geometriaa.<\/p>\n<p>Aineistoja voidaan ker\u00e4t\u00e4 my\u00f6s maanpinnalla liikkuvien ajoneuvojen ja miehitt\u00e4m\u00e4tt\u00f6mien lennokkien ja helikoptereiden avulla. Laajojen alueiden kartoituksessa hy\u00f6dynnet\u00e4\u00e4n puolestaan satelliittikuvia.<\/p>\n<p>&nbsp;<\/p>\n<p><b>Aineistojen visualisointi<\/b><\/p>\n<p>3D-paikkatietoaineistoja voi tarkastella visuaalisesti paikkatieto-ohjelmistoissa sek\u00e4 selaimella toimivissa karttasovelluksissa (mm. paikkatietoportaalit).<\/p>\n<p>Kaupallisilla toimijoilla on markkinoilla omia ohjelmistoja 3D-aineistojen tarkasteluun, kuten esimerkiksi Esrill\u00e4 ArcGIS-ohjelmisto, mutta nyky\u00e4\u00e4n avoimen l\u00e4hdekoodin ohjelmistot, esimerkiksi QuantumGIS, ovat saavuttaneet yh\u00e4 suurempaa suosiota. Avoimen l\u00e4hdekoodin ohjelmistot ovat ilmaisia ja niit\u00e4 voi kuka tahansa k\u00e4ytt\u00e4\u00e4.<\/p>\n<p>Ohjelmiston voi esimerkiksi ladata Internetist\u00e4 omalle tietokoneelleen ja osatessaan ja halutessaan muokata ohjelman toimintaa tai lis\u00e4t\u00e4 siihen toimintoja. Ty\u00f6asemaohjelmistot ovat k\u00e4tevi\u00e4 esimerkiksi suunnitteluteht\u00e4viss\u00e4, kun on tarpeen ladata omia 3D-aineistoja ohjelmistoon tarkasteltavaksi. T\u00e4ll\u00f6in ei Internetin saatavuus tai nopeus rajoita aineistojen tarkastelua.<\/p>\n<p>My\u00f6s selainpohjaisissa karttapalveluissa on yh\u00e4 eneneviss\u00e4 m\u00e4\u00e4rin tarjolla 3D-karttan\u00e4kym\u00e4 3D-aineistojen tarkasteluun. Esimerkiksi Google Maps tarjoaa mahdollisuuden siirty\u00e4 3D-n\u00e4kym\u00e4\u00e4n ja tarkastella useita maailman kaupunkeja sek\u00e4 maastoa 3D:n\u00e4.<\/p>\n<p>Vaikka monet Suomen kaupungit ovatkin Google Mapsissa katseltavissa kolmiulotteisina, on Maanmittauslaitoksen ja kuntien tuottamille 3D-rakennusaineistoille tarvetta. Uuden sukupolven semanttiset kaupunkitietomallit tarjoavat rakennusten geometrioiden lis\u00e4ksi rakennusten ominaisuustiedot, joita voidaan k\u00e4ytt\u00e4\u00e4 apuna suunnittelussa ja j\u00e4lleen rikastaa esimerkiksi kohteille tehdyill\u00e4 analyyseill\u00e4.<\/p>\n<figure id=\"attachment_1313\" aria-describedby=\"caption-attachment-1313\" style=\"width: 1024px\" class=\"wp-caption alignnone\"><img loading=\"lazy\" decoding=\"async\" class=\"wp-image-1313 size-full\" src=\"https:\/\/blog.edu.turku.fi\/karttanyt\/files\/2020\/10\/GoogleMaps3D.jpg\" alt=\"\" width=\"1024\" height=\"649\" srcset=\"https:\/\/blog.edu.turku.fi\/karttanyt\/files\/2020\/10\/GoogleMaps3D.jpg 1024w, https:\/\/blog.edu.turku.fi\/karttanyt\/files\/2020\/10\/GoogleMaps3D-300x190.jpg 300w\" sizes=\"auto, (max-width: 1024px) 100vw, 1024px\" \/><figcaption id=\"caption-attachment-1313\" class=\"wp-caption-text\">Google Maps 3D-n\u00e4kym\u00e4.<\/figcaption><\/figure>\n<figure id=\"attachment_1319\" aria-describedby=\"caption-attachment-1319\" style=\"width: 1024px\" class=\"wp-caption alignnone\"><img loading=\"lazy\" decoding=\"async\" class=\"wp-image-1319 size-full\" src=\"https:\/\/blog.edu.turku.fi\/karttanyt\/files\/2020\/10\/helsinki3d.jpg\" alt=\"\" width=\"1024\" height=\"654\" srcset=\"https:\/\/blog.edu.turku.fi\/karttanyt\/files\/2020\/10\/helsinki3d.jpg 1024w, https:\/\/blog.edu.turku.fi\/karttanyt\/files\/2020\/10\/helsinki3d-300x192.jpg 300w\" sizes=\"auto, (max-width: 1024px) 100vw, 1024px\" \/><figcaption id=\"caption-attachment-1319\" class=\"wp-caption-text\">Helsingin kaupungin karttapalvelu, 3D-n\u00e4kym\u00e4.<\/figcaption><\/figure>\n<p>Helsingin kaupunki on ensimm\u00e4isen\u00e4 maailmassa ottanut yht\u00e4 aikaa k\u00e4ytt\u00f6\u00f6n sek\u00e4 \u00e4lykk\u00e4\u00e4n semanttisen kaupunkitietomallin ett\u00e4 visuaalisesti korkeatasoisen kolmioverkkomallin, jotka kattavat koko kaupungin saarineen.<\/p>\n<p>Kolmioverkkomalli perustuu ilmakuviin, jotka on muokattu teksturoiduksi kolmioverkoksi. Kaupunki my\u00f6s tarjoaa aineistot kaikkien k\u00e4ytt\u00f6\u00f6n avoimena datana, mik\u00e4 on maailmalla melko harvinaista. Avoin data tarkoittaa, ett\u00e4 data on julkista, koneluettavassa muodossa, sit\u00e4 saa k\u00e4ytt\u00e4\u00e4 uudelleen ja se on maksutonta.<\/p>\n<p>Helsingin kaupungin aineistoja voi tarkastella kaupungin tarjoamassa karttapalvelussa osoitteessa <a href=\"https:\/\/kartta.hel.fi\/3d\">https:\/\/kartta.hel.fi\/3d<\/a>. My\u00f6s esimerkiksi Espoo ja Hyvink\u00e4\u00e4 ovat tuottaneet omat 3D-kaupunkimallit ja tarjoavat ne avoimesti hy\u00f6dynnett\u00e4viksi ja tarkasteltaviksi.<\/p>\n<p>&nbsp;<\/p>\n<p><b>KMTK-rakennusten visualisointi Paikkatietoikkunassa<\/b><\/p>\n<p>Kansallisen maastotietokannan rakennukset tulevat n\u00e4ht\u00e4ville kansalliseen paikkatietoportaaliin Paikkatietoikkunaan (kartta.paikkatietoikkuna.fi). Paikkatietoikkunassa voi tarkastella eri teemoihin liittyvi\u00e4 karttatasoja, mitata et\u00e4isyyksi\u00e4, piirt\u00e4\u00e4 omia kohteita kartalle, etsi\u00e4 l\u00e4hint\u00e4 osoitetta ja koordinaatteja sek\u00e4 paljon muuta.<\/p>\n<p>Vuosien 2018 ja 2019 aikana Paikkatietoikkunaan on 2D-karttan\u00e4kym\u00e4n rinnalle kehitetty 3D-n\u00e4kym\u00e4, mik\u00e4 mahdollistaa 3D-aineistojen tarkastelun kartalla yhdess\u00e4 2D-kartta-aineistojen kanssa. 3D-rakennusaineistoja lis\u00e4t\u00e4\u00e4n Paikkatietoikkunaan sit\u00e4 mukaa kun niit\u00e4 tuotetaan ja tavoitteena on tarjota koko maan kattava 3D-rakennusdata tarkasteltavaksi Paikkatietoikkunassa.<\/p>\n<p>3D-karttan\u00e4kym\u00e4ss\u00e4 on joitain toimintoja, joita ei 2D-n\u00e4kym\u00e4ss\u00e4 ole, kuten esimerkiksi ajanhetken s\u00e4\u00e4t\u00e4minen. Ajanhetke\u00e4 voi s\u00e4\u00e4t\u00e4\u00e4 rakennusten varjojen tarkastelemiseksi eri vuoden- ja vuorokaudenaikoina. T\u00e4t\u00e4 voi k\u00e4ytt\u00e4\u00e4 apuna esimerkiksi terassien sijaintien suunnittelussa.<\/p>\n<figure id=\"attachment_1321\" aria-describedby=\"caption-attachment-1321\" style=\"width: 982px\" class=\"wp-caption alignnone\"><img loading=\"lazy\" decoding=\"async\" class=\"wp-image-1321 size-full\" src=\"https:\/\/blog.edu.turku.fi\/karttanyt\/files\/2020\/10\/ajanhetki.jpg\" alt=\"\" width=\"982\" height=\"775\" srcset=\"https:\/\/blog.edu.turku.fi\/karttanyt\/files\/2020\/10\/ajanhetki.jpg 982w, https:\/\/blog.edu.turku.fi\/karttanyt\/files\/2020\/10\/ajanhetki-300x237.jpg 300w\" sizes=\"auto, (max-width: 982px) 100vw, 982px\" \/><figcaption id=\"caption-attachment-1321\" class=\"wp-caption-text\">Paikkatietoikkuna: ajanhetken s\u00e4\u00e4t\u00e4minen.<\/figcaption><\/figure>\n<p>&nbsp;<\/p>\n<p><b>3D-aineistojen k\u00e4ytt\u00f6tapauksia<\/b><\/p>\n<p>3D-aineistojen visualisointi ja esimerkiksi ominaisuustietojen tarkastelu ovat vain pintaraapaisu 3D-aineistojen k\u00e4ytt\u00f6mahdollisuuksiin. 3D-kaupunkitietomalleja hy\u00f6dynnet\u00e4\u00e4n paljon mm. tutkimuksessa ja avoimelle tarkalle rakennusdatalle on kysynt\u00e4\u00e4 maailmanlaajuisesti. K\u00e4ytt\u00f6kohteita ovat esimerkiksi:<\/p>\n<ul>\n<li>tulvakartoitukset ja -simulaatiot<\/li>\n<li>melulaskenta<\/li>\n<li>ilmansaaste-ennusteet<\/li>\n<li>liikennesimulaattorit<\/li>\n<li>aurinkoenergiasovellukset<\/li>\n<\/ul>\n<p>Esimerkiksi Helsingin kaupungin rakennusten pinnoille on laskettu aurinkoenergiapotentiaalit, jotka on havainnollistettu karttapalvelussa eri v\u00e4reill\u00e4 rakennusten pinnoilla ja kohdetta klikkaamalla saa n\u00e4kyviin tarkemmat tiedot.<\/p>\n<figure id=\"attachment_1330\" aria-describedby=\"caption-attachment-1330\" style=\"width: 1024px\" class=\"wp-caption alignnone\"><img loading=\"lazy\" decoding=\"async\" class=\"wp-image-1330 size-full\" src=\"https:\/\/blog.edu.turku.fi\/karttanyt\/files\/2020\/10\/kolmioverkkomalli.jpg\" alt=\"\" width=\"1024\" height=\"686\" srcset=\"https:\/\/blog.edu.turku.fi\/karttanyt\/files\/2020\/10\/kolmioverkkomalli.jpg 1024w, https:\/\/blog.edu.turku.fi\/karttanyt\/files\/2020\/10\/kolmioverkkomalli-300x201.jpg 300w\" sizes=\"auto, (max-width: 1024px) 100vw, 1024px\" \/><figcaption id=\"caption-attachment-1330\" class=\"wp-caption-text\">Helsingin kaupungin rakennuksille laskettu aurinkoenergiapotentiaali (https:\/\/kartta.hel.fi\/3d\/solar).<\/figcaption><\/figure>\n<p>Teksturoitu kolmioverkkomalli puolestaan tarjoaa tarkan visuaalisen mallin kaupungista ja n\u00e4ytt\u00e4\u00e4 esimerkiksi puut, autot ja laivat siten kuin ne ovat kuvaushetkell\u00e4 olleet. Mallin avulla esimerkiksi tapahtumien j\u00e4rjest\u00e4j\u00e4 voi helposti suunnitella tapahtuma-alueen esiintymislavoineen ja poistumisteineen.<\/p>\n","protected":false},"excerpt":{"rendered":"<p>Ymp\u00e4rist\u00f6n kolmiulotteista (3D) mallinnusta k\u00e4ytet\u00e4\u00e4n esimerkiksi autonavigaatiossa, mets\u00e4nhoidossa ja kaupunkisuunnittelussa. Mets\u00e4nhoidossa tarvitaan tietoa esim. puuston m\u00e4\u00e4r\u00e4st\u00e4 ja laadusta. Autonavigaattorin hy\u00f6dynt\u00e4minen ajaessa vaatii tarkkoja tiekarttoja. Rakennetun ymp\u00e4rist\u00f6n kuvaamisessa 3D-malleilla halutaan luoda mahdollisimman luonnollinen kuva esimerkiksi rakennuksista. Kaksiulotteisella maastokartalla rakennus kuvataan suorakulmiona, jonka perusteella n\u00e4hd\u00e4\u00e4n rakennuksen sijainti ja koko (pohjapinta-ala). Rakennuksien 3D-mallissa hahmottuu pohjapinta-alan lis\u00e4ksi korkeusulottuvuus. Yksityiskohtaisimmilla &hellip; <\/p>\n<p class=\"link-more\"><a href=\"https:\/\/blog.edu.turku.fi\/karttanyt\/artikkelit\/3d-paikkatietoaineistot\/\" class=\"more-link\">Jatka lukemista<span class=\"screen-reader-text\"> &#8221;3D-paikkatietoaineistot&#8221;<\/span><\/a><\/p>\n","protected":false},"author":1206,"featured_media":0,"parent":726,"menu_order":0,"comment_status":"closed","ping_status":"closed","template":"","meta":{"footnotes":""},"class_list":["post-1303","page","type-page","status-publish","hentry","entry"],"_links":{"self":[{"href":"https:\/\/blog.edu.turku.fi\/karttanyt\/wp-json\/wp\/v2\/pages\/1303","targetHints":{"allow":["GET"]}}],"collection":[{"href":"https:\/\/blog.edu.turku.fi\/karttanyt\/wp-json\/wp\/v2\/pages"}],"about":[{"href":"https:\/\/blog.edu.turku.fi\/karttanyt\/wp-json\/wp\/v2\/types\/page"}],"author":[{"embeddable":true,"href":"https:\/\/blog.edu.turku.fi\/karttanyt\/wp-json\/wp\/v2\/users\/1206"}],"replies":[{"embeddable":true,"href":"https:\/\/blog.edu.turku.fi\/karttanyt\/wp-json\/wp\/v2\/comments?post=1303"}],"version-history":[{"count":6,"href":"https:\/\/blog.edu.turku.fi\/karttanyt\/wp-json\/wp\/v2\/pages\/1303\/revisions"}],"predecessor-version":[{"id":1331,"href":"https:\/\/blog.edu.turku.fi\/karttanyt\/wp-json\/wp\/v2\/pages\/1303\/revisions\/1331"}],"up":[{"embeddable":true,"href":"https:\/\/blog.edu.turku.fi\/karttanyt\/wp-json\/wp\/v2\/pages\/726"}],"wp:attachment":[{"href":"https:\/\/blog.edu.turku.fi\/karttanyt\/wp-json\/wp\/v2\/media?parent=1303"}],"curies":[{"name":"wp","href":"https:\/\/api.w.org\/{rel}","templated":true}]}}