{"id":1239,"date":"2020-09-16T17:33:07","date_gmt":"2020-09-16T14:33:07","guid":{"rendered":"https:\/\/blog.edu.turku.fi\/karttanyt\/?page_id=1239"},"modified":"2020-09-16T17:33:07","modified_gmt":"2020-09-16T14:33:07","slug":"tietoa-rajapinnoista","status":"publish","type":"page","link":"https:\/\/blog.edu.turku.fi\/karttanyt\/artikkelit\/tietoa-rajapinnoista\/","title":{"rendered":"Tietoa rajapinnoista"},"content":{"rendered":"<h2>Eri tyyppisi\u00e4 rajapintoja<\/h2>\n<p>Rajapintoja on eri tyyppisi\u00e4. Paikkatietoaineiston tuottajan verkkosivuilta l\u00f6ytyy luettelo siit\u00e4 mit\u00e4 paikkatietoaineistoja on saatavilla rajapintayhteydell\u00e4 ja n\u00e4iden rajapintojen URL-osoitteet sek\u00e4 mink\u00e4 tyyppinen rajapinta on.<\/p>\n<p>Yleisimmin k\u00e4ytetyt rajapintatyypit:<\/p>\n<ul>\n<li>WMS = Web Map Service. T\u00e4t\u00e4 rajapintatyyppi\u00e4 k\u00e4ytet\u00e4\u00e4n rasteriaineistoille.<\/li>\n<li>WFS = Web Feature Service. K\u00e4ytet\u00e4\u00e4n vektoriaineistoille.<\/li>\n<li>WMTS = Web Map Tiled Service. K\u00e4ytet\u00e4\u00e4n rasteriaineistoille.<\/li>\n<\/ul>\n<p>Harvinaisempi rajapintatyyppi:<\/p>\n<ul>\n<li>WCS = Web Coverage Service<\/li>\n<\/ul>\n<p>Rajapinnan tyyppi kertoo sen mit\u00e4 rajapintaan kytkeytymistoimintoa pit\u00e4\u00e4 k\u00e4ytt\u00e4\u00e4 omassa paikkatieto-ohjelmassa (esim. \u201dAdd WMS server connection\u201d, \u201dAdd WFS server connection\u201d, \u201dAdd WMTS server connection\u201d).<\/p>\n<h2><\/h2>\n<h2>Edellytykset rajapintapalveluiden k\u00e4ytt\u00f6\u00f6n<\/h2>\n<p>Paikkatietoaineistojen k\u00e4ytt\u00f6 karttapalvelun rajapintayhteydell\u00e4 edellytt\u00e4\u00e4 ett\u00e4 k\u00e4ytt\u00e4j\u00e4ll\u00e4 on k\u00e4yt\u00f6ss\u00e4\u00e4n jokin paikkatieto-ohjelma (GIS-ohjelma). ArcGis Online ja k\u00e4ytt\u00e4j\u00e4n paikkatieto-ohjelma sis\u00e4lt\u00e4\u00e4 toiminnon jolla rajapintaan voi kytkeyty\u00e4. Paikkatieto-ohjelmissa t\u00e4llainen rajapintaan kytkeytymistoiminto on yleens\u00e4 nimelt\u00e4\u00e4n esimerkiksi \u201dAdd WMS Server Connection\u201d tai \u201dAdd WFS Server Connection\u201d tai \u201dAdd WMTS Server Connection\u201d tai kuten alla olevien kuvien esimerkeiss\u00e4.<\/p>\n<p><img loading=\"lazy\" decoding=\"async\" class=\"alignnone size-full wp-image-682\" src=\"https:\/\/blog.edu.turku.fi\/karttanyt\/files\/2019\/06\/rajapintaplalvelun_ohje.jpg\" alt=\"\" width=\"248\" height=\"325\" srcset=\"https:\/\/blog.edu.turku.fi\/karttanyt\/files\/2019\/06\/rajapintaplalvelun_ohje.jpg 248w, https:\/\/blog.edu.turku.fi\/karttanyt\/files\/2019\/06\/rajapintaplalvelun_ohje-229x300.jpg 229w\" sizes=\"auto, (max-width: 248px) 100vw, 248px\" \/><\/p>\n<p><img loading=\"lazy\" decoding=\"async\" class=\"alignnone size-full wp-image-683\" src=\"https:\/\/blog.edu.turku.fi\/karttanyt\/files\/2019\/06\/rajapintaplalvelun_ohje2.jpg\" alt=\"\" width=\"526\" height=\"380\" srcset=\"https:\/\/blog.edu.turku.fi\/karttanyt\/files\/2019\/06\/rajapintaplalvelun_ohje2.jpg 526w, https:\/\/blog.edu.turku.fi\/karttanyt\/files\/2019\/06\/rajapintaplalvelun_ohje2-300x217.jpg 300w\" sizes=\"auto, (max-width: 526px) 100vw, 526px\" \/><\/p>\n<p>Karttapalvelun rajapintaan kytkeytymiseen k\u00e4ytt\u00e4j\u00e4 tarvitsee rajapinnan URL-osoitteen, joka on tyyppi\u00e4: http:\/\/xxxxx.<\/p>\n<p>K\u00e4yt\u00e4nn\u00f6ss\u00e4 kytkeytyminen karttapalvelun rajapintaan tapahtuu niin ett\u00e4 k\u00e4ytt\u00e4j\u00e4 kirjoittaa\/kopioi rajapinnan URL-osoitteen k\u00e4ytt\u00e4j\u00e4n paikkatieto-ohjelman rajapintakytkeytymistoiminnossa esim. \u201dAdd WMS Server Connection\u201d toiminnossa.<\/p>\n<p>Yleens\u00e4 riitt\u00e4\u00e4 pelkk\u00e4 karttapalvelun rajapinnan URL-osoitteen kirjoittaminen\/kopioiminen ja paikkatieto-ohjelma osaa tehd\u00e4 kytkenn\u00e4n karttapalvelun rajapintaan ja osaa tunnistaa karttapalvelun rajapinnan kautta tarjolla olevat paikkatietoaineistot.<\/p>\n<p>K\u00e4ytt\u00e4j\u00e4 n\u00e4kee omassa paikkatieto-ohjelmassaan karttapalvelun rajapintaan kytkeytymisen j\u00e4lkeen mit\u00e4 paikkatietoaineistoja karttapalvelun rajapinnan kautta on saatavilla. Saatavilla olevista aineistoista k\u00e4ytt\u00e4j\u00e4 valitsee mit\u00e4 n\u00e4ist\u00e4 karttapalvelun paikkatietoaineistoista haluaa lis\u00e4t\u00e4 paikkatieto-ohjelman karttan\u00e4kym\u00e4\u00e4n.<\/p>\n<p>Kuvan esimerkiss\u00e4 kytkeydyt\u00e4\u00e4n SYKEn verkkosivulta <a href=\"https:\/\/www.syke.fi\/fi-FI\/Avoin_tieto\/Avoimet_rajapinnat\">https:\/\/www.syke.fi\/fi-FI\/Avoin_tieto\/Avoimet_rajapinnat<\/a> l\u00f6ytyv\u00e4st\u00e4 rajapintaluettelosta rajapintaan jonka URL-osoite on <a href=\"http:\/\/paikkatieto.ymparisto.fi\/ArcGIS\/services\/INSPIRE\/SYKE_SuojellutAlueet\/MapServer\/WMSServer\">http:\/\/paikkatieto.ymparisto.fi\/ArcGIS\/services\/INSPIRE\/SYKE_SuojellutAlueet\/MapServer\/WMSServer<\/a><\/p>\n<p><img loading=\"lazy\" decoding=\"async\" class=\"alignnone size-full wp-image-684\" src=\"https:\/\/blog.edu.turku.fi\/karttanyt\/files\/2019\/06\/rajapintaplalvelun_ohje3.jpg\" alt=\"\" width=\"525\" height=\"485\" srcset=\"https:\/\/blog.edu.turku.fi\/karttanyt\/files\/2019\/06\/rajapintaplalvelun_ohje3.jpg 525w, https:\/\/blog.edu.turku.fi\/karttanyt\/files\/2019\/06\/rajapintaplalvelun_ohje3-300x277.jpg 300w\" sizes=\"auto, (max-width: 525px) 100vw, 525px\" \/><\/p>\n<p>Paikkatieto-ohjelman \u201dAdd WMS Server Connection\u201d toiminnon lomakkeelle on kopioitu rajapinnan URL-osoite. Normaalisti riitt\u00e4\u00e4 ett\u00e4 lis\u00e4\u00e4 URL-osoitteen ja klikkaa ok. WMS tyypin rajapintoja on eri versiota (1.0.0, 1.1.0, 1.1.1, 1.3.0) mutta normaalisti riitt\u00e4\u00e4 ett\u00e4 lomakkeella version kohdalla on Default.<\/p>\n<p><img loading=\"lazy\" decoding=\"async\" class=\"alignnone size-full wp-image-685\" src=\"https:\/\/blog.edu.turku.fi\/karttanyt\/files\/2019\/06\/rajapintaplalvelun_ohje4.jpg\" alt=\"\" width=\"514\" height=\"413\" srcset=\"https:\/\/blog.edu.turku.fi\/karttanyt\/files\/2019\/06\/rajapintaplalvelun_ohje4.jpg 514w, https:\/\/blog.edu.turku.fi\/karttanyt\/files\/2019\/06\/rajapintaplalvelun_ohje4-300x241.jpg 300w\" sizes=\"auto, (max-width: 514px) 100vw, 514px\" \/><\/p>\n<p>&nbsp;<\/p>\n<p>Ok-klikkauksen j\u00e4lkeen k\u00e4ytt\u00e4j\u00e4n paikkatieto-ohjelma kytkeytyy tuohon rajapintaan ja tunnistaa rajapintayhteyden kautta tarjolla olevat paikkatietoaineistot jotka n\u00e4kyv\u00e4t luettelona k\u00e4ytt\u00e4j\u00e4n paikkatieto-ohjelmassa alla olevan kuvan mukaisesti. Nyt k\u00e4ytt\u00e4j\u00e4 voi lis\u00e4t\u00e4 n\u00e4it\u00e4 rajapintayhteyden kautta saatavia paikkatietoaineistoja oman paikkatieto-ohjelman karttan\u00e4ytt\u00f6\u00f6n.<\/p>\n<p><img loading=\"lazy\" decoding=\"async\" class=\"alignnone size-full wp-image-686\" src=\"https:\/\/blog.edu.turku.fi\/karttanyt\/files\/2019\/06\/rajapintaplalvelun_ohje5.jpg\" alt=\"\" width=\"578\" height=\"501\" srcset=\"https:\/\/blog.edu.turku.fi\/karttanyt\/files\/2019\/06\/rajapintaplalvelun_ohje5.jpg 578w, https:\/\/blog.edu.turku.fi\/karttanyt\/files\/2019\/06\/rajapintaplalvelun_ohje5-300x260.jpg 300w\" sizes=\"auto, (max-width: 578px) 100vw, 578px\" \/><\/p>\n<p>Eri paikkatietoaineistojen tuottajilla on vaihtelevaa k\u00e4yt\u00e4nt\u00f6\u00e4 rajapintojen k\u00e4ytt\u00f6ehdoissa. Joihinkin rajapintoihin kytkeytymiseen riitt\u00e4\u00e4 pelkk\u00e4 rajapinnan URL-osoite. Joidenkin rajapintojen k\u00e4ytt\u00f6 voi edellytt\u00e4\u00e4 ett\u00e4 k\u00e4ytt\u00e4j\u00e4 tekee sopimuksen rajapinnan tarjoajan kanssa.<\/p>\n<p>Rajapinnan k\u00e4ytt\u00f6sopimus voi olla ilmainen tai maksullinen mutta k\u00e4ytt\u00f6sopimuksellinen rajapinta edellytt\u00e4\u00e4 k\u00e4ytt\u00e4j\u00e4tunnusta ja salasanaa jolla k\u00e4ytt\u00e4j\u00e4 voi kytkeyty\u00e4 rajapintaan ja k\u00e4ytt\u00e4j\u00e4tunnuksen ja salasanan saa kun tekee sopimuksen rajapinnan tarjoajan kanssa. T\u00e4ss\u00e4 tapauksessa k\u00e4ytt\u00e4j\u00e4tunnus ja salasana annetaan esim. \u201dAdd WMS Server Connection\u201d lomakkeella.<\/p>\n<p>Rajapintojen kautta saatavien paikkatietoaineistojen k\u00e4ytt\u00f6\u00f6n liittyv\u00e4t ehdot on luettavissa rajapintojen tarjoajien verkkosivuilla.<\/p>\n<p>&nbsp;<\/p>\n","protected":false},"excerpt":{"rendered":"<p>Eri tyyppisi\u00e4 rajapintoja Rajapintoja on eri tyyppisi\u00e4. Paikkatietoaineiston tuottajan verkkosivuilta l\u00f6ytyy luettelo siit\u00e4 mit\u00e4 paikkatietoaineistoja on saatavilla rajapintayhteydell\u00e4 ja n\u00e4iden rajapintojen URL-osoitteet sek\u00e4 mink\u00e4 tyyppinen rajapinta on. Yleisimmin k\u00e4ytetyt rajapintatyypit: WMS = Web Map Service. T\u00e4t\u00e4 rajapintatyyppi\u00e4 k\u00e4ytet\u00e4\u00e4n rasteriaineistoille. WFS = Web Feature Service. K\u00e4ytet\u00e4\u00e4n vektoriaineistoille. WMTS = Web Map Tiled Service. K\u00e4ytet\u00e4\u00e4n rasteriaineistoille. Harvinaisempi &hellip; <\/p>\n<p class=\"link-more\"><a href=\"https:\/\/blog.edu.turku.fi\/karttanyt\/artikkelit\/tietoa-rajapinnoista\/\" class=\"more-link\">Jatka lukemista<span class=\"screen-reader-text\"> &#8221;Tietoa rajapinnoista&#8221;<\/span><\/a><\/p>\n","protected":false},"author":1206,"featured_media":0,"parent":726,"menu_order":0,"comment_status":"closed","ping_status":"closed","template":"","meta":{"footnotes":""},"class_list":["post-1239","page","type-page","status-publish","hentry","entry"],"_links":{"self":[{"href":"https:\/\/blog.edu.turku.fi\/karttanyt\/wp-json\/wp\/v2\/pages\/1239","targetHints":{"allow":["GET"]}}],"collection":[{"href":"https:\/\/blog.edu.turku.fi\/karttanyt\/wp-json\/wp\/v2\/pages"}],"about":[{"href":"https:\/\/blog.edu.turku.fi\/karttanyt\/wp-json\/wp\/v2\/types\/page"}],"author":[{"embeddable":true,"href":"https:\/\/blog.edu.turku.fi\/karttanyt\/wp-json\/wp\/v2\/users\/1206"}],"replies":[{"embeddable":true,"href":"https:\/\/blog.edu.turku.fi\/karttanyt\/wp-json\/wp\/v2\/comments?post=1239"}],"version-history":[{"count":1,"href":"https:\/\/blog.edu.turku.fi\/karttanyt\/wp-json\/wp\/v2\/pages\/1239\/revisions"}],"predecessor-version":[{"id":1240,"href":"https:\/\/blog.edu.turku.fi\/karttanyt\/wp-json\/wp\/v2\/pages\/1239\/revisions\/1240"}],"up":[{"embeddable":true,"href":"https:\/\/blog.edu.turku.fi\/karttanyt\/wp-json\/wp\/v2\/pages\/726"}],"wp:attachment":[{"href":"https:\/\/blog.edu.turku.fi\/karttanyt\/wp-json\/wp\/v2\/media?parent=1239"}],"curies":[{"name":"wp","href":"https:\/\/api.w.org\/{rel}","templated":true}]}}