{"id":1212,"date":"2020-09-04T10:41:19","date_gmt":"2020-09-04T07:41:19","guid":{"rendered":"https:\/\/blog.edu.turku.fi\/karttanyt\/?page_id=1212"},"modified":"2022-11-11T09:58:18","modified_gmt":"2022-11-11T07:58:18","slug":"yleista","status":"publish","type":"page","link":"https:\/\/blog.edu.turku.fi\/karttanyt\/mapathon\/yleista\/","title":{"rendered":"Yleist\u00e4"},"content":{"rendered":"<p>Mapathon on kartoitustapahtuma, jossa kartoitetaan joukkoistetusti objekteja karttaan satelliittikuvasta.<\/p>\n<p>Mapathonien aiheet voivat vaihdella, ja kartoituksessa voidaan keskitty\u00e4 esimerkiksi l\u00e4hialueen kartoittamiseen tai humanit\u00e4\u00e4riseen kartoitukseen.<\/p>\n<p>T\u00e4m\u00e4n Mapathon-mallin tapahtumat keskittyv\u00e4t humanit\u00e4\u00e4risen avun kartoitusprojekteihin Humanitarian OpenStreetMapin kautta.<\/p>\n<p><img loading=\"lazy\" decoding=\"async\" class=\"size-full wp-image-1252 aligncenter\" src=\"https:\/\/blog.edu.turku.fi\/karttanyt\/files\/2020\/09\/teemoja.jpg\" alt=\"\" width=\"1024\" height=\"576\" srcset=\"https:\/\/blog.edu.turku.fi\/karttanyt\/files\/2020\/09\/teemoja.jpg 1024w, https:\/\/blog.edu.turku.fi\/karttanyt\/files\/2020\/09\/teemoja-300x169.jpg 300w\" sizes=\"auto, (max-width: 1024px) 100vw, 1024px\" \/><\/p>\n<p>Erilaisia Mapathon -tapahtumia on j\u00e4rjestetty niin lukiokursseilla kuin isompinakin useiden lukioiden kartoitustapahtumina.<\/p>\n<figure id=\"attachment_1397\" aria-describedby=\"caption-attachment-1397\" style=\"width: 727px\" class=\"wp-caption alignnone\"><img loading=\"lazy\" decoding=\"async\" class=\"wp-image-1397 size-full\" src=\"https:\/\/blog.edu.turku.fi\/karttanyt\/files\/2020\/11\/mapathon.jpg\" alt=\"\" width=\"727\" height=\"372\" srcset=\"https:\/\/blog.edu.turku.fi\/karttanyt\/files\/2020\/11\/mapathon.jpg 727w, https:\/\/blog.edu.turku.fi\/karttanyt\/files\/2020\/11\/mapathon-300x154.jpg 300w\" sizes=\"auto, (max-width: 727px) 100vw, 727px\" \/><figcaption id=\"caption-attachment-1397\" class=\"wp-caption-text\"><em>Mapathon Turun Suomalaisen Yhteiskoulun lukiossa 2019.<\/em><\/figcaption><\/figure>\n<p><a href=\"https:\/\/www.youtube.com\/watch?v=Dm5R4yjKKeg\">Kurkistus Turun lukioiden Mapathoniin<\/a><\/p>\n<div id=\"accordion-1\" class=\"accordion no-js\"><\/p>\n<p>\n\t\t\t\t\t<h3 role=\"button\" id=\"accordion-1-t1\" class=\"accordion-title js-accordion-controller\" aria-controls=\"accordion-1-c1\" aria-expanded=\"false\" tabindex=\"0\" data-initialstate=\"closed\">\n\t\t\t\tOpenStreetMap ja Humanitarian OpenStreetMap Team\t\t\t<\/h3>\n\t\t\n\t\t<div id=\"accordion-1-c1\" class=\"accordion-content\" aria-hidden=\"true\">\n\t\t\t<\/p>\n<p>&nbsp;<\/p>\n<h4>OpenStreetMap (OSM)<\/h4>\n<ul>\n<li>Avoin karttapalvelu ja yhteisty\u00f6projekti vapaasti k\u00e4ytett\u00e4vien ja muokattavien karttojen luomiseksi<\/li>\n<li>T\u00e4ysin k\u00e4ytt\u00e4jien yll\u00e4pit\u00e4m\u00e4\u00e4n paikkatietoa<\/li>\n<li>Avoin lisenssi! Karttoja saa k\u00e4ytt\u00e4\u00e4 vapaasti kunhan mainitsee l\u00e4hteen asianmukaisesti<\/li>\n<\/ul>\n<p><a href=\"https:\/\/www.openstreetmap.org\/about\">Lis\u00e4tietoja t\u00e4\u00e4lt\u00e4<\/a><\/p>\n<h4>Humanitarian OpenStreetMap Team<\/h4>\n<ul>\n<li>Tiimi jonka p\u00e4\u00e4m\u00e4\u00e4r\u00e4n\u00e4 on kartoittaa humanit\u00e4\u00e4risen avun tarpeessa olevia alueita<\/li>\n<li>Kartoitukset tehd\u00e4\u00e4n HOT Tasking Managerin kautta OSM-karttaan<\/li>\n<\/ul>\n<p><a href=\"https:\/\/www.hotosm.org\/\">Lis\u00e4tietoja t\u00e4\u00e4lt\u00e4<\/a><\/p>\n<p>\t\t<\/div>\n\n\t\t<\/p>\n<p><\/div>\n<div id=\"accordion-2\" class=\"accordion no-js\"><\/p>\n<p>\n\t\t\t\t\t<h3 role=\"button\" id=\"accordion-2-t1\" class=\"accordion-title js-accordion-controller\" aria-controls=\"accordion-2-c1\" aria-expanded=\"false\" tabindex=\"0\" data-initialstate=\"closed\">\n\t\t\t\tMiten p\u00e4\u00e4sen alkuun?\t\t\t<\/h3>\n\t\t\n\t\t<div id=\"accordion-2-c1\" class=\"accordion-content\" aria-hidden=\"true\">\n\t\t\t<\/p>\n<p><img loading=\"lazy\" decoding=\"async\" class=\"alignnone size-full wp-image-1384\" src=\"https:\/\/blog.edu.turku.fi\/karttanyt\/files\/2020\/11\/Opettajalle-2.jpg\" alt=\"\" width=\"1024\" height=\"383\" srcset=\"https:\/\/blog.edu.turku.fi\/karttanyt\/files\/2020\/11\/Opettajalle-2.jpg 1024w, https:\/\/blog.edu.turku.fi\/karttanyt\/files\/2020\/11\/Opettajalle-2-300x112.jpg 300w\" sizes=\"auto, (max-width: 1024px) 100vw, 1024px\" \/><\/p>\n<p>\t\t<\/div>\n\n\t\t<\/p>\n<p><\/div>\n<div id=\"accordion-3\" class=\"accordion no-js\"><\/p>\n<p>\n\t\t\t\t\t<h3 role=\"button\" id=\"accordion-3-t1\" class=\"accordion-title js-accordion-controller\" aria-controls=\"accordion-3-c1\" aria-expanded=\"false\" tabindex=\"0\" data-initialstate=\"closed\">\n\t\t\t\tYhteystietoja\t\t\t<\/h3>\n\t\t\n\t\t<div id=\"accordion-3-c1\" class=\"accordion-content\" aria-hidden=\"true\">\n\t\t\t<\/p>\n<p><strong>Mapathonien j\u00e4rjest\u00e4misen tiedustelu ja lis\u00e4tiedot:<\/strong><\/p>\n<p><a href=\"mailto:turku@egea.eu\">turku@egea.eu<\/a><\/p>\n<p>\t\t<\/div>\n\n\t\t<\/p>\n<p><\/div>\n<p><img loading=\"lazy\" decoding=\"async\" class=\"wp-image-1451 aligncenter\" src=\"https:\/\/blog.edu.turku.fi\/karttanyt\/files\/2021\/01\/MAPATHON4.png\" alt=\"\" width=\"244\" height=\"244\" srcset=\"https:\/\/blog.edu.turku.fi\/karttanyt\/files\/2021\/01\/MAPATHON4.png 1500w, https:\/\/blog.edu.turku.fi\/karttanyt\/files\/2021\/01\/MAPATHON4-150x150.png 150w, https:\/\/blog.edu.turku.fi\/karttanyt\/files\/2021\/01\/MAPATHON4-300x300.png 300w, https:\/\/blog.edu.turku.fi\/karttanyt\/files\/2021\/01\/MAPATHON4-1024x1024.png 1024w\" sizes=\"auto, (max-width: 244px) 100vw, 244px\" \/><\/p>\n","protected":false},"excerpt":{"rendered":"<p>Mapathon on kartoitustapahtuma, jossa kartoitetaan joukkoistetusti objekteja karttaan satelliittikuvasta. Mapathonien aiheet voivat vaihdella, ja kartoituksessa voidaan keskitty\u00e4 esimerkiksi l\u00e4hialueen kartoittamiseen tai humanit\u00e4\u00e4riseen kartoitukseen. T\u00e4m\u00e4n Mapathon-mallin tapahtumat keskittyv\u00e4t humanit\u00e4\u00e4risen avun kartoitusprojekteihin Humanitarian OpenStreetMapin kautta. Erilaisia Mapathon -tapahtumia on j\u00e4rjestetty niin lukiokursseilla kuin isompinakin useiden lukioiden kartoitustapahtumina. Kurkistus Turun lukioiden Mapathoniin<\/p>\n","protected":false},"author":1206,"featured_media":0,"parent":1208,"menu_order":0,"comment_status":"closed","ping_status":"closed","template":"","meta":{"footnotes":""},"class_list":["post-1212","page","type-page","status-publish","hentry","entry"],"_links":{"self":[{"href":"https:\/\/blog.edu.turku.fi\/karttanyt\/wp-json\/wp\/v2\/pages\/1212","targetHints":{"allow":["GET"]}}],"collection":[{"href":"https:\/\/blog.edu.turku.fi\/karttanyt\/wp-json\/wp\/v2\/pages"}],"about":[{"href":"https:\/\/blog.edu.turku.fi\/karttanyt\/wp-json\/wp\/v2\/types\/page"}],"author":[{"embeddable":true,"href":"https:\/\/blog.edu.turku.fi\/karttanyt\/wp-json\/wp\/v2\/users\/1206"}],"replies":[{"embeddable":true,"href":"https:\/\/blog.edu.turku.fi\/karttanyt\/wp-json\/wp\/v2\/comments?post=1212"}],"version-history":[{"count":16,"href":"https:\/\/blog.edu.turku.fi\/karttanyt\/wp-json\/wp\/v2\/pages\/1212\/revisions"}],"predecessor-version":[{"id":1878,"href":"https:\/\/blog.edu.turku.fi\/karttanyt\/wp-json\/wp\/v2\/pages\/1212\/revisions\/1878"}],"up":[{"embeddable":true,"href":"https:\/\/blog.edu.turku.fi\/karttanyt\/wp-json\/wp\/v2\/pages\/1208"}],"wp:attachment":[{"href":"https:\/\/blog.edu.turku.fi\/karttanyt\/wp-json\/wp\/v2\/media?parent=1212"}],"curies":[{"name":"wp","href":"https:\/\/api.w.org\/{rel}","templated":true}]}}