{"id":1208,"date":"2020-09-04T10:22:06","date_gmt":"2020-09-04T07:22:06","guid":{"rendered":"https:\/\/blog.edu.turku.fi\/karttanyt\/?page_id=1208"},"modified":"2022-11-11T09:50:48","modified_gmt":"2022-11-11T07:50:48","slug":"mapathon","status":"publish","type":"page","link":"https:\/\/blog.edu.turku.fi\/karttanyt\/mapathon\/","title":{"rendered":"Mapathon"},"content":{"rendered":"<h1 style=\"text-align: center\">TERVETULOA MAPATHONIEN MAAILMAAN!<\/h1>\n<p style=\"text-align: center\"><em>Lukion maantieteen opinnot ovat muovautuneet kohti ilmi\u00f6oppimista ja laajojen kokonaisuuksien ymm\u00e4rt\u00e4mist\u00e4 globaalissa mittakaavassa. Uuden opetussuunnitelman keskeisi\u00e4 teemoja ovat ajankohtaisten tapahtumien seuraaminen, muuttuva maailma ja sen alueelliset ongelmat ja kehitys sek\u00e4 riskien hallinta ja niihin varautuminen. Teemoja k\u00e4sitell\u00e4\u00e4n lukion oppim\u00e4\u00e4r\u00e4ss\u00e4 laajasti luonnon ja ihmiskunnan n\u00e4k\u00f6kulmasta, sek\u00e4 syvennet\u00e4\u00e4n opittua k\u00e4ytt\u00e4m\u00e4ll\u00e4 maantieteelle tyypillisi\u00e4 menetelmi\u00e4 osana pienimuotoista tutkielmaa.<\/em><\/p>\n<p style=\"text-align: center\">Mapathonin sivuilta l\u00f6yd\u00e4t ohjeita lukio-yliopisto -yhteisty\u00f6n aloittamiseen sek\u00e4 ohjeita ja opetusmateriaalia opetukseen.<\/p>\n<h1 style=\"text-align: center\">Mapathon konseptin kehitt\u00e4minen lukioiden ja yliopistojen yhteisty\u00f6n v\u00e4lineeksi:<\/h1>\n<p>Korkeakoulujen ja lukioiden v\u00e4lisell\u00e4 yhteisty\u00f6ll\u00e4 on paljon potentiaalia kehitty\u00e4 ja vahvistua. Lukiokoulutus ja korkeakoulujen valintaperusteet ovat olleet viime vuosina suuressa muutoksessa, ja se luo edellytyksi\u00e4 sek\u00e4 mielekk\u00e4\u00e4n pohjan kehitt\u00e4\u00e4 toisen ja kolmannen asteen koulutusalojen yhteisty\u00f6t\u00e4.<\/p>\n<p>P\u00e4\u00e4llimm\u00e4isen\u00e4 ideana projektissa on kehitt\u00e4\u00e4 yhteisty\u00f6malli, jossa Mapathon -tapahtumat olisivat saatavilla kaikissa Suomen lukioissa. Ne tarjoaisivat kaikille kiinnostuneille maantieteen opiskelijoille mahdollisuuden j\u00e4rjest\u00e4\u00e4 tapahtumia osana lukion maantieteen kursseja. Tapahtumat j\u00e4rjestet\u00e4\u00e4n sill\u00e4 periaatteella, ett\u00e4 kaikki osapuolet hy\u00f6tyv\u00e4t, mutta eiv\u00e4t aiheuta osapuolille kustannuksia. Maantieteen opiskelijat voivat sis\u00e4llytt\u00e4\u00e4 Mapathon -tapahtuman j\u00e4rjest\u00e4misen osaksi opintojaan, ja lukiot saavat tapahtumaan liittyv\u00e4t materiaalit, ohjauksen ja kartoitusprojektin osaksi kurssia t\u00e4ysin opiskelijoiden tarjoamana.<\/p>\n<p>Projektin tavoitteena on lis\u00e4t\u00e4 yliopistojen ja lukioiden v\u00e4list\u00e4 yhteisty\u00f6t\u00e4 maantieteess\u00e4, ja mahdollistaa kollektiivisia osallistamis- ja vaikuttamisprojekteja kaikkialla Suomessa. Mapathon -tapahtumia on j\u00e4rjestetty yliopisto-opiskelijoiden ja lukioiden yhteisty\u00f6n\u00e4 Turussa ja Salossa, ja opiskelijoiden palaute tapahtumista on ollut positiivista. Opiskelijat kokevat Mapathonit motivoivina ja kokevat p\u00e4\u00e4sev\u00e4ns\u00e4 antamaan konkreettista apua ja samalla syvent\u00e4m\u00e4\u00e4n kursseilla opittua teoriaa.<\/p>\n<p>Projektin yhteydess\u00e4 tuotetaan Mapathonien j\u00e4rjest\u00e4mist\u00e4 tukevaa materiaalia. Materiaalipankki sis\u00e4lt\u00e4\u00e4 ohjeita sek\u00e4 lukiolaisille, lukion opettajille, ett\u00e4 yliopisto-opiskelijoille. Tarjolla on yksityiskohtaiset ohjeet tapahtuman j\u00e4rjest\u00e4miseen ja kaukokartoitusohjelmiston k\u00e4ytt\u00f6\u00f6n, erilaisia videoita, jotka helpottavat kartoitusprojektin aloittamista, sek\u00e4 tukimonisteita, joiden avulla on mahdollista reflektoida ja syvent\u00e4\u00e4 projektista saatuja oppeja. Materiaalipankki siirret\u00e4\u00e4n alustalle, josta materiaalit ovat helposti saatavilla Mapathonin j\u00e4rjest\u00e4misest\u00e4 kiinnostuneille.<\/p>\n<p><img loading=\"lazy\" decoding=\"async\" class=\"size-large wp-image-1250 aligncenter\" src=\"https:\/\/blog.edu.turku.fi\/karttanyt\/files\/2020\/09\/Lyh.ohjeet-2-1024x323.jpg\" alt=\"\" width=\"1024\" height=\"323\" srcset=\"https:\/\/blog.edu.turku.fi\/karttanyt\/files\/2020\/09\/Lyh.ohjeet-2.jpg 1024w, https:\/\/blog.edu.turku.fi\/karttanyt\/files\/2020\/09\/Lyh.ohjeet-2-300x95.jpg 300w\" sizes=\"auto, (max-width: 1024px) 100vw, 1024px\" \/><\/p>\n<p>&nbsp;<\/p>\n<h3>Mapathonmallia esittelev\u00e4n seminaarin 27.1.2021 aineistot<\/h3>\n<p>Lataa <a href=\"https:\/\/blog.edu.turku.fi\/karttanyt\/files\/2020\/11\/Mapathon_seminaari_27.1.2020-kopio.pdf\">mapathon-seminaarin pdf t\u00e4st\u00e4<\/a><\/p>\n<p>Lataa <a href=\"https:\/\/blog.edu.turku.fi\/karttanyt\/files\/2020\/11\/Mapathonseminaari_27.1.2020.pptx\">mapathon-seminaarin power point -tiedosto t\u00e4st\u00e4<\/a><\/p>\n<p>Katso webinaari<a href=\"https:\/\/youtu.be\/qgKaW_Aj0PA\"> tallenteena You Tubesta<\/a><\/p>\n<p><a href=\"https:\/\/blog.edu.turku.fi\/karttanyt\/mapathon\/\">Lue lis\u00e4\u00e4 mapathonista Kartta.nytin sivuilta<\/a><\/p>\n<h3><\/h3>\n<h3>Aiheeseen liittyv\u00e4\u00e4 my\u00f6s \u00e4\u00e4ll\u00e4:<\/h3>\n<pre><span style=\"font-family: 'Arial',sans-serif;color: black\">Digicampus sivusto: <a href=\"https:\/\/digicampus.fi\/course\/view.php?id=1394\">https:\/\/digicamp<\/a><\/span><span style=\"font-family: 'Arial',sans-serif;color: black\"><a href=\"https:\/\/digicampus.fi\/course\/view.php?id=1394\">us.fi\/course\/view.php?id=1394<\/a><\/span>\r\n\r\n<span style=\"font-family: 'Arial',sans-serif;color: black\">Esittelyvideo TSYK:in mapathonista: <a href=\"https:\/\/www.youtube.com\/watch?v=Dm5R4yjKKeg\">https:\/\/www.youtube.com\/watch?v=Dm5R4yjKKeg<\/a><\/span>\r\n\r\n<span style=\"font-family: 'Arial',sans-serif;color: black\">Humanitarian OpenStreetMap Team: <a href=\"https:\/\/www.hotosm.org\/\">https:\/\/www.hotosm.org\/<\/a>\r\nOpenStreetMap: <a href=\"https:\/\/www.openstreetmap.org\/\">https:\/\/www.openstreetmap.org\/<\/a><\/span>\r\n\r\n<span style=\"font-family: 'Arial',sans-serif;color: black\">Egea Turku: <a href=\"https:\/\/egeaturkublog.wordpress.com\">https:\/\/egeaturkublog.wordpress.com<\/a><\/span><\/pre>\n<p>&nbsp;<\/p>\n","protected":false},"excerpt":{"rendered":"<p>TERVETULOA MAPATHONIEN MAAILMAAN! Lukion maantieteen opinnot ovat muovautuneet kohti ilmi\u00f6oppimista ja laajojen kokonaisuuksien ymm\u00e4rt\u00e4mist\u00e4 globaalissa mittakaavassa. Uuden opetussuunnitelman keskeisi\u00e4 teemoja ovat ajankohtaisten tapahtumien seuraaminen, muuttuva maailma ja sen alueelliset ongelmat ja kehitys sek\u00e4 riskien hallinta ja niihin varautuminen. Teemoja k\u00e4sitell\u00e4\u00e4n lukion oppim\u00e4\u00e4r\u00e4ss\u00e4 laajasti luonnon ja ihmiskunnan n\u00e4k\u00f6kulmasta, sek\u00e4 syvennet\u00e4\u00e4n opittua k\u00e4ytt\u00e4m\u00e4ll\u00e4 maantieteelle tyypillisi\u00e4 menetelmi\u00e4 osana &hellip; <\/p>\n<p class=\"link-more\"><a href=\"https:\/\/blog.edu.turku.fi\/karttanyt\/mapathon\/\" class=\"more-link\">Jatka lukemista<span class=\"screen-reader-text\"> &#8221;Mapathon&#8221;<\/span><\/a><\/p>\n","protected":false},"author":1206,"featured_media":0,"parent":0,"menu_order":7,"comment_status":"closed","ping_status":"closed","template":"","meta":{"footnotes":""},"class_list":["post-1208","page","type-page","status-publish","hentry","entry"],"_links":{"self":[{"href":"https:\/\/blog.edu.turku.fi\/karttanyt\/wp-json\/wp\/v2\/pages\/1208","targetHints":{"allow":["GET"]}}],"collection":[{"href":"https:\/\/blog.edu.turku.fi\/karttanyt\/wp-json\/wp\/v2\/pages"}],"about":[{"href":"https:\/\/blog.edu.turku.fi\/karttanyt\/wp-json\/wp\/v2\/types\/page"}],"author":[{"embeddable":true,"href":"https:\/\/blog.edu.turku.fi\/karttanyt\/wp-json\/wp\/v2\/users\/1206"}],"replies":[{"embeddable":true,"href":"https:\/\/blog.edu.turku.fi\/karttanyt\/wp-json\/wp\/v2\/comments?post=1208"}],"version-history":[{"count":12,"href":"https:\/\/blog.edu.turku.fi\/karttanyt\/wp-json\/wp\/v2\/pages\/1208\/revisions"}],"predecessor-version":[{"id":1874,"href":"https:\/\/blog.edu.turku.fi\/karttanyt\/wp-json\/wp\/v2\/pages\/1208\/revisions\/1874"}],"wp:attachment":[{"href":"https:\/\/blog.edu.turku.fi\/karttanyt\/wp-json\/wp\/v2\/media?parent=1208"}],"curies":[{"name":"wp","href":"https:\/\/api.w.org\/{rel}","templated":true}]}}