{"id":407,"date":"2015-11-03T11:58:46","date_gmt":"2015-11-03T09:58:46","guid":{"rendered":"https:\/\/blog.edu.turku.fi\/karsamaki\/?page_id=407"},"modified":"2024-08-27T10:41:08","modified_gmt":"2024-08-27T07:41:08","slug":"vanhempainyhdistys","status":"publish","type":"page","link":"https:\/\/blog.edu.turku.fi\/karsamaki\/vanhempainyhdistys\/","title":{"rendered":"Vanhempainyhdistys"},"content":{"rendered":"<p><strong>Turun Lyseon koulun Pallivahan yksik\u00f6n vanhempainyhdistys<\/strong><\/p>\n<p><strong>Yhdistyksen toiminta<\/strong><\/p>\n<p>Turun Lyseon koulun Pallivahan yksik\u00f6n vanhempainyhdistys on perustettu vuonna 2002 edist\u00e4m\u00e4\u00e4n kodin ja koulun v\u00e4list\u00e4 yhteisty\u00f6t\u00e4. Vuoden 2013 alusta alkaen yhdistys laajeni koko sen aikaisen K\u00e4rs\u00e4m\u00e4en koulun alueelle, joten sen toimintaan ovat l\u00e4mpim\u00e4sti tervetulleita kaikki Pallivahan yksik\u00f6n oppilaiden huoltajat.<\/p>\n<p>Vanhempainyhdistys j\u00e4rjest\u00e4\u00e4 mukavia yhteisi\u00e4 tapahtumia, my\u00f6nt\u00e4\u00e4 oppilaille stipendej\u00e4 sek\u00e4 tukee taloudellisesti oppilaiden retki\u00e4 ja v\u00e4linehankintoja. Vanhempainyhdistys tukee koulua sen arjessa l\u00e4heisess\u00e4 yhteisty\u00f6ss\u00e4 koulun henkil\u00f6kunnan kanssa.<\/p>\n<p>L\u00f6yd\u00e4t vanhempainyhdistyksen my\u00f6s <a href=\"https:\/\/www.facebook.com\/K%C3%A4rs%C3%A4m%C3%A4en-koulun-vanhempainyhdistys-Turku-ry-1824022694536246\/?fref=ts\">Facebookista<\/a>.<\/p>\n<h3><span style=\"font-size: small\">Puheenjohtaja Sanna Pukkala<br \/>\n040-528 0564<br \/>\n<\/span><span style=\"font-size: small\">sanna.pukkala@gmail.com<\/span><\/h3>\n","protected":false},"excerpt":{"rendered":"<p>Turun Lyseon koulun Pallivahan yksik\u00f6n vanhempainyhdistys Yhdistyksen toiminta Turun Lyseon koulun Pallivahan yksik\u00f6n vanhempainyhdistys on perustettu vuonna 2002 edist\u00e4m\u00e4\u00e4n kodin ja koulun v\u00e4list\u00e4 yhteisty\u00f6t\u00e4. Vuoden 2013 alusta alkaen yhdistys laajeni koko sen aikaisen K\u00e4rs\u00e4m\u00e4en koulun alueelle, joten sen toimintaan ovat l\u00e4mpim\u00e4sti tervetulleita kaikki Pallivahan yksik\u00f6n oppilaiden huoltajat. Vanhempainyhdistys j\u00e4rjest\u00e4\u00e4 mukavia yhteisi\u00e4 tapahtumia, my\u00f6nt\u00e4\u00e4 oppilaille stipendej\u00e4 &hellip; <a href=\"https:\/\/blog.edu.turku.fi\/karsamaki\/vanhempainyhdistys\/\" class=\"more-link\">Jatka lukemista<span class=\"screen-reader-text\"> &#8221;Vanhempainyhdistys&#8221;<\/span><\/a><\/p>\n","protected":false},"author":149,"featured_media":0,"parent":0,"menu_order":0,"comment_status":"closed","ping_status":"closed","template":"","meta":{"footnotes":""},"class_list":["post-407","page","type-page","status-publish","hentry"],"_links":{"self":[{"href":"https:\/\/blog.edu.turku.fi\/karsamaki\/wp-json\/wp\/v2\/pages\/407","targetHints":{"allow":["GET"]}}],"collection":[{"href":"https:\/\/blog.edu.turku.fi\/karsamaki\/wp-json\/wp\/v2\/pages"}],"about":[{"href":"https:\/\/blog.edu.turku.fi\/karsamaki\/wp-json\/wp\/v2\/types\/page"}],"author":[{"embeddable":true,"href":"https:\/\/blog.edu.turku.fi\/karsamaki\/wp-json\/wp\/v2\/users\/149"}],"replies":[{"embeddable":true,"href":"https:\/\/blog.edu.turku.fi\/karsamaki\/wp-json\/wp\/v2\/comments?post=407"}],"version-history":[{"count":9,"href":"https:\/\/blog.edu.turku.fi\/karsamaki\/wp-json\/wp\/v2\/pages\/407\/revisions"}],"predecessor-version":[{"id":829,"href":"https:\/\/blog.edu.turku.fi\/karsamaki\/wp-json\/wp\/v2\/pages\/407\/revisions\/829"}],"wp:attachment":[{"href":"https:\/\/blog.edu.turku.fi\/karsamaki\/wp-json\/wp\/v2\/media?parent=407"}],"curies":[{"name":"wp","href":"https:\/\/api.w.org\/{rel}","templated":true}]}}