{"id":276,"date":"2013-06-11T09:45:24","date_gmt":"2013-06-11T06:45:24","guid":{"rendered":"https:\/\/blog.edu.turku.fi\/karsamaki\/?page_id=276"},"modified":"2024-08-27T10:44:55","modified_gmt":"2024-08-27T07:44:55","slug":"lomakkeet-2","status":"publish","type":"page","link":"https:\/\/blog.edu.turku.fi\/karsamaki\/lomakkeet-2\/","title":{"rendered":"Loma-anomus"},"content":{"rendered":"<p>Loma-anomus tehd\u00e4\u00e4n Wilman kautta; k\u00e4nnyk\u00e4n Wilma-sovelluksen kautta loma-anomusta ei kuitenkaan pysty tekem\u00e4\u00e4n. Huoltaja valitsee Wilmassa &#8221;Hakemukset ja p\u00e4\u00e4t\u00f6kset&#8221; -otsikon ja t\u00e4m\u00e4n j\u00e4lkeen &#8221;Tee uusi hakemus&#8221;.<\/p>\n<p>&nbsp;<\/p>\n","protected":false},"excerpt":{"rendered":"<p>Loma-anomus tehd\u00e4\u00e4n Wilman kautta; k\u00e4nnyk\u00e4n Wilma-sovelluksen kautta loma-anomusta ei kuitenkaan pysty tekem\u00e4\u00e4n. Huoltaja valitsee Wilmassa &#8221;Hakemukset ja p\u00e4\u00e4t\u00f6kset&#8221; -otsikon ja t\u00e4m\u00e4n j\u00e4lkeen &#8221;Tee uusi hakemus&#8221;. &nbsp;<\/p>\n","protected":false},"author":909,"featured_media":0,"parent":0,"menu_order":0,"comment_status":"closed","ping_status":"closed","template":"","meta":{"footnotes":""},"class_list":["post-276","page","type-page","status-publish","hentry"],"_links":{"self":[{"href":"https:\/\/blog.edu.turku.fi\/karsamaki\/wp-json\/wp\/v2\/pages\/276","targetHints":{"allow":["GET"]}}],"collection":[{"href":"https:\/\/blog.edu.turku.fi\/karsamaki\/wp-json\/wp\/v2\/pages"}],"about":[{"href":"https:\/\/blog.edu.turku.fi\/karsamaki\/wp-json\/wp\/v2\/types\/page"}],"author":[{"embeddable":true,"href":"https:\/\/blog.edu.turku.fi\/karsamaki\/wp-json\/wp\/v2\/users\/909"}],"replies":[{"embeddable":true,"href":"https:\/\/blog.edu.turku.fi\/karsamaki\/wp-json\/wp\/v2\/comments?post=276"}],"version-history":[{"count":13,"href":"https:\/\/blog.edu.turku.fi\/karsamaki\/wp-json\/wp\/v2\/pages\/276\/revisions"}],"predecessor-version":[{"id":831,"href":"https:\/\/blog.edu.turku.fi\/karsamaki\/wp-json\/wp\/v2\/pages\/276\/revisions\/831"}],"wp:attachment":[{"href":"https:\/\/blog.edu.turku.fi\/karsamaki\/wp-json\/wp\/v2\/media?parent=276"}],"curies":[{"name":"wp","href":"https:\/\/api.w.org\/{rel}","templated":true}]}}