{"id":221,"date":"2012-10-16T17:08:48","date_gmt":"2012-10-16T14:08:48","guid":{"rendered":"https:\/\/blog.edu.turku.fi\/karsamaki\/?page_id=221"},"modified":"2023-08-23T14:59:12","modified_gmt":"2023-08-23T11:59:12","slug":"kodin-ja-koulun-yhteistyo","status":"publish","type":"page","link":"https:\/\/blog.edu.turku.fi\/karsamaki\/kodin-ja-koulun-yhteistyo\/","title":{"rendered":"Kodin ja koulun yhteisty\u00f6"},"content":{"rendered":"<p>Lukuvuoden aikana jokaisessa luokassa j\u00e4rjestet\u00e4\u00e4n ainakin yksi vanhempainilta. Lis\u00e4ksi opettajat pit\u00e4v\u00e4t henkil\u00f6kohtaisia vanhempainvartteja ja keskusteluja tarpeen mukaan.<\/p>\n<p>Yhteisty\u00f6elimen\u00e4 toimii vanhempainyhdistys.<\/p>\n<p>Toivomme kotien tukevan lasten koulunk\u00e4ynti\u00e4 huolehtimalla, ett\u00e4 koulunk\u00e4ynti on s\u00e4\u00e4nn\u00f6llist\u00e4 ja olemalla kiinnostuneita lasten oppimisesta. Mahdollisissa pieniss\u00e4kin ongelmatilanteissa pyyd\u00e4mme ottamaan kouluun reippaasti yhteytt\u00e4, jotta voimme pohtia asioita yhdess\u00e4 ja l\u00f6yt\u00e4\u00e4 niihin parhaan mahdollisen ratkaisun.<\/p>\n<p>Kaikissa p\u00e4ivitt\u00e4iseen kouluty\u00f6h\u00f6n liittyviss\u00e4 ongelmissa pyyd\u00e4mme huoltajia ottamaan yhteytt\u00e4 ensisijaisesti suoraan ja nopeasti lapsen omaan opettajaan.<\/p>\n","protected":false},"excerpt":{"rendered":"<p>Lukuvuoden aikana jokaisessa luokassa j\u00e4rjestet\u00e4\u00e4n ainakin yksi vanhempainilta. Lis\u00e4ksi opettajat pit\u00e4v\u00e4t henkil\u00f6kohtaisia vanhempainvartteja ja keskusteluja tarpeen mukaan. Yhteisty\u00f6elimen\u00e4 toimii vanhempainyhdistys. Toivomme kotien tukevan lasten koulunk\u00e4ynti\u00e4 huolehtimalla, ett\u00e4 koulunk\u00e4ynti on s\u00e4\u00e4nn\u00f6llist\u00e4 ja olemalla kiinnostuneita lasten oppimisesta. Mahdollisissa pieniss\u00e4kin ongelmatilanteissa pyyd\u00e4mme ottamaan kouluun reippaasti yhteytt\u00e4, jotta voimme pohtia asioita yhdess\u00e4 ja l\u00f6yt\u00e4\u00e4 niihin parhaan mahdollisen ratkaisun. Kaikissa &hellip; <a href=\"https:\/\/blog.edu.turku.fi\/karsamaki\/kodin-ja-koulun-yhteistyo\/\" class=\"more-link\">Jatka lukemista<span class=\"screen-reader-text\"> &#8221;Kodin ja koulun yhteisty\u00f6&#8221;<\/span><\/a><\/p>\n","protected":false},"author":148,"featured_media":0,"parent":0,"menu_order":0,"comment_status":"closed","ping_status":"closed","template":"","meta":{"footnotes":""},"class_list":["post-221","page","type-page","status-publish","hentry"],"_links":{"self":[{"href":"https:\/\/blog.edu.turku.fi\/karsamaki\/wp-json\/wp\/v2\/pages\/221","targetHints":{"allow":["GET"]}}],"collection":[{"href":"https:\/\/blog.edu.turku.fi\/karsamaki\/wp-json\/wp\/v2\/pages"}],"about":[{"href":"https:\/\/blog.edu.turku.fi\/karsamaki\/wp-json\/wp\/v2\/types\/page"}],"author":[{"embeddable":true,"href":"https:\/\/blog.edu.turku.fi\/karsamaki\/wp-json\/wp\/v2\/users\/148"}],"replies":[{"embeddable":true,"href":"https:\/\/blog.edu.turku.fi\/karsamaki\/wp-json\/wp\/v2\/comments?post=221"}],"version-history":[{"count":4,"href":"https:\/\/blog.edu.turku.fi\/karsamaki\/wp-json\/wp\/v2\/pages\/221\/revisions"}],"predecessor-version":[{"id":786,"href":"https:\/\/blog.edu.turku.fi\/karsamaki\/wp-json\/wp\/v2\/pages\/221\/revisions\/786"}],"wp:attachment":[{"href":"https:\/\/blog.edu.turku.fi\/karsamaki\/wp-json\/wp\/v2\/media?parent=221"}],"curies":[{"name":"wp","href":"https:\/\/api.w.org\/{rel}","templated":true}]}}