{"id":215,"date":"2012-10-16T17:05:46","date_gmt":"2012-10-16T14:05:46","guid":{"rendered":"https:\/\/blog.edu.turku.fi\/karsamaki\/?page_id=215"},"modified":"2023-08-23T15:09:57","modified_gmt":"2023-08-23T12:09:57","slug":"koulukuljetus","status":"publish","type":"page","link":"https:\/\/blog.edu.turku.fi\/karsamaki\/koulumatkat\/koulukuljetus\/","title":{"rendered":"Koulukuljetus"},"content":{"rendered":"<p>Koulukuljetusetuus my\u00f6nnet\u00e4\u00e4n hakemuksesta. Lis\u00e4tietoa l\u00f6ytyy osoitteesta:<\/p>\n<p><a href=\"https:\/\/www.turku.fi\/paivahoito-ja-koulutus\/perusopetus\/peruskoulut-ja-palvelut\/koulumatkat-ja-kuljetukset-0\">Koulukuljetusetuuden hakeminen | Turku.fi<\/a><\/p>\n<p>&nbsp;<\/p>\n<p>Koulukuljetuksissa k\u00e4ytet\u00e4\u00e4n p\u00e4\u00e4s\u00e4\u00e4nt\u00f6isesti Turun kaupungin joukkoliikenteen koululaiskorttia, joka ladataan paikallisliikenteen palvelutoimistossa, Eerikinkatu 10.<\/p>\n<p>P\u00e4\u00e4t\u00f6s koulukuljetuksen j\u00e4rjest\u00e4misest\u00e4 tehd\u00e4\u00e4n lukuvuodeksi kerrallaan.<\/p>\n<p>Mik\u00e4li kuljetusta ei my\u00f6nnet\u00e4, siit\u00e4 l\u00e4hetet\u00e4\u00e4n p\u00e4\u00e4t\u00f6s kotiin. P\u00e4\u00e4t\u00f6kseen voidaan hakea muutosta kirjallisella valituksella, joka osoitetaan Turun hallinto-oikeudelle. Oikaisuvaatimusohje on p\u00e4\u00e4t\u00f6ksen liitteen\u00e4. Oikaisuvaatimus on maksullinen.<\/p>\n","protected":false},"excerpt":{"rendered":"<p>Koulukuljetusetuus my\u00f6nnet\u00e4\u00e4n hakemuksesta. Lis\u00e4tietoa l\u00f6ytyy osoitteesta: Koulukuljetusetuuden hakeminen | Turku.fi &nbsp; Koulukuljetuksissa k\u00e4ytet\u00e4\u00e4n p\u00e4\u00e4s\u00e4\u00e4nt\u00f6isesti Turun kaupungin joukkoliikenteen koululaiskorttia, joka ladataan paikallisliikenteen palvelutoimistossa, Eerikinkatu 10. P\u00e4\u00e4t\u00f6s koulukuljetuksen j\u00e4rjest\u00e4misest\u00e4 tehd\u00e4\u00e4n lukuvuodeksi kerrallaan. Mik\u00e4li kuljetusta ei my\u00f6nnet\u00e4, siit\u00e4 l\u00e4hetet\u00e4\u00e4n p\u00e4\u00e4t\u00f6s kotiin. P\u00e4\u00e4t\u00f6kseen voidaan hakea muutosta kirjallisella valituksella, joka osoitetaan Turun hallinto-oikeudelle. Oikaisuvaatimusohje on p\u00e4\u00e4t\u00f6ksen liitteen\u00e4. Oikaisuvaatimus on maksullinen.<\/p>\n","protected":false},"author":148,"featured_media":0,"parent":209,"menu_order":0,"comment_status":"closed","ping_status":"closed","template":"","meta":{"footnotes":""},"class_list":["post-215","page","type-page","status-publish","hentry"],"_links":{"self":[{"href":"https:\/\/blog.edu.turku.fi\/karsamaki\/wp-json\/wp\/v2\/pages\/215","targetHints":{"allow":["GET"]}}],"collection":[{"href":"https:\/\/blog.edu.turku.fi\/karsamaki\/wp-json\/wp\/v2\/pages"}],"about":[{"href":"https:\/\/blog.edu.turku.fi\/karsamaki\/wp-json\/wp\/v2\/types\/page"}],"author":[{"embeddable":true,"href":"https:\/\/blog.edu.turku.fi\/karsamaki\/wp-json\/wp\/v2\/users\/148"}],"replies":[{"embeddable":true,"href":"https:\/\/blog.edu.turku.fi\/karsamaki\/wp-json\/wp\/v2\/comments?post=215"}],"version-history":[{"count":6,"href":"https:\/\/blog.edu.turku.fi\/karsamaki\/wp-json\/wp\/v2\/pages\/215\/revisions"}],"predecessor-version":[{"id":790,"href":"https:\/\/blog.edu.turku.fi\/karsamaki\/wp-json\/wp\/v2\/pages\/215\/revisions\/790"}],"up":[{"embeddable":true,"href":"https:\/\/blog.edu.turku.fi\/karsamaki\/wp-json\/wp\/v2\/pages\/209"}],"wp:attachment":[{"href":"https:\/\/blog.edu.turku.fi\/karsamaki\/wp-json\/wp\/v2\/media?parent=215"}],"curies":[{"name":"wp","href":"https:\/\/api.w.org\/{rel}","templated":true}]}}