{"id":212,"date":"2012-10-16T17:01:54","date_gmt":"2012-10-16T14:01:54","guid":{"rendered":"https:\/\/blog.edu.turku.fi\/karsamaki\/?page_id=212"},"modified":"2012-10-16T17:01:54","modified_gmt":"2012-10-16T14:01:54","slug":"linja-automatkat","status":"publish","type":"page","link":"https:\/\/blog.edu.turku.fi\/karsamaki\/koulumatkat\/linja-automatkat\/","title":{"rendered":"Linja-automatkat"},"content":{"rendered":"<p><strong>Joukkoliikennetoimistosta<\/strong> saa ostaa 30 p\u00e4iv\u00e4n <strong>koululaiskortteja<\/strong>. Niill\u00e4 voi matkustaa rajattomasti kortin voimassaoloaikana. Sen hankkimiseksi ei tarvita koulusta mit\u00e4\u00e4n todistusta. Koulumme oppilaat voivat k\u00e4ytt\u00e4\u00e4 koulumatkoihinsa koululaislinjaa nro 73. Linja-autossa matkustettaessa on noudatettava hyvi\u00e4 k\u00e4yt\u00f6stapoja ja linja-autolla liikkumisen turvallisuusohjeita.<\/p>\n","protected":false},"excerpt":{"rendered":"<p>Joukkoliikennetoimistosta saa ostaa 30 p\u00e4iv\u00e4n koululaiskortteja. Niill\u00e4 voi matkustaa rajattomasti kortin voimassaoloaikana. Sen hankkimiseksi ei tarvita koulusta mit\u00e4\u00e4n todistusta. Koulumme oppilaat voivat k\u00e4ytt\u00e4\u00e4 koulumatkoihinsa koululaislinjaa nro 73. Linja-autossa matkustettaessa on noudatettava hyvi\u00e4 k\u00e4yt\u00f6stapoja ja linja-autolla liikkumisen turvallisuusohjeita.<\/p>\n","protected":false},"author":148,"featured_media":0,"parent":209,"menu_order":0,"comment_status":"closed","ping_status":"closed","template":"","meta":{"footnotes":""},"class_list":["post-212","page","type-page","status-publish","hentry"],"_links":{"self":[{"href":"https:\/\/blog.edu.turku.fi\/karsamaki\/wp-json\/wp\/v2\/pages\/212","targetHints":{"allow":["GET"]}}],"collection":[{"href":"https:\/\/blog.edu.turku.fi\/karsamaki\/wp-json\/wp\/v2\/pages"}],"about":[{"href":"https:\/\/blog.edu.turku.fi\/karsamaki\/wp-json\/wp\/v2\/types\/page"}],"author":[{"embeddable":true,"href":"https:\/\/blog.edu.turku.fi\/karsamaki\/wp-json\/wp\/v2\/users\/148"}],"replies":[{"embeddable":true,"href":"https:\/\/blog.edu.turku.fi\/karsamaki\/wp-json\/wp\/v2\/comments?post=212"}],"version-history":[{"count":1,"href":"https:\/\/blog.edu.turku.fi\/karsamaki\/wp-json\/wp\/v2\/pages\/212\/revisions"}],"predecessor-version":[{"id":213,"href":"https:\/\/blog.edu.turku.fi\/karsamaki\/wp-json\/wp\/v2\/pages\/212\/revisions\/213"}],"up":[{"embeddable":true,"href":"https:\/\/blog.edu.turku.fi\/karsamaki\/wp-json\/wp\/v2\/pages\/209"}],"wp:attachment":[{"href":"https:\/\/blog.edu.turku.fi\/karsamaki\/wp-json\/wp\/v2\/media?parent=212"}],"curies":[{"name":"wp","href":"https:\/\/api.w.org\/{rel}","templated":true}]}}