{"id":209,"date":"2012-10-16T17:00:36","date_gmt":"2012-10-16T14:00:36","guid":{"rendered":"https:\/\/blog.edu.turku.fi\/karsamaki\/?page_id=209"},"modified":"2024-08-27T11:06:36","modified_gmt":"2024-08-27T08:06:36","slug":"koulumatkat","status":"publish","type":"page","link":"https:\/\/blog.edu.turku.fi\/karsamaki\/koulumatkat\/","title":{"rendered":"Koulumatkat"},"content":{"rendered":"<p><strong>Koulumatkat tulee suorittaa lyhint\u00e4 ja turvallisinta tiet\u00e4.<\/strong><\/p>\n<p>Mik\u00e4li huoltajat kuljettavat lapsiaan autolla koulumatkoilla, niin vaaratilanteiden v\u00e4ltt\u00e4miseksi <strong>koulun pihalle ajo on ehdottomasti kielletty<\/strong>.<\/p>\n<p>Lapset j\u00e4tet\u00e4\u00e4n Pallivahan yksik\u00f6ss\u00e4 Paltankadun varteen ja heit\u00e4 odotellaan samassa paikassa, ei koulun pihalla.<\/p>\n<p><strong>Kouluaikana (klo 8-15) on pys\u00e4k\u00f6inti sallittu koulun pihalla vain henkil\u00f6kunnalle tai luvalliselle huoltoajolle.<\/strong><\/p>\n","protected":false},"excerpt":{"rendered":"<p>Koulumatkat tulee suorittaa lyhint\u00e4 ja turvallisinta tiet\u00e4. Mik\u00e4li huoltajat kuljettavat lapsiaan autolla koulumatkoilla, niin vaaratilanteiden v\u00e4ltt\u00e4miseksi koulun pihalle ajo on ehdottomasti kielletty. Lapset j\u00e4tet\u00e4\u00e4n Pallivahan yksik\u00f6ss\u00e4 Paltankadun varteen ja heit\u00e4 odotellaan samassa paikassa, ei koulun pihalla. Kouluaikana (klo 8-15) on pys\u00e4k\u00f6inti sallittu koulun pihalla vain henkil\u00f6kunnalle tai luvalliselle huoltoajolle.<\/p>\n","protected":false},"author":148,"featured_media":0,"parent":0,"menu_order":0,"comment_status":"closed","ping_status":"closed","template":"","meta":{"footnotes":""},"class_list":["post-209","page","type-page","status-publish","hentry"],"_links":{"self":[{"href":"https:\/\/blog.edu.turku.fi\/karsamaki\/wp-json\/wp\/v2\/pages\/209","targetHints":{"allow":["GET"]}}],"collection":[{"href":"https:\/\/blog.edu.turku.fi\/karsamaki\/wp-json\/wp\/v2\/pages"}],"about":[{"href":"https:\/\/blog.edu.turku.fi\/karsamaki\/wp-json\/wp\/v2\/types\/page"}],"author":[{"embeddable":true,"href":"https:\/\/blog.edu.turku.fi\/karsamaki\/wp-json\/wp\/v2\/users\/148"}],"replies":[{"embeddable":true,"href":"https:\/\/blog.edu.turku.fi\/karsamaki\/wp-json\/wp\/v2\/comments?post=209"}],"version-history":[{"count":4,"href":"https:\/\/blog.edu.turku.fi\/karsamaki\/wp-json\/wp\/v2\/pages\/209\/revisions"}],"predecessor-version":[{"id":838,"href":"https:\/\/blog.edu.turku.fi\/karsamaki\/wp-json\/wp\/v2\/pages\/209\/revisions\/838"}],"wp:attachment":[{"href":"https:\/\/blog.edu.turku.fi\/karsamaki\/wp-json\/wp\/v2\/media?parent=209"}],"curies":[{"name":"wp","href":"https:\/\/api.w.org\/{rel}","templated":true}]}}