{"id":134,"date":"2012-10-15T14:37:20","date_gmt":"2012-10-15T11:37:20","guid":{"rendered":"https:\/\/blog.edu.turku.fi\/karsamaki\/?page_id=134"},"modified":"2024-10-30T11:36:42","modified_gmt":"2024-10-30T09:36:42","slug":"opetus","status":"publish","type":"page","link":"https:\/\/blog.edu.turku.fi\/karsamaki\/opetus\/","title":{"rendered":"Opetus"},"content":{"rendered":"<p>&nbsp;<\/p>\n<p><span data-olk-copy-source=\"MessageBody\">Turun suomenkielisen perusopetuksen oppilaaksiottoa uudistetaan ja nykyinen k\u00e4yt\u00e4nt\u00f6 muuttuu. Se tarkoittaa, ettei sinun tarvitse huoltajana ilmoittaa lastasi kouluun, vaan jokaiselle tulevalle ekaluokkalaiselle, vuonna 2018 syntyneelle turkulaislapselle tehd\u00e4\u00e4n l\u00e4hikoulup\u00e4\u00e4t\u00f6s osoitteen perusteella. L\u00e4hikoulu m\u00e4\u00e4r\u00e4ytyy v\u00e4est\u00f6rekisteriin merkityn virallisen asuinpaikan mukaan. P\u00e4\u00e4t\u00f6s lapsesi koulupaikasta on luettavissa Wilmassa 10.3.2025. Ohjeet Wilmaan kirjautumiseksi toimitetaan huoltajille 11.11.2024. Erikoisluokille haetaan Wilmassa 13.12. menness\u00e4.<\/span><\/p>\n<p>Koulussamme ja opetuksessa painotamme erityisesti hyv\u00e4\u00e4 k\u00e4yt\u00f6st\u00e4 ja opiskelutaitoja. Yhteis\u00f6llisyys, kaveritaidot ja empatiakyky ovat kantavia teemoja koulumme arjessa.<\/p>\n<p>T\u00e4n\u00e4 lukuvuonna koulussamme opiskelee n. 260 innokasta 1.-6. luokan lasta.<\/p>\n<p>Koulun kielivalikoimaan kuuluvat englanti, ruotsi (B1, A2), espanja (A2) ja ranska (A2).<\/p>\n","protected":false},"excerpt":{"rendered":"<p>&nbsp; Turun suomenkielisen perusopetuksen oppilaaksiottoa uudistetaan ja nykyinen k\u00e4yt\u00e4nt\u00f6 muuttuu. Se tarkoittaa, ettei sinun tarvitse huoltajana ilmoittaa lastasi kouluun, vaan jokaiselle tulevalle ekaluokkalaiselle, vuonna 2018 syntyneelle turkulaislapselle tehd\u00e4\u00e4n l\u00e4hikoulup\u00e4\u00e4t\u00f6s osoitteen perusteella. L\u00e4hikoulu m\u00e4\u00e4r\u00e4ytyy v\u00e4est\u00f6rekisteriin merkityn virallisen asuinpaikan mukaan. P\u00e4\u00e4t\u00f6s lapsesi koulupaikasta on luettavissa Wilmassa 10.3.2025. Ohjeet Wilmaan kirjautumiseksi toimitetaan huoltajille 11.11.2024. Erikoisluokille haetaan Wilmassa 13.12. &hellip; <a href=\"https:\/\/blog.edu.turku.fi\/karsamaki\/opetus\/\" class=\"more-link\">Jatka lukemista<span class=\"screen-reader-text\"> &#8221;Opetus&#8221;<\/span><\/a><\/p>\n","protected":false},"author":149,"featured_media":0,"parent":0,"menu_order":0,"comment_status":"closed","ping_status":"closed","template":"","meta":{"footnotes":""},"class_list":["post-134","page","type-page","status-publish","hentry"],"_links":{"self":[{"href":"https:\/\/blog.edu.turku.fi\/karsamaki\/wp-json\/wp\/v2\/pages\/134","targetHints":{"allow":["GET"]}}],"collection":[{"href":"https:\/\/blog.edu.turku.fi\/karsamaki\/wp-json\/wp\/v2\/pages"}],"about":[{"href":"https:\/\/blog.edu.turku.fi\/karsamaki\/wp-json\/wp\/v2\/types\/page"}],"author":[{"embeddable":true,"href":"https:\/\/blog.edu.turku.fi\/karsamaki\/wp-json\/wp\/v2\/users\/149"}],"replies":[{"embeddable":true,"href":"https:\/\/blog.edu.turku.fi\/karsamaki\/wp-json\/wp\/v2\/comments?post=134"}],"version-history":[{"count":12,"href":"https:\/\/blog.edu.turku.fi\/karsamaki\/wp-json\/wp\/v2\/pages\/134\/revisions"}],"predecessor-version":[{"id":851,"href":"https:\/\/blog.edu.turku.fi\/karsamaki\/wp-json\/wp\/v2\/pages\/134\/revisions\/851"}],"wp:attachment":[{"href":"https:\/\/blog.edu.turku.fi\/karsamaki\/wp-json\/wp\/v2\/media?parent=134"}],"curies":[{"name":"wp","href":"https:\/\/api.w.org\/{rel}","templated":true}]}}