{"id":2,"date":"2010-12-07T14:45:57","date_gmt":"2010-12-07T14:45:57","guid":{"rendered":"https:\/\/blog.edu.turku.fi\/josa\/?page_id=2"},"modified":"2017-05-15T06:41:24","modified_gmt":"2017-05-15T06:41:24","slug":"tietoja","status":"publish","type":"page","link":"https:\/\/blog.edu.turku.fi\/josa\/tietoja\/","title":{"rendered":"T\u00e4m\u00e4 blogi on arkisto ja kokeilualusta&#8230;"},"content":{"rendered":"<p>T\u00c4M\u00c4 EI OLE VIRALLINEN BLOGINI VAAN SIVU JOLLE LAITAN MATERIAALIA V\u00c4LIAIKAISESTI TAI KOKEILLEN.<\/p>\n<p>&nbsp;<\/p>\n<p>T\u00e4m\u00e4 on esimerkki WordPress-sivusta. Voit kertoa t\u00e4ll\u00e4 sivulla lis\u00e4\u00e4 itsest\u00e4si tai sivustostasi, jotta lukijasi voivat tutustua sinuun ja tavoitteisiisi. Voit luoda rajattomasti sivuja ja alisivuja ja hallita sivustosi kaikkea sis\u00e4lt\u00f6\u00e4 WordPressin avulla. Voit poistaa t\u00e4m\u00e4n sivun hallinnasta.<\/p>\n","protected":false},"excerpt":{"rendered":"<p>T\u00c4M\u00c4 EI OLE VIRALLINEN BLOGINI VAAN SIVU JOLLE LAITAN MATERIAALIA V\u00c4LIAIKAISESTI TAI KOKEILLEN. &nbsp; T\u00e4m\u00e4 on esimerkki WordPress-sivusta. Voit kertoa t\u00e4ll\u00e4 sivulla lis\u00e4\u00e4 itsest\u00e4si tai sivustostasi, jotta lukijasi voivat tutustua sinuun ja tavoitteisiisi. Voit luoda rajattomasti sivuja ja alisivuja ja hallita sivustosi kaikkea sis\u00e4lt\u00f6\u00e4 WordPressin avulla. Voit poistaa t\u00e4m\u00e4n sivun hallinnasta.<\/p>\n","protected":false},"author":61,"featured_media":0,"parent":0,"menu_order":0,"comment_status":"closed","ping_status":"closed","template":"","meta":{"footnotes":""},"class_list":["post-2","page","type-page","status-publish","hentry"],"_links":{"self":[{"href":"https:\/\/blog.edu.turku.fi\/josa\/wp-json\/wp\/v2\/pages\/2","targetHints":{"allow":["GET"]}}],"collection":[{"href":"https:\/\/blog.edu.turku.fi\/josa\/wp-json\/wp\/v2\/pages"}],"about":[{"href":"https:\/\/blog.edu.turku.fi\/josa\/wp-json\/wp\/v2\/types\/page"}],"author":[{"embeddable":true,"href":"https:\/\/blog.edu.turku.fi\/josa\/wp-json\/wp\/v2\/users\/61"}],"replies":[{"embeddable":true,"href":"https:\/\/blog.edu.turku.fi\/josa\/wp-json\/wp\/v2\/comments?post=2"}],"version-history":[{"count":4,"href":"https:\/\/blog.edu.turku.fi\/josa\/wp-json\/wp\/v2\/pages\/2\/revisions"}],"predecessor-version":[{"id":239,"href":"https:\/\/blog.edu.turku.fi\/josa\/wp-json\/wp\/v2\/pages\/2\/revisions\/239"}],"wp:attachment":[{"href":"https:\/\/blog.edu.turku.fi\/josa\/wp-json\/wp\/v2\/media?parent=2"}],"curies":[{"name":"wp","href":"https:\/\/api.w.org\/{rel}","templated":true}]}}