{"id":813,"date":"2023-09-14T15:18:05","date_gmt":"2023-09-14T12:18:05","guid":{"rendered":"https:\/\/blog.edu.turku.fi\/jezykpolski\/?page_id=813"},"modified":"2023-09-16T10:15:50","modified_gmt":"2023-09-16T07:15:50","slug":"galeria","status":"publish","type":"page","link":"https:\/\/blog.edu.turku.fi\/jezykpolski\/galeria\/","title":{"rendered":"Nasze Salo"},"content":{"rendered":"<p>Moje ulubione mjeisce w Salo to Plaza. Lubje to mjeisce bo tam jest durzo sklepikow.<\/p>\n<p style=\"text-align: right\"><em>Hania, lat 10<\/em><\/p>\n<hr \/>\n<p style=\"text-align: right\"><!--more--><\/p>\n<figure id=\"attachment_820\" aria-describedby=\"caption-attachment-820\" style=\"width: 300px\" class=\"wp-caption alignnone\"><img loading=\"lazy\" decoding=\"async\" class=\"wp-image-820 size-medium\" src=\"https:\/\/blog.edu.turku.fi\/jezykpolski\/files\/2023\/09\/WhatsApp-Image-2023-09-14-at-15.21.55-300x168.jpeg\" alt=\"Salohalli\" width=\"300\" height=\"168\" srcset=\"https:\/\/blog.edu.turku.fi\/jezykpolski\/files\/2023\/09\/WhatsApp-Image-2023-09-14-at-15.21.55-300x168.jpeg 300w, https:\/\/blog.edu.turku.fi\/jezykpolski\/files\/2023\/09\/WhatsApp-Image-2023-09-14-at-15.21.55.jpeg 1024w\" sizes=\"auto, (max-width: 300px) 100vw, 300px\" \/><figcaption id=\"caption-attachment-820\" class=\"wp-caption-text\">Salohalli<\/figcaption><\/figure>\n<p>Moim ulubionym miejscem w Salo jest Salohalli.<\/p>\n<p>Gra\u0142em tam swoj pierwsy mecz koszyk\u00f3wki.<\/p>\n<p>I patrz\u0119 tam mecze druzyny Vilpas.<\/p>\n<p>Jest to nowoczesna halasportowa.<\/p>\n<p>Jest tam te\u017c kawiarnia i krengielnia.<\/p>\n<p style=\"text-align: right\"><em>Olli, lat 10<\/em><\/p>\n<hr \/>\n<p><!--more--><\/p>\n<figure id=\"attachment_824\" aria-describedby=\"caption-attachment-824\" style=\"width: 225px\" class=\"wp-caption alignnone\"><img loading=\"lazy\" decoding=\"async\" class=\"wp-image-824 size-medium\" src=\"https:\/\/blog.edu.turku.fi\/jezykpolski\/files\/2023\/09\/WhatsApp-Image-2023-09-14-at-15.52.17-225x300.jpeg\" alt=\"Skate park w Salo\" width=\"225\" height=\"300\" srcset=\"https:\/\/blog.edu.turku.fi\/jezykpolski\/files\/2023\/09\/WhatsApp-Image-2023-09-14-at-15.52.17-225x300.jpeg 225w, https:\/\/blog.edu.turku.fi\/jezykpolski\/files\/2023\/09\/WhatsApp-Image-2023-09-14-at-15.52.17.jpeg 768w\" sizes=\"auto, (max-width: 225px) 100vw, 225px\" \/><figcaption id=\"caption-attachment-824\" class=\"wp-caption-text\">Skatepark<\/figcaption><\/figure>\n<p>Moin ulubionym miejscem w Salo jest skejt park. Mo\u017cna tam je\u017adzi\u0107 na deskorolce i hulajnodze i naucia\u0107 si\u0119 r\u00f3\u017cnych sztuczek.<\/p>\n<p style=\"text-align: right\"><em>Jeremi, lat 8<\/em><\/p>\n<hr \/>\n<p><!--more--><\/p>\n<figure id=\"attachment_821\" aria-describedby=\"caption-attachment-821\" style=\"width: 300px\" class=\"wp-caption alignnone\"><img loading=\"lazy\" decoding=\"async\" class=\"wp-image-821 size-medium\" src=\"https:\/\/blog.edu.turku.fi\/jezykpolski\/files\/2023\/09\/WhatsApp-Image-2023-09-14-at-15.21.56-e1694760590843-300x262.jpeg\" alt=\"Basen w Salo\" width=\"300\" height=\"262\" srcset=\"https:\/\/blog.edu.turku.fi\/jezykpolski\/files\/2023\/09\/WhatsApp-Image-2023-09-14-at-15.21.56-e1694760590843-300x262.jpeg 300w, https:\/\/blog.edu.turku.fi\/jezykpolski\/files\/2023\/09\/WhatsApp-Image-2023-09-14-at-15.21.56-e1694760590843-310x270.jpeg 310w, https:\/\/blog.edu.turku.fi\/jezykpolski\/files\/2023\/09\/WhatsApp-Image-2023-09-14-at-15.21.56-e1694760590843.jpeg 460w\" sizes=\"auto, (max-width: 300px) 100vw, 300px\" \/><figcaption id=\"caption-attachment-821\" class=\"wp-caption-text\">Basen w Salo<\/figcaption><\/figure>\n<p>Moim ulubiomym mjeiscem w Salo jest basen. Nie umiem p\u0142ywa\u0107, ale to mi nie przeszkadza. Mam wiele mi\u0142ych wspomnie\u0144 zwi\u0105zanych z tym basenem. Mamy tam 5 basen\u00f3w, trampoliny i 2 zje\u017cd\u017calnie. Zawsze kiedy by\u0142yem ma\u0142y pami\u0119tam jak chodzi\u0142em na basen prawie co tydzie\u0144, bo to by\u0142a dla mnie frajda. Przed budynkiem\/basenem jest wielka plastikowa r\u017ce\u017aba kolorowej pi\u0142ki pla\u017aowej. Ten basen zosta\u0142 wybudowany w czasach Nokii i by\u0142 przez nich cz\u0119\u015bciowo wybudowany. Jest on jednym z najnowocze\u015bniejszych basen\u00f3w w Finlandii po\u0142udniowej. Og\u00f3lnie sport w Salo ma si\u0119 dobr\u017ce.<\/p>\n<p style=\"text-align: right\"><em>Jan, lat 13<\/em><\/p>\n","protected":false},"excerpt":{"rendered":"<p>Moje ulubione mjeisce w Salo to Plaza. Lubje to mjeisce bo tam jest durzo sklepikow. Hania, lat 10<\/p>\n","protected":false},"author":3176,"featured_media":0,"parent":0,"menu_order":0,"comment_status":"closed","ping_status":"closed","template":"","meta":{"footnotes":""},"class_list":["post-813","page","type-page","status-publish","hentry"],"_links":{"self":[{"href":"https:\/\/blog.edu.turku.fi\/jezykpolski\/wp-json\/wp\/v2\/pages\/813","targetHints":{"allow":["GET"]}}],"collection":[{"href":"https:\/\/blog.edu.turku.fi\/jezykpolski\/wp-json\/wp\/v2\/pages"}],"about":[{"href":"https:\/\/blog.edu.turku.fi\/jezykpolski\/wp-json\/wp\/v2\/types\/page"}],"author":[{"embeddable":true,"href":"https:\/\/blog.edu.turku.fi\/jezykpolski\/wp-json\/wp\/v2\/users\/3176"}],"replies":[{"embeddable":true,"href":"https:\/\/blog.edu.turku.fi\/jezykpolski\/wp-json\/wp\/v2\/comments?post=813"}],"version-history":[{"count":8,"href":"https:\/\/blog.edu.turku.fi\/jezykpolski\/wp-json\/wp\/v2\/pages\/813\/revisions"}],"predecessor-version":[{"id":842,"href":"https:\/\/blog.edu.turku.fi\/jezykpolski\/wp-json\/wp\/v2\/pages\/813\/revisions\/842"}],"wp:attachment":[{"href":"https:\/\/blog.edu.turku.fi\/jezykpolski\/wp-json\/wp\/v2\/media?parent=813"}],"curies":[{"name":"wp","href":"https:\/\/api.w.org\/{rel}","templated":true}]}}