{"id":783,"date":"2023-09-14T14:51:15","date_gmt":"2023-09-14T11:51:15","guid":{"rendered":"https:\/\/blog.edu.turku.fi\/jezykpolski\/?page_id=783"},"modified":"2024-05-15T18:50:48","modified_gmt":"2024-05-15T15:50:48","slug":"zadania-domowe-klasa-6","status":"publish","type":"page","link":"https:\/\/blog.edu.turku.fi\/jezykpolski\/zadania-domowe-klasa-6\/","title":{"rendered":"Zadania domowe klasa 6"},"content":{"rendered":"<ul>\n<li>15.5. &#8211; Opisz swoich koleg\u00f3w z klasy, z dru\u017cyny pi\u0142karskiej, z zaj\u0119\u0107 dodatkowych. Napisz, jacy s\u0105 (zalety i wady), co lubi\u0105 robi\u0107, dlaczego ich lubisz.<\/li>\n<li>8.5. &#8211; Podr\u0119cznik, str. 112, \u0107w. 9 &#8211; Wybierz jedn\u0105 sytuacj\u0119 i napisz dialog w zeszycie.<\/li>\n<li>10.4.24 &#8211; podr\u0119cznik, str. 110, \u0107w. 5.<\/li>\n<li>3.4.24 &#8211; podr\u0119cznik, str. 100-101, \u0107w. 2 i 3.<\/li>\n<li>6.3.24 &#8211; zeszyt \u0107wicze\u0144, str. 78, \u0107w. 7.<\/li>\n<li>28.2.24 &#8211; zeszyt \u0107wicze\u0144, str. 76 &#8211; 77, zadania 4 i 5.<\/li>\n<li>31.1.2024 &#8211; Pozosta\u0142e \u0107wiczenia z lekcji 17 w podr\u0119czniku i zeszycie \u0107wicze\u0144 (tyle, ile si\u0119 da zrobi\u0107 w 90 minut &#8211; prosz\u0119 nie robi\u0107 d\u0142u\u017cej \ud83d\ude42 ).<\/li>\n<li>24.1.24<\/li>\n<\/ul>\n<ol>\n<li>Naucz si\u0119 m\u00f3wi\u0107 po polsku kiedy s\u0105 twoje urodziny.<\/li>\n<li>Naucz si\u0119 nazw miesi\u0119cy po polsku.<\/li>\n<\/ol>\n<ul>\n<li>17.1.2024<\/li>\n<\/ul>\n<ol>\n<li>Dowiedz si\u0119 jak poznali si\u0119 twoi dziadkowie.<\/li>\n<li>Wykonaj laurki dla babci i dziadka. Mo\u017cesz wymy\u015bli\u0107 swoje w\u0142asne \u017cyczenia albo przepisa\u0107 \u017cyczenia z laurek Emi. Zr\u00f3b laurkom zdj\u0119cie i prze\u015blij zdj\u0119cie babci w niedziel\u0119, a w poniedzia\u0142ek prze\u015blij zdj\u0119cie dziadkowi.<\/li>\n<\/ol>\n<p><a href=\"http:\/\/wspolnotapolska.org.pl\/emimaks\/lekcje\/016.pdf\">Emi i Maks w polskiej szkole, lekcja 16<\/a><\/p>\n<ul>\n<li>10.1.2024 &#8211; Doko\u0144cz pisanie noworocznych postanowie\u0144, je\u015bli nie sko\u0144czy\u0142e\u015b tego zadania podczas lekcji.<\/li>\n<li>13.12.23 &#8211; Podr\u0119cznik, str. 103-104, \u0107w. 9 Przeczytaj tekst i odpowiedz w zeszycie na pytania.<\/li>\n<li>29.11.23 &#8211; Pobij sw\u00f3j rekord w <em><strong><a href=\"https:\/\/kahoot.it\/challenge\/06880937?challenge-id=21c47b02-a4e2-49ba-98d4-82057a857bfc_1701265868405\">\u015bwi\u0105tecznym Kahoot<\/a><\/strong><\/em><\/li>\n<li>22.11.23 &#8211; z. \u0107w. str. 73-74, \u0107w. 3 -5<\/li>\n<li>14.11.23 &#8211; zeszyt \u0107wicze\u0144, strona 72, \u0107wiczenie 1 i 2.<\/li>\n<li>1.11.23 &#8211; Nie ma zadania domowego. Na nast\u0119pnej lekcji robimy pizz\u0119. Prosz\u0119, \u017ceby przynie\u015b\u0107 swoje ulubione dodatki do pizzy.<\/li>\n<li>11.10.23 &#8211; Oliver ma zaznaczone zadanie domowe w ksi\u0105\u017ckach.<\/li>\n<li dir=\"ltr\">4.10.23 &#8211; podr\u0119cznik, str. 98, \u0107w. 5, zeszyt \u0107wicze\u0144, str. 65, \u0107w. 2\u00a0 i 3.<\/li>\n<li dir=\"ltr\">20.09.23 &#8211; Zeszyt \u0107wicze\u0144, \u0107wiczenia 6-8, strony 63-64<\/li>\n<li dir=\"ltr\">\n<p dir=\"ltr\">13.9.23<\/p>\n<\/li>\n<\/ul>\n<p dir=\"ltr\">podr\u0119cznik<\/p>\n<p dir=\"ltr\">\u0107wiczenie 3, 5, str. 81-82<\/p>\n","protected":false},"excerpt":{"rendered":"<p>15.5. &#8211; Opisz swoich koleg\u00f3w z klasy, z dru\u017cyny pi\u0142karskiej, z zaj\u0119\u0107 dodatkowych. Napisz, jacy s\u0105 (zalety i wady), co lubi\u0105 robi\u0107, dlaczego ich lubisz. 8.5. &#8211; Podr\u0119cznik, str. 112, \u0107w. 9 &#8211; Wybierz jedn\u0105 sytuacj\u0119 i napisz dialog w zeszycie. 10.4.24 &#8211; podr\u0119cznik, str. 110, \u0107w. 5. 3.4.24 &#8211; podr\u0119cznik, str. 100-101, \u0107w. 2 i 3. 6.3.24 &#8211; zeszyt \u0107wicze\u0144, str. 78, \u0107w. 7. 28.2.24 &#8211; zeszyt \u0107wicze\u0144, str. 76 &#8211; 77, zadania 4 i 5. 31.1.2024 &#8211; Pozosta\u0142e&#8230;<\/p>\n<p class=\"read-more\"><a class=\"btn btn-default\" href=\"https:\/\/blog.edu.turku.fi\/jezykpolski\/zadania-domowe-klasa-6\/\"> Read More<span class=\"screen-reader-text\">  Read More<\/span><\/a><\/p>\n","protected":false},"author":3176,"featured_media":0,"parent":0,"menu_order":0,"comment_status":"closed","ping_status":"closed","template":"","meta":{"footnotes":""},"class_list":["post-783","page","type-page","status-publish","hentry"],"_links":{"self":[{"href":"https:\/\/blog.edu.turku.fi\/jezykpolski\/wp-json\/wp\/v2\/pages\/783","targetHints":{"allow":["GET"]}}],"collection":[{"href":"https:\/\/blog.edu.turku.fi\/jezykpolski\/wp-json\/wp\/v2\/pages"}],"about":[{"href":"https:\/\/blog.edu.turku.fi\/jezykpolski\/wp-json\/wp\/v2\/types\/page"}],"author":[{"embeddable":true,"href":"https:\/\/blog.edu.turku.fi\/jezykpolski\/wp-json\/wp\/v2\/users\/3176"}],"replies":[{"embeddable":true,"href":"https:\/\/blog.edu.turku.fi\/jezykpolski\/wp-json\/wp\/v2\/comments?post=783"}],"version-history":[{"count":21,"href":"https:\/\/blog.edu.turku.fi\/jezykpolski\/wp-json\/wp\/v2\/pages\/783\/revisions"}],"predecessor-version":[{"id":1250,"href":"https:\/\/blog.edu.turku.fi\/jezykpolski\/wp-json\/wp\/v2\/pages\/783\/revisions\/1250"}],"wp:attachment":[{"href":"https:\/\/blog.edu.turku.fi\/jezykpolski\/wp-json\/wp\/v2\/media?parent=783"}],"curies":[{"name":"wp","href":"https:\/\/api.w.org\/{rel}","templated":true}]}}