{"id":782,"date":"2023-09-14T14:51:15","date_gmt":"2023-09-14T11:51:15","guid":{"rendered":"https:\/\/blog.edu.turku.fi\/jezykpolski\/?page_id=782"},"modified":"2024-05-15T18:49:53","modified_gmt":"2024-05-15T15:49:53","slug":"zadania-domowe-klasa-3-2","status":"publish","type":"page","link":"https:\/\/blog.edu.turku.fi\/jezykpolski\/zadania-domowe-klasa-3-2\/","title":{"rendered":"Zadania domowe klasa 3"},"content":{"rendered":"<ul>\n<li>15.5. &#8211; Lekcja 40, zeszyt \u0107wicze\u0144, strona 39\n<ul>\n<li data-leveltext=\"o\" data-font=\"Courier New\" data-listid=\"4\" data-list-defn-props=\"{&quot;335552541&quot;:1,&quot;335559685&quot;:1440,&quot;335559991&quot;:360,&quot;469769226&quot;:&quot;Courier New&quot;,&quot;469769242&quot;:[9675],&quot;469777803&quot;:&quot;left&quot;,&quot;469777804&quot;:&quot;o&quot;,&quot;469777815&quot;:&quot;hybridMultilevel&quot;}\" data-aria-posinset=\"9\" data-aria-level=\"2\"><span data-contrast=\"auto\">Przeczytaj ramk\u0119 \u201cZapamietaj\u201d<\/span><\/li>\n<li data-leveltext=\"o\" data-font=\"Courier New\" data-listid=\"4\" data-list-defn-props=\"{&quot;335552541&quot;:1,&quot;335559685&quot;:1440,&quot;335559991&quot;:360,&quot;469769226&quot;:&quot;Courier New&quot;,&quot;469769242&quot;:[9675],&quot;469777803&quot;:&quot;left&quot;,&quot;469777804&quot;:&quot;o&quot;,&quot;469777815&quot;:&quot;hybridMultilevel&quot;}\" data-aria-posinset=\"9\" data-aria-level=\"2\"><span data-ccp-props=\"{&quot;201341983&quot;:0,&quot;335559740&quot;:279}\">\u0107w. 4 (w zeszycie)\u00a0<\/span><\/li>\n<li data-leveltext=\"o\" data-font=\"Courier New\" data-listid=\"4\" data-list-defn-props=\"{&quot;335552541&quot;:1,&quot;335559685&quot;:1440,&quot;335559991&quot;:360,&quot;469769226&quot;:&quot;Courier New&quot;,&quot;469769242&quot;:[9675],&quot;469777803&quot;:&quot;left&quot;,&quot;469777804&quot;:&quot;o&quot;,&quot;469777815&quot;:&quot;hybridMultilevel&quot;}\" data-aria-posinset=\"10\" data-aria-level=\"2\"><span data-contrast=\"auto\">\u0106w. 5<\/span><span data-ccp-props=\"{&quot;201341983&quot;:0,&quot;335559740&quot;:279}\">\u00a0<\/span><\/li>\n<\/ul>\n<\/li>\n<li>8.5. &#8211;<br \/>\n<span data-contrast=\"auto\"><b><span data-contrast=\"auto\">\ud83c\udfe1<\/span><\/b><span data-contrast=\"auto\">\u00a0Zadanie domowe<\/span><span data-ccp-props=\"{&quot;201341983&quot;:0,&quot;335559685&quot;:0,&quot;335559740&quot;:279}\">\u00a0<\/span><\/span><\/li>\n<li><span data-contrast=\"auto\">\ud83d\udcd8<\/span><span data-contrast=\"auto\"> Podr\u0119cznik<\/span><span data-ccp-props=\"{&quot;201341983&quot;:0,&quot;335559685&quot;:0,&quot;335559740&quot;:279}\">\u00a0<\/span>\n<ul>\n<li data-leveltext=\"\uf0b7\" data-font=\"Symbol\" data-listid=\"4\" data-list-defn-props=\"{&quot;335552541&quot;:1,&quot;335559685&quot;:720,&quot;335559991&quot;:360,&quot;469769226&quot;:&quot;Symbol&quot;,&quot;469769242&quot;:[8226],&quot;469777803&quot;:&quot;left&quot;,&quot;469777804&quot;:&quot;\uf0b7&quot;,&quot;469777815&quot;:&quot;hybridMultilevel&quot;}\" data-aria-posinset=\"3\" data-aria-level=\"1\"><span data-contrast=\"auto\">Strona 156<\/span><span data-ccp-props=\"{&quot;201341983&quot;:0,&quot;335559740&quot;:279}\">\u00a0<\/span><span data-ccp-props=\"{&quot;201341983&quot;:0,&quot;335559740&quot;:279}\">\u00a0<\/span><\/li>\n<\/ul>\n<ul>\n<li data-leveltext=\"o\" data-font=\"Courier New\" data-listid=\"4\" data-list-defn-props=\"{&quot;335552541&quot;:1,&quot;335559685&quot;:1440,&quot;335559991&quot;:360,&quot;469769226&quot;:&quot;Courier New&quot;,&quot;469769242&quot;:[9675],&quot;469777803&quot;:&quot;left&quot;,&quot;469777804&quot;:&quot;o&quot;,&quot;469777815&quot;:&quot;hybridMultilevel&quot;}\" data-aria-posinset=\"6\" data-aria-level=\"2\"><span data-contrast=\"auto\">\u00a0Przeczytaj fragment opowiadania \u201cPrzyja\u017a\u0144 w niebieskiej kopercie na stronach 156-157. Odpowiedz ustnie na pytania 9-11.<\/span><span data-ccp-props=\"{&quot;134233117&quot;:false,&quot;134233118&quot;:false,&quot;201341983&quot;:0,&quot;335551550&quot;:1,&quot;335551620&quot;:1,&quot;335559737&quot;:0,&quot;335559738&quot;:0,&quot;335559739&quot;:0,&quot;335559740&quot;:279}\">\u00a0<\/span><\/li>\n<\/ul>\n<p><b><span data-contrast=\"auto\">\ud83d\udcd5<\/span><\/b><span data-contrast=\"auto\"> Zeszyt \u0107wicze\u0144<\/span><span data-ccp-props=\"{&quot;201341983&quot;:0,&quot;335559685&quot;:0,&quot;335559740&quot;:279}\">\u00a0<\/span><\/p>\n<ul>\n<li data-leveltext=\"\uf0b7\" data-font=\"Symbol\" data-listid=\"4\" data-list-defn-props=\"{&quot;335552541&quot;:1,&quot;335559685&quot;:720,&quot;335559991&quot;:360,&quot;469769226&quot;:&quot;Symbol&quot;,&quot;469769242&quot;:[8226],&quot;469777803&quot;:&quot;left&quot;,&quot;469777804&quot;:&quot;\uf0b7&quot;,&quot;469777815&quot;:&quot;hybridMultilevel&quot;}\" data-aria-posinset=\"4\" data-aria-level=\"1\"><span data-contrast=\"auto\">Strona 36<\/span><span data-ccp-props=\"{&quot;201341983&quot;:0,&quot;335559740&quot;:279}\">\u00a0<\/span><\/li>\n<\/ul>\n<ul>\n<li data-leveltext=\"o\" data-font=\"Courier New\" data-listid=\"4\" data-list-defn-props=\"{&quot;335552541&quot;:1,&quot;335559685&quot;:1440,&quot;335559991&quot;:360,&quot;469769226&quot;:&quot;Courier New&quot;,&quot;469769242&quot;:[9675],&quot;469777803&quot;:&quot;left&quot;,&quot;469777804&quot;:&quot;o&quot;,&quot;469777815&quot;:&quot;hybridMultilevel&quot;}\" data-aria-posinset=\"7\" data-aria-level=\"2\"><span data-contrast=\"auto\">\u0106w. 6<\/span><span data-ccp-props=\"{&quot;201341983&quot;:0,&quot;335559740&quot;:279}\">\u00a0<\/span><\/li>\n<\/ul>\n<\/li>\n<li>17.4.24 &#8211; Zeszyt \u0107wicze\u0144, lekcja 39, strona 34, zadania 1 i 2.<\/li>\n<li>10.4.24 &#8211; Zadania zaznaczone w zeszycie \u0107wicze\u0144 w lekcji 38 na stronach 31-33.<\/li>\n<li>3.4.24 &#8211; \u0106wiczenia, lekcja 38, strona 30, \u0107w. 2 i 3 (Zacznij od S i wpisz w kratki co drug\u0105 liter\u0119).<\/li>\n<li>20.3.24 &#8211; \u0106wiczenia, lekcja 37, strona 28, \u0107w. 6-8<\/li>\n<li>6.3.24 &#8211; Lekcja 37. Zeszyt \u0107wicze\u0144, strona 26, \u0107wiczenia 1-2.<\/li>\n<li>28.2.24 &#8211; <span style=\"text-decoration: underline\">Lekcja 36<\/span>, Przeczytaj w podr\u0119czniku fragment opowiadania na stronie 144 a nast\u0119pnie wykonaj zadanie 6 w zeszycie \u0107wicze\u0144 na stronie 24.<\/li>\n<li>7.2.2024 &#8211; Na lekcji: podr\u0119cznik, lekcja 36, \u0107wiczenia 3-7, strony 143-144<\/li>\n<\/ul>\n<p>Zadanie domowe: \u0107wiczenia, lekcja 36, strona 22, zadania 1-3 (w zadaniu trzecim nie piszemy kto ma najd\u0142u\u017csze nogi i r\u0119ce).<\/p>\n<ul>\n<li>31.1.2024 &#8211; Zeszyt \u0107wicze\u0144, Lekcja 35, \u0107wiczenia 6 i 7, str. 20 (je\u015bli zosta\u0142y zrobione na lekcji, to r\u00f3wnie\u017c 8, str. 20 i 10, str. 21)<\/li>\n<li>24.1.24<\/li>\n<\/ul>\n<ol>\n<li>Naucz si\u0119 m\u00f3wi\u0107 po polsku kiedy s\u0105 twoje urodziny.<\/li>\n<li>Naucz si\u0119 nazw miesi\u0119cy po polsku.<\/li>\n<\/ol>\n<ul>\n<li>17.1.2024<\/li>\n<\/ul>\n<ol>\n<li>Dowiedz si\u0119 jak poznali si\u0119 twoi dziadkowie.<\/li>\n<li>Wykonaj laurki dla babci i dziadka. Mo\u017cesz wymy\u015bli\u0107 swoje w\u0142asne \u017cyczenia albo przepisa\u0107 \u017cyczenia z laurek Emi. Zr\u00f3b laurkom zdj\u0119cie i prze\u015blij zdj\u0119cie babci w niedziel\u0119, a w poniedzia\u0142ek prze\u015blij zdj\u0119cie dziadkowi.<\/li>\n<\/ol>\n<p><a href=\"http:\/\/wspolnotapolska.org.pl\/emimaks\/lekcje\/016.pdf\">Emi i Maks w polskiej szkole, lekcja 16<\/a><\/p>\n<ul>\n<li>10.1.2024 &#8211; Doko\u0144cz pisanie noworocznych postanowie\u0144, je\u015bli nie sko\u0144czy\u0142e\u015b tego zadania podczas lekcji.<\/li>\n<li>13.12.23 &#8211; Zeszyt \u0107wicze\u0144, lekcja 35, strona 19, \u0107wiczenia 4 i 5.<\/li>\n<li>29.11.23 &#8211; Pobij sw\u00f3j rekord w <em><strong><a href=\"https:\/\/kahoot.it\/challenge\/06880937?challenge-id=21c47b02-a4e2-49ba-98d4-82057a857bfc_1701265868405\">\u015bwi\u0105tecznym Kahoot<\/a><\/strong><\/em><\/li>\n<li>22.11.23 &#8211; Lekcja 35, z. \u0107w. doko\u0144cz \u0107wiczenie 2 ze strony 18. Podr. str. 140, \u0107w. 8 w zeszycie<\/li>\n<li>14.11.23 &#8211; Lekcja 35, strona 18, zadanie 1, zeszyt \u0107wicze\u0144<\/li>\n<li>1.11.23 &#8211; Nie ma zadania domowego. Na nast\u0119pnej lekcji robimy pizz\u0119. Prosz\u0119, \u017ceby przynie\u015b\u0107 swoje ulubione dodatki do pizzy.<\/li>\n<li>11.10.23 &#8211; Dziewczynki maj\u0105 zaznaczone zadanie domowe w ksi\u0105\u017ckach.<\/li>\n<li>4.10.23<\/li>\n<\/ul>\n<p>Lekcja 33, podr\u0119cznik, strona 131, \u0107wiczenia 4 i 5, zeszyt \u0107wicze\u0144, strona 10, \u0107wiczenia 1 i 2<\/p>\n<ul>\n<li>20.09.23 &#8211; Lekcja 32, zeszyt \u0107wicze\u0144, strona 6, \u0107wiczenia 1-3.<\/li>\n<li dir=\"ltr\">\n<p dir=\"ltr\">13.9.23<\/p>\n<\/li>\n<\/ul>\n<p dir=\"ltr\">Zeszyt \u0107wicze\u0144:<br \/>\n\u0107w. 6-9, str. 3-5<\/p>\n","protected":false},"excerpt":{"rendered":"<p>15.5. &#8211; Lekcja 40, zeszyt \u0107wicze\u0144, strona 39 Przeczytaj ramk\u0119 \u201cZapamietaj\u201d \u0107w. 4 (w zeszycie)\u00a0 \u0106w. 5\u00a0 8.5. &#8211; \ud83c\udfe1\u00a0Zadanie domowe\u00a0 \ud83d\udcd8 Podr\u0119cznik\u00a0 Strona 156\u00a0\u00a0 \u00a0Przeczytaj fragment opowiadania \u201cPrzyja\u017a\u0144 w niebieskiej kopercie na stronach 156-157. Odpowiedz ustnie na pytania 9-11.\u00a0 \ud83d\udcd5 Zeszyt \u0107wicze\u0144\u00a0 Strona 36\u00a0 \u0106w. 6\u00a0 17.4.24 &#8211; Zeszyt \u0107wicze\u0144, lekcja 39, strona 34, zadania 1 i 2. 10.4.24 &#8211; Zadania zaznaczone w zeszycie \u0107wicze\u0144 w lekcji 38 na stronach 31-33. 3.4.24 &#8211; \u0106wiczenia, lekcja 38, strona 30, \u0107w&#8230;.<\/p>\n<p class=\"read-more\"><a class=\"btn btn-default\" href=\"https:\/\/blog.edu.turku.fi\/jezykpolski\/zadania-domowe-klasa-3-2\/\"> Read More<span class=\"screen-reader-text\">  Read More<\/span><\/a><\/p>\n","protected":false},"author":3176,"featured_media":0,"parent":0,"menu_order":0,"comment_status":"closed","ping_status":"closed","template":"","meta":{"footnotes":""},"class_list":["post-782","page","type-page","status-publish","hentry"],"_links":{"self":[{"href":"https:\/\/blog.edu.turku.fi\/jezykpolski\/wp-json\/wp\/v2\/pages\/782","targetHints":{"allow":["GET"]}}],"collection":[{"href":"https:\/\/blog.edu.turku.fi\/jezykpolski\/wp-json\/wp\/v2\/pages"}],"about":[{"href":"https:\/\/blog.edu.turku.fi\/jezykpolski\/wp-json\/wp\/v2\/types\/page"}],"author":[{"embeddable":true,"href":"https:\/\/blog.edu.turku.fi\/jezykpolski\/wp-json\/wp\/v2\/users\/3176"}],"replies":[{"embeddable":true,"href":"https:\/\/blog.edu.turku.fi\/jezykpolski\/wp-json\/wp\/v2\/comments?post=782"}],"version-history":[{"count":25,"href":"https:\/\/blog.edu.turku.fi\/jezykpolski\/wp-json\/wp\/v2\/pages\/782\/revisions"}],"predecessor-version":[{"id":1249,"href":"https:\/\/blog.edu.turku.fi\/jezykpolski\/wp-json\/wp\/v2\/pages\/782\/revisions\/1249"}],"wp:attachment":[{"href":"https:\/\/blog.edu.turku.fi\/jezykpolski\/wp-json\/wp\/v2\/media?parent=782"}],"curies":[{"name":"wp","href":"https:\/\/api.w.org\/{rel}","templated":true}]}}