{"id":781,"date":"2023-09-14T14:51:15","date_gmt":"2023-09-14T11:51:15","guid":{"rendered":"https:\/\/blog.edu.turku.fi\/jezykpolski\/?page_id=781"},"modified":"2024-05-13T17:37:50","modified_gmt":"2024-05-13T14:37:50","slug":"zadania-domowe-klasy-4-6-2","status":"publish","type":"page","link":"https:\/\/blog.edu.turku.fi\/jezykpolski\/zadania-domowe-klasy-4-6-2\/","title":{"rendered":"Zadania domowe klasy 4-6"},"content":{"rendered":"<ul>\n<li dir=\"ltr\">13.5.<span data-contrast=\"auto\">\ud83d\udcd8<\/span><span data-contrast=\"auto\"> Podr\u0119cznik<\/span><span data-ccp-props=\"{&quot;201341983&quot;:0,&quot;335559740&quot;:279}\">\u00a0<\/span>\n<ul>\n<li data-leveltext=\"\uf0b7\" data-font=\"Symbol\" data-listid=\"3\" data-list-defn-props=\"{&quot;335552541&quot;:1,&quot;335559685&quot;:720,&quot;335559991&quot;:360,&quot;469769226&quot;:&quot;Symbol&quot;,&quot;469769242&quot;:[8226],&quot;469777803&quot;:&quot;left&quot;,&quot;469777804&quot;:&quot;\uf0b7&quot;,&quot;469777815&quot;:&quot;hybridMultilevel&quot;}\" data-aria-posinset=\"4\" data-aria-level=\"1\"><span data-contrast=\"auto\">Strona 111<\/span><span data-ccp-props=\"{&quot;134233117&quot;:false,&quot;134233118&quot;:false,&quot;201341983&quot;:0,&quot;335551550&quot;:1,&quot;335551620&quot;:1,&quot;335559685&quot;:720,&quot;335559737&quot;:0,&quot;335559738&quot;:0,&quot;335559739&quot;:0,&quot;335559740&quot;:279,&quot;335559991&quot;:360}\">\u00a0<\/span><\/li>\n<\/ul>\n<ul>\n<li data-leveltext=\"o\" data-font=\"Courier New\" data-listid=\"3\" data-list-defn-props=\"{&quot;335552541&quot;:1,&quot;335559685&quot;:1440,&quot;335559991&quot;:360,&quot;469769226&quot;:&quot;Courier New&quot;,&quot;469769242&quot;:[9675],&quot;469777803&quot;:&quot;left&quot;,&quot;469777804&quot;:&quot;o&quot;,&quot;469777815&quot;:&quot;hybridMultilevel&quot;}\" data-aria-posinset=\"3\" data-aria-level=\"2\"><span data-contrast=\"auto\">\u0106w. 6-7<\/span><span data-ccp-props=\"{&quot;134233117&quot;:false,&quot;134233118&quot;:false,&quot;201341983&quot;:0,&quot;335551550&quot;:1,&quot;335551620&quot;:1,&quot;335559737&quot;:0,&quot;335559738&quot;:0,&quot;335559739&quot;:0,&quot;335559740&quot;:279}\">\u00a0<\/span><\/li>\n<\/ul>\n<\/li>\n<li dir=\"ltr\">6.5.<\/li>\n<\/ul>\n<table style=\"font-weight: 400;height: 636px\" width=\"697\" data-tablestyle=\"MsoTableGrid\" data-tablelook=\"1696\">\n<tbody>\n<tr>\n<td data-celllook=\"0\">Przebieg lekcji:<\/td>\n<\/tr>\n<tr>\n<td data-celllook=\"0\"><b><span data-contrast=\"auto\">Lekcja 21<\/span><\/b><span data-ccp-props=\"{&quot;201341983&quot;:0,&quot;335559740&quot;:279}\">\u00a0<\/span><\/p>\n<p><b><span data-contrast=\"auto\">\ud83d\udcd5<\/span><\/b><span data-contrast=\"auto\"> Zeszyt \u0107wicze\u0144<\/span><span data-ccp-props=\"{&quot;201341983&quot;:0,&quot;335559685&quot;:0,&quot;335559740&quot;:279}\">\u00a0<\/span><\/p>\n<ul>\n<li data-leveltext=\"\uf0b7\" data-font=\"Symbol\" data-listid=\"4\" data-list-defn-props=\"{&quot;335552541&quot;:1,&quot;335559685&quot;:720,&quot;335559991&quot;:360,&quot;469769226&quot;:&quot;Symbol&quot;,&quot;469769242&quot;:[8226],&quot;469777803&quot;:&quot;left&quot;,&quot;469777804&quot;:&quot;\uf0b7&quot;,&quot;469777815&quot;:&quot;hybridMultilevel&quot;}\" data-aria-posinset=\"1\" data-aria-level=\"1\"><span data-contrast=\"auto\">Strona 79<\/span><span data-ccp-props=\"{&quot;201341983&quot;:0,&quot;335559740&quot;:279}\">\u00a0<\/span><\/li>\n<\/ul>\n<ul>\n<li style=\"list-style-type: none\">\n<ul>\n<li data-leveltext=\"o\" data-font=\"Courier New\" data-listid=\"4\" data-list-defn-props=\"{&quot;335552541&quot;:1,&quot;335559685&quot;:1440,&quot;335559991&quot;:360,&quot;469769226&quot;:&quot;Courier New&quot;,&quot;469769242&quot;:[9675],&quot;469777803&quot;:&quot;left&quot;,&quot;469777804&quot;:&quot;o&quot;,&quot;469777815&quot;:&quot;hybridMultilevel&quot;}\" data-aria-posinset=\"1\" data-aria-level=\"2\"><span data-contrast=\"auto\">\u0106w. 1 i 2<\/span><span data-ccp-props=\"{&quot;201341983&quot;:0,&quot;335559740&quot;:279}\">\u00a0<\/span><\/li>\n<\/ul>\n<\/li>\n<\/ul>\n<p><span data-contrast=\"auto\">\ud83d\udcd8<\/span><span data-contrast=\"auto\"> Podr\u0119cznik<\/span><span data-ccp-props=\"{&quot;201341983&quot;:0,&quot;335559740&quot;:279}\">\u00a0<\/span><\/p>\n<ul>\n<li data-leveltext=\"\uf0b7\" data-font=\"Symbol\" data-listid=\"3\" data-list-defn-props=\"{&quot;335552541&quot;:1,&quot;335559685&quot;:720,&quot;335559991&quot;:360,&quot;469769226&quot;:&quot;Symbol&quot;,&quot;469769242&quot;:[8226],&quot;469777803&quot;:&quot;left&quot;,&quot;469777804&quot;:&quot;\uf0b7&quot;,&quot;469777815&quot;:&quot;hybridMultilevel&quot;}\" data-aria-posinset=\"2\" data-aria-level=\"1\"><span data-contrast=\"auto\">Strona 109-110<\/span><span data-ccp-props=\"{&quot;201341983&quot;:0,&quot;335559740&quot;:279}\">\u00a0<\/span><\/li>\n<\/ul>\n<ul>\n<li style=\"list-style-type: none\">\n<ul>\n<li data-leveltext=\"o\" data-font=\"Courier New\" data-listid=\"3\" data-list-defn-props=\"{&quot;335552541&quot;:1,&quot;335559685&quot;:1440,&quot;335559991&quot;:360,&quot;469769226&quot;:&quot;Courier New&quot;,&quot;469769242&quot;:[9675],&quot;469777803&quot;:&quot;left&quot;,&quot;469777804&quot;:&quot;o&quot;,&quot;469777815&quot;:&quot;hybridMultilevel&quot;}\" data-aria-posinset=\"2\" data-aria-level=\"2\"><span data-contrast=\"auto\">\ud83d\udc65<\/span><span data-contrast=\"auto\">\u0106w. 1-5<\/span><span data-ccp-props=\"{&quot;201341983&quot;:0,&quot;335559740&quot;:279}\">\u00a0<\/span><\/li>\n<\/ul>\n<\/li>\n<\/ul>\n<p><span data-contrast=\"auto\">\ud83d\udcd8<\/span><span data-contrast=\"auto\"> Podr\u0119cznik<\/span><span data-ccp-props=\"{&quot;201341983&quot;:0,&quot;335559740&quot;:279}\">\u00a0<\/span><\/p>\n<ul>\n<li data-leveltext=\"\uf0b7\" data-font=\"Symbol\" data-listid=\"3\" data-list-defn-props=\"{&quot;335552541&quot;:1,&quot;335559685&quot;:720,&quot;335559991&quot;:360,&quot;469769226&quot;:&quot;Symbol&quot;,&quot;469769242&quot;:[8226],&quot;469777803&quot;:&quot;left&quot;,&quot;469777804&quot;:&quot;\uf0b7&quot;,&quot;469777815&quot;:&quot;hybridMultilevel&quot;}\" data-aria-posinset=\"3\" data-aria-level=\"1\"><span data-contrast=\"auto\">Grrr Gramatyka<\/span><span data-ccp-props=\"{&quot;134233117&quot;:false,&quot;134233118&quot;:false,&quot;201341983&quot;:0,&quot;335551550&quot;:1,&quot;335551620&quot;:1,&quot;335559685&quot;:720,&quot;335559737&quot;:0,&quot;335559738&quot;:0,&quot;335559739&quot;:0,&quot;335559740&quot;:279,&quot;335559991&quot;:360}\">\u00a0<\/span><\/li>\n<li data-leveltext=\"\uf0b7\" data-font=\"Symbol\" data-listid=\"3\" data-list-defn-props=\"{&quot;335552541&quot;:1,&quot;335559685&quot;:720,&quot;335559991&quot;:360,&quot;469769226&quot;:&quot;Symbol&quot;,&quot;469769242&quot;:[8226],&quot;469777803&quot;:&quot;left&quot;,&quot;469777804&quot;:&quot;\uf0b7&quot;,&quot;469777815&quot;:&quot;hybridMultilevel&quot;}\" data-aria-posinset=\"4\" data-aria-level=\"1\"><span data-contrast=\"auto\">Strona 111<\/span><span data-ccp-props=\"{&quot;134233117&quot;:false,&quot;134233118&quot;:false,&quot;201341983&quot;:0,&quot;335551550&quot;:1,&quot;335551620&quot;:1,&quot;335559685&quot;:720,&quot;335559737&quot;:0,&quot;335559738&quot;:0,&quot;335559739&quot;:0,&quot;335559740&quot;:279,&quot;335559991&quot;:360}\">\u00a0<\/span><\/li>\n<\/ul>\n<ul>\n<li style=\"list-style-type: none\">\n<ul>\n<li data-leveltext=\"o\" data-font=\"Courier New\" data-listid=\"3\" data-list-defn-props=\"{&quot;335552541&quot;:1,&quot;335559685&quot;:1440,&quot;335559991&quot;:360,&quot;469769226&quot;:&quot;Courier New&quot;,&quot;469769242&quot;:[9675],&quot;469777803&quot;:&quot;left&quot;,&quot;469777804&quot;:&quot;o&quot;,&quot;469777815&quot;:&quot;hybridMultilevel&quot;}\" data-aria-posinset=\"3\" data-aria-level=\"2\"><span data-contrast=\"auto\">\u0106w. 6-8<\/span><span data-ccp-props=\"{&quot;134233117&quot;:false,&quot;134233118&quot;:false,&quot;201341983&quot;:0,&quot;335551550&quot;:1,&quot;335551620&quot;:1,&quot;335559737&quot;:0,&quot;335559738&quot;:0,&quot;335559739&quot;:0,&quot;335559740&quot;:279}\">\u00a0<\/span><\/li>\n<\/ul>\n<\/li>\n<\/ul>\n<p><b><span data-contrast=\"auto\">\ud83c\udfe1<\/span><\/b><strong> Zadanie domowe<\/strong><span data-ccp-props=\"{&quot;201341983&quot;:0,&quot;335559685&quot;:0,&quot;335559740&quot;:279}\"> (o ile nie jest zaznaczone inaczej w zeszycie):<\/span><\/p>\n<p><b><span data-contrast=\"auto\">\ud83d\udcd5<\/span><\/b><span data-contrast=\"auto\"> Zeszyt \u0107wicze\u0144<\/span><span data-ccp-props=\"{&quot;201341983&quot;:0,&quot;335559685&quot;:0,&quot;335559740&quot;:279}\">\u00a0<\/span><\/p>\n<ul>\n<li data-leveltext=\"\uf0b7\" data-font=\"Symbol\" data-listid=\"4\" data-list-defn-props=\"{&quot;335552541&quot;:1,&quot;335559685&quot;:720,&quot;335559991&quot;:360,&quot;469769226&quot;:&quot;Symbol&quot;,&quot;469769242&quot;:[8226],&quot;469777803&quot;:&quot;left&quot;,&quot;469777804&quot;:&quot;\uf0b7&quot;,&quot;469777815&quot;:&quot;hybridMultilevel&quot;}\" data-aria-posinset=\"5\" data-aria-level=\"1\"><span data-contrast=\"auto\">Strona 79-80<\/span><span data-ccp-props=\"{&quot;201341983&quot;:0,&quot;335559740&quot;:279}\">\u00a0<\/span><\/li>\n<\/ul>\n<ul>\n<li style=\"list-style-type: none\">\n<ul>\n<li data-leveltext=\"o\" data-font=\"Courier New\" data-listid=\"4\" data-list-defn-props=\"{&quot;335552541&quot;:1,&quot;335559685&quot;:1440,&quot;335559991&quot;:360,&quot;469769226&quot;:&quot;Courier New&quot;,&quot;469769242&quot;:[9675],&quot;469777803&quot;:&quot;left&quot;,&quot;469777804&quot;:&quot;o&quot;,&quot;469777815&quot;:&quot;hybridMultilevel&quot;}\" data-aria-posinset=\"4\" data-aria-level=\"2\"><span data-contrast=\"auto\">Zadanie 3-6<\/span><span data-ccp-props=\"{&quot;201341983&quot;:0,&quot;335559740&quot;:279}\">\u00a0<\/span><\/li>\n<\/ul>\n<\/li>\n<\/ul>\n<\/td>\n<\/tr>\n<\/tbody>\n<\/table>\n<ul>\n<li dir=\"ltr\">29.4.24 &#8211; Zeszyt \u0107wicze\u0144<span data-ccp-props=\"{&quot;201341983&quot;:0,&quot;335559685&quot;:0,&quot;335559740&quot;:279}\"> , <\/span><span data-contrast=\"auto\">Strona 77-78<\/span><span data-ccp-props=\"{&quot;201341983&quot;:0,&quot;335559740&quot;:279}\"> , <\/span><span data-contrast=\"auto\">Zadanie 5, 6 i 7<\/span><span data-ccp-props=\"{&quot;201341983&quot;:0,&quot;335559740&quot;:279}\">\u00a0<\/span><\/li>\n<li dir=\"ltr\">22.4.24 &#8211; <span style=\"color: #ff0000\"><strong>zeszyt \u0107wicze\u0144<\/strong><span style=\"color: #000000\">, \u0107wiczenie 1, strona 75. Napisz zdania do ilustracji wykorzystuj\u0105c podane w \u0107wiczeniu przyimki: nad \/ pod \/ za \/ mi\u0119dzy \/ przed \/ na \/ w \/ przy \/ obok \/ wzd\u0142u\u017c\u00a0<\/span><\/span><\/li>\n<li dir=\"ltr\">15.4.24 &#8211; <span style=\"color: #33cccc\"><strong>Podr\u0119cznik<\/strong><\/span>, \u0107wiczenie 6, strona 103, <span style=\"color: #ff0000\"><strong>zeszyt \u0107wicze\u0144<\/strong><\/span>, strona 73, \u0107wiczenie 4.<\/li>\n<li dir=\"ltr\">8.4. &#8211; Zeszyt \u0107wicze\u0144, lekcja 19, strona 73, \u0107wiczenie 3.<\/li>\n<li dir=\"ltr\">11.3. &#8211; Na nast\u0119pnej lekcji b\u0119dzie dyktando. Naucz si\u0119 s\u0142\u00f3wek z tego \u0107wiczenia<\/li>\n<\/ul>\n<p><a href=\"https:\/\/wordwall.net\/pl\/embed\/91b2c376944e4b04b56ad5ceefeb1d9c?themeId=51&amp;templateId=5&amp;fontStackId=0\">https:\/\/wordwall.net\/pl\/embed\/91b2c376944e4b04b56ad5ceefeb1d9c?themeId=51&amp;templateId=5&amp;fontStackId=0<\/a><\/p>\n<ul>\n<li>4.3. &#8211; Zeszyt \u0107wicze\u0144, \u0107wiczenia 4 i 5, str. 67.<\/li>\n<li>26.2. &#8211; W zeszycie od dyktand przepisz s\u0142owa napisane na ciemnozielono.<\/li>\n<li>12.4.24 &#8211; Podr\u0119cznik, str. 98, doko\u0144cz \u0107wiczenie 5. Zeszyt \u0107wicze\u0144, strona 68, \u0107w. 6-7. Na nast\u0119pnej lekcji b\u0119dzie dyktando z wyrazami z U i \u00d3 wymiennym i niewymiennym.<\/li>\n<li>5.2.24 &#8211; Podr\u0119cznik, strona 94-95. \u0106wiczenie 9 &#8211; opdowiedz na pytania w zeszycie.<\/li>\n<li>29.1.2024 &#8211; Zeszyt \u0107wicze\u0144, \u0107wiczenia 6-8, str. 63-64.<\/li>\n<li>15.01.24 &#8211; Na lekcji przygotowywali\u015bmy postanowieniowe k\u00f3\u0142ko i krzy\u017cyk: Narysowali\u015bmy w zeszycie kratki jak do gry k\u00f3\u0142ko i krzy\u017cyk, i wpisali\u015bmy lub narysowali\u015bmy w nich dziewi\u0119\u0107 postanowie\u0144 noworocznych. Je\u015bli nie uda\u0142o si\u0119 sko\u0144czy\u0107 zadania na lekcji, nale\u017cy je doko\u0144czy\u0107 w domu. Do postanowie\u0144 wr\u00f3cimy pod koniec tego roku i skre\u015blimy to, co uda\u0142o nam si\u0119 osi\u0105gn\u0105\u0107.Na drugiej cz\u0119\u015bci lekcji powt\u00f3rzyli\u015bmy wiadomo\u015bci o rzeczowniku i jego rodzaju gramatycznym. Zadaniem domowym jest wpisa\u0107 lub narysowa\u0107 to, co znajduje si\u0119 w lod\u00f3wce. Tak jak tutaj:<br \/>\n<a href=\"https:\/\/www.canva.com\/design\/DAFyXbUUs3I\/BQU9FVPuwXZs-Gh2FR7oug\/view?utm_content=DAFyXbUUs3I&amp;utm_campaign=designshare&amp;utm_medium=link&amp;utm_source=editor\">Zadanie domowe<\/a><\/li>\n<\/ul>\n<p>Zadanie dodatkowe dla Zuzi i Magdy: Znajd\u017a rzeczowniki rodzaju m\u0119skiego ko\u0144cz\u0105ce si\u0119 na g\u0142osk\u0119 A (np. ten m\u0119\u017cczyzna) oraz rzeczowniki rodzaju \u017ce\u0144skiego ko\u0144cz\u0105ce si\u0119 na sp\u00f3\u0142g\u0142osk\u0119 (np. ta noc).<\/p>\n<ul>\n<li>11.12.23 &#8211; Wypisz z wiersza <a href=\"https:\/\/wiersze.juniora.pl\/tuwim\/tuwim_l01.html\">&#8220;Lokomotywa&#8221; Juliana Tuwima<\/a> 10 przymiotnik\u00f3w, a nast\u0119pnie napisz je w stopniu wy\u017cszym i najwy\u017cszym. Przyk\u0142ad: ci\u0119\u017ckie &#8211; ci\u0119\u017csze, &#8211; najci\u0119\u017csze.<\/li>\n<li>28.11.23 &#8211; Test na rozumienie tekstu czytanego dla Magdy:<\/li>\n<\/ul>\n<p><a href=\"https:\/\/blog.edu.turku.fi\/jezykpolski\/files\/2023\/12\/Czytanie-dla-Magdy.pdf\">Czytanie dla Magdy<\/a><\/p>\n<ul>\n<li>13.11. &#8211; Zeszyt \u0107wicze\u0144, \u0107wiczenia 1-3, strona\u00a0 61 &#8211; 62.<\/li>\n<li>23.10.<\/li>\n<\/ul>\n<p>Zeszyt \u0107wiczen, str. 59 \u0107wiczenie 4.<\/p>\n<ul>\n<li dir=\"ltr\">2.10.<\/li>\n<\/ul>\n<p>Zr\u00f3b rysunek grzyba i podpisz go. Pod rysunkiem napisz informacje:<\/p>\n<p>grzyb jadalny \/ niejadalny \/ truj\u0105cy<\/p>\n<p>wygl\u0105d: kapelusz (kolor, kszta\u0142t), trzon \/ noga: (kolor, kszta\u0142t)<\/p>\n<p>wyst\u0119powanie: np. lasy iglaste, p\u00f3\u0142nocna Europa<\/p>\n<p>Magda: kurka<\/p>\n<p>Zuzia: borowik<\/p>\n<p>Josefina: pieprznik tr\u0105bkowy (suppilovahvero)<\/p>\n<ul>\n<li>18.9.23<\/li>\n<\/ul>\n<p>Napisz jakie jest twoje ulubione miejsce w Raisio lub Rusko i dlaczego. Zr\u00f3b mu zdj\u0119cie, kt\u00f3re w\u0142o\u017cymy na nasz\u0105 stron\u0119.<\/p>\n<ul>\n<li>11.9.23<\/li>\n<\/ul>\n<p dir=\"ltr\">Podr\u0119cznik 81, \u0107wiczenia 3-5<\/p>\n","protected":false},"excerpt":{"rendered":"<p>13.5.\ud83d\udcd8 Podr\u0119cznik\u00a0 Strona 111\u00a0 \u0106w. 6-7\u00a0 6.5. Przebieg lekcji: Lekcja 21\u00a0 \ud83d\udcd5 Zeszyt \u0107wicze\u0144\u00a0 Strona 79\u00a0 \u0106w. 1 i 2\u00a0 \ud83d\udcd8 Podr\u0119cznik\u00a0 Strona 109-110\u00a0 \ud83d\udc65\u0106w. 1-5\u00a0 \ud83d\udcd8 Podr\u0119cznik\u00a0 Grrr Gramatyka\u00a0 Strona 111\u00a0 \u0106w. 6-8\u00a0 \ud83c\udfe1 Zadanie domowe (o ile nie jest zaznaczone inaczej w zeszycie): \ud83d\udcd5 Zeszyt \u0107wicze\u0144\u00a0 Strona 79-80\u00a0 Zadanie 3-6\u00a0 29.4.24 &#8211; Zeszyt \u0107wicze\u0144 , Strona 77-78 , Zadanie 5, 6 i 7\u00a0 22.4.24 &#8211; zeszyt \u0107wicze\u0144, \u0107wiczenie 1, strona 75. Napisz zdania do ilustracji wykorzystuj\u0105c podane w&#8230;<\/p>\n<p class=\"read-more\"><a class=\"btn btn-default\" href=\"https:\/\/blog.edu.turku.fi\/jezykpolski\/zadania-domowe-klasy-4-6-2\/\"> Read More<span class=\"screen-reader-text\">  Read More<\/span><\/a><\/p>\n","protected":false},"author":3176,"featured_media":0,"parent":0,"menu_order":0,"comment_status":"closed","ping_status":"closed","template":"","meta":{"footnotes":""},"class_list":["post-781","page","type-page","status-publish","hentry"],"_links":{"self":[{"href":"https:\/\/blog.edu.turku.fi\/jezykpolski\/wp-json\/wp\/v2\/pages\/781","targetHints":{"allow":["GET"]}}],"collection":[{"href":"https:\/\/blog.edu.turku.fi\/jezykpolski\/wp-json\/wp\/v2\/pages"}],"about":[{"href":"https:\/\/blog.edu.turku.fi\/jezykpolski\/wp-json\/wp\/v2\/types\/page"}],"author":[{"embeddable":true,"href":"https:\/\/blog.edu.turku.fi\/jezykpolski\/wp-json\/wp\/v2\/users\/3176"}],"replies":[{"embeddable":true,"href":"https:\/\/blog.edu.turku.fi\/jezykpolski\/wp-json\/wp\/v2\/comments?post=781"}],"version-history":[{"count":23,"href":"https:\/\/blog.edu.turku.fi\/jezykpolski\/wp-json\/wp\/v2\/pages\/781\/revisions"}],"predecessor-version":[{"id":1243,"href":"https:\/\/blog.edu.turku.fi\/jezykpolski\/wp-json\/wp\/v2\/pages\/781\/revisions\/1243"}],"wp:attachment":[{"href":"https:\/\/blog.edu.turku.fi\/jezykpolski\/wp-json\/wp\/v2\/media?parent=781"}],"curies":[{"name":"wp","href":"https:\/\/api.w.org\/{rel}","templated":true}]}}