{"id":775,"date":"2023-09-14T14:51:15","date_gmt":"2023-09-14T11:51:15","guid":{"rendered":"https:\/\/blog.edu.turku.fi\/jezykpolski\/?page_id=775"},"modified":"2024-05-17T16:15:20","modified_gmt":"2024-05-17T13:15:20","slug":"zadania-domowe-klasy-2-3","status":"publish","type":"page","link":"https:\/\/blog.edu.turku.fi\/jezykpolski\/zadania-domowe-klasy-2-3\/","title":{"rendered":"Zadania domowe klasy 2-3"},"content":{"rendered":"<ul>\n<li>16.5.24 &#8211; str. 49, \u0107w. 8a i 8b.<\/li>\n<li>11.4.24 &#8211; \u0107wiczenia zaznaczone w materiale dodatkowym.<\/li>\n<li>4.4.24. &#8211; Zeszyt \u0107wicze\u0144, lekcja 21, strona 23, zadanie 3 i 4.<\/li>\n<li>14.3.24 &#8211; Na lekcji dzieci wykonywa\u0142y nieodrobione zadanie domowe z poprzedniej lekcji. \u0106wiczyli\u015bmy te\u017c zr\u00f3\u017cnicowanie g\u0142osek SZ, S i \u015a\/SI. \u00a0Zadaniem domowym s\u0105 \u0107wiczenia 1 i 2 z podr\u0119cznika z lekcji 21 na stronie 86.<\/li>\n<li>7.3.24 &#8211; Podr\u0119cznik, lekcja 20, strona 84, \u0107wiczenia 8 i 9.<\/li>\n<li>29.2.24 &#8211; Zeszyt \u0107wicze\u0144, lekcja 20, strona 19, \u0107wiczenie 4 i 5.<\/li>\n<\/ul>\n<p>Jeremi: Podr\u0119cznik, lekcja 25, strona 102, \u0107wiczenie 1<\/p>\n<ul>\n<li>8.2.24 &#8211; Podr\u0119cznik, Lekcja 19, strona 80, \u0107wiczenie 9. Podpisz owoce: arbuz, brzoskwinia, kiwi, \u015bliwka<\/li>\n<\/ul>\n<p>Zeszyt \u0107wicze\u0144, <strong><span style=\"text-decoration: underline\">Lekcja 19<\/span><\/strong>, strona 15, \u0107wiczenie 5.<\/p>\n<p>Jeremi: Lekcja 23, zeszyt \u0107wicze\u0144, strona 32, \u0107wiczenia 6-8. W \u0107wiczeniu 8 napisz wynik s\u0142ownie.<\/p>\n<ul>\n<li>18.1.2024 -Wykonaj laurki dla babci i dziadka. Mo\u017cesz wymy\u015bli\u0107 swoje w\u0142asne \u017cyczenia albo przepisa\u0107 \u017cyczenia z laurek Emi. Zr\u00f3b laurkom zdj\u0119cie i prze\u015blij zdj\u0119cie babci w niedziel\u0119, a w poniedzia\u0142ek prze\u015blij zdj\u0119cie dziadkowi.<\/li>\n<\/ul>\n<p><a href=\"http:\/\/wspolnotapolska.org.pl\/emimaks\/lekcje\/016.pdf\">Emi i Maks w polskiej szkole, lekcja 16<\/a><\/p>\n<ul>\n<li>11.1.2024 &#8211; Doko\u0144cz pisanie noworocznych postanowie\u0144, je\u015bli nie sko\u0144czy\u0142e\u015b tego zadania podczas lekcji.<\/li>\n<li>14.12.23 &#8211; Podr\u0119cznik, lekcja 19, strona 78, \u0107wiczenie 1 i 2. Zeszyt \u0107wicze\u0144, strona 14, \u0107w. 1 i 2\n<ul>\n<li>Jeremi: Zeszyt \u0107wicze\u0144, lekcja 23, strona 30, \u0107wiczenia 2 i 3<\/li>\n<\/ul>\n<\/li>\n<li>7.12.23 &#8211; Podr\u0119cznik, lekcja 18, strona 75, \u0107wiczenie 5<\/li>\n<\/ul>\n<p>zeszyt \u0107wicze\u0144, lekcja 18, strona 11, \u0107wiczenie 4 i 5<\/p>\n<p>Jeremi &#8211; Znajd\u017a nast\u0119puj\u0105ce informacje o swoim kubku:<\/p>\n<ol>\n<li>Kiedy obraz by\u0142 namalowany?<\/li>\n<li>Gdzie si\u0119 teraz znajduje?<\/li>\n<li>Ciekawostki o obrazie lub o malarzu.<\/li>\n<\/ol>\n<ul>\n<li>30.11.23 &#8211; Napisz list do \u015awi\u0119tego Miko\u0142aja. Mo\u017cesz wzorowa\u0107 si\u0119 na tych listach:\n<ul>\n<li><a href=\"https:\/\/blog.edu.turku.fi\/jezykpolski\/files\/2023\/12\/List-do-Mikolaja.pdf\">List do Miko\u0142aja<\/a><\/li>\n<li><img loading=\"lazy\" decoding=\"async\" class=\"alignnone wp-image-992 size-full\" src=\"https:\/\/blog.edu.turku.fi\/jezykpolski\/files\/2023\/12\/List-do-swietego-Mikolaja.png\" alt=\"\" width=\"788\" height=\"743\" srcset=\"https:\/\/blog.edu.turku.fi\/jezykpolski\/files\/2023\/12\/List-do-swietego-Mikolaja.png 788w, https:\/\/blog.edu.turku.fi\/jezykpolski\/files\/2023\/12\/List-do-swietego-Mikolaja-300x283.png 300w\" sizes=\"auto, (max-width: 788px) 100vw, 788px\" \/><\/li>\n<\/ul>\n<\/li>\n<li>23.11. &#8211; Zeszyt \u0107wicze\u0144, lekcja 18, strona 11 \u0107wiczenie 3 i 4<\/li>\n<\/ul>\n<p>Jeremi: podr\u0119cznik, lekcja 18, strona 76, \u0107wiczenie 9<\/p>\n<ul>\n<li>16.11.23 &#8211; Zeszyt \u0107wicze\u0144, lekcja 18, strona 10, \u0107wiczenie 1. Wykorzystuj\u0105c zdania zapisane w zeszycie wykonaj \u0107wiczenie 2 na w zeszycie \u0107wicze\u0144 w Lekcji 18 na stronie 10. Napisz odpowiedzi pe\u0142nymi zdaniami.<\/li>\n<li>9.11.2023 &#8211; Wczoraj na lekcji wykonywali\u015bmy \u0107wiczenia z portalu Historia dla polonii. Lekcja dotyczy\u0142a nadchodz\u0105cego \u015awi\u0119ta Niepodleg\u0142o\u015bci. Uczniowie otrzymali loginy do portalu. Zadaniem domowym jest krzy\u017c\u00f3wka z kserokopii, kt\u00f3r\u0105 da\u0142am wczoraj. Odpowiedzi do krzy\u017c\u00f3wki znajduj\u0105 si\u0119 z boku, a materia\u0142y mo\u017cna znale\u017a\u0107 po zalogowaniu si\u0119 na stron\u0119. Dzieci nieobecne nie musz\u0105 wykonywa\u0107 zadania domowego. Zamiast tego mog\u0105 wykona\u0107 \u0107wiczenia na portalu Wordwall:<\/li>\n<\/ul>\n<p><iframe loading=\"lazy\" class=\"wp-embedded-content\" sandbox=\"allow-scripts\" security=\"restricted\" title=\"\u015awi\u0119to Niepodleg\u0142o\u015bci\" src=\"https:\/\/wordwall.net\/pl\/embed\/6054ec8ed54241e18a159cb8aeb3d452?themeId=0&#038;ref=oembed#?secret=gEXsMHn6IE\" data-secret=\"gEXsMHn6IE\" width=\"500\" height=\"380\" frameborder=\"0\"><\/iframe><\/p>\n<p>Te \u0107wiczenia wykonywali\u015bmy na lekcji. Mo\u017ce uda si\u0119 pobi\u0107 nasz rekord.<\/p>\n<p><iframe loading=\"lazy\" class=\"wp-embedded-content\" sandbox=\"allow-scripts\" security=\"restricted\" title=\"Ile wiesz o \u015awi\u0119cie Niepodleg\u0142o\u015bci?\" src=\"https:\/\/wordwall.net\/pl\/embed\/7b42001ee09c49a49c2d5807ed60165a?themeId=46&#038;ref=oembed#?secret=qAjd8ZNYil\" data-secret=\"qAjd8ZNYil\" width=\"500\" height=\"380\" frameborder=\"0\"><\/iframe><\/p>\n<p><iframe loading=\"lazy\" class=\"wp-embedded-content\" sandbox=\"allow-scripts\" security=\"restricted\" title=\"\u015awi\u0119to Niepodleg\u0142o\u015bci\" src=\"https:\/\/wordwall.net\/pl\/embed\/97778cdc398d455eba997fd93182be4e?themeId=0&#038;ref=oembed#?secret=f0mletEj14\" data-secret=\"f0mletEj14\" width=\"500\" height=\"380\" frameborder=\"0\"><\/iframe><\/p>\n<ul>\n<li>26.10.23<\/li>\n<\/ul>\n<p>Na podstawie wiersza w podr\u0119czniku z Lekcji 17 na stronie 73, zr\u00f3b zadanie 7 w zeszycie \u0107wicze\u0144 na stronie 8 w Lekcji 17. Wykonaj zadania 8 i 9 z tej samej strony. W zadaniu 9 napisz wynik s\u0142ownie.<\/p>\n<p>UWAGA! W przysz\u0142ym tygodniu jest &#8220;wolna lekcja&#8221;. B\u0119dziemy lepili pierogi. Ja zajm\u0119 si\u0119 przygotowaniem ciasta i farszem na pierogi ruskie. Je\u017celi nie lubisz ruskich pierg\u00f3w, mo\u017cesz przynie\u015b\u0107 sw\u00f3j w\u0142asny farsz.<\/p>\n<ul>\n<li>12.10.23<\/li>\n<\/ul>\n<p>Lekcja 17<\/p>\n<p>zeszyt \u0107wicze\u0144, strona 6 i 7, \u0107wiczenia 3-6<\/p>\n<ul>\n<li>5.10.23<\/li>\n<\/ul>\n<p>Lekcja 17<\/p>\n<p>zeszyt \u0107wicze\u0144, strona 6, \u0107wiczenie 1 i 2<\/p>\n<ul>\n<li>21.9.23<\/li>\n<\/ul>\n<p>Lekcja 15, zeszyt cwiczen, zadania 4 i 5, str. 61<\/p>\n<p>Sara: Lekcja 16, zeszyt cwiczen, zadania 1 i 2, str. 2<\/p>\n<ul>\n<li>14.9.23<\/li>\n<\/ul>\n<p>Lekcja 14<\/p>\n<p>Zeszyt \u0107wicze\u0144,<\/p>\n<p>\u0107wiczenia 1-3, strona 60<\/p>\n<p dir=\"ltr\">Napisz jakie jest twoje ulubione miejsce w Salo i dlaczego. Zr\u00f3b mu zdjecie, ktore w\u0142o\u017cymy na nasz\u0105 stron\u0119.<\/p>\n<p>&nbsp;<\/p>\n<p dir=\"ltr\">Moim ulubionym miejscem w Salo jest ____________. Znajduje sie ono ______________. To moje ulubione miejsce, bo ____________.<\/p>\n","protected":false},"excerpt":{"rendered":"<p>16.5.24 &#8211; str. 49, \u0107w. 8a i 8b. 11.4.24 &#8211; \u0107wiczenia zaznaczone w materiale dodatkowym. 4.4.24. &#8211; Zeszyt \u0107wicze\u0144, lekcja 21, strona 23, zadanie 3 i 4. 14.3.24 &#8211; Na lekcji dzieci wykonywa\u0142y nieodrobione zadanie domowe z poprzedniej lekcji. \u0106wiczyli\u015bmy te\u017c zr\u00f3\u017cnicowanie g\u0142osek SZ, S i \u015a\/SI. \u00a0Zadaniem domowym s\u0105 \u0107wiczenia 1 i 2 z podr\u0119cznika z lekcji 21 na stronie 86. 7.3.24 &#8211; Podr\u0119cznik, lekcja 20, strona 84, \u0107wiczenia 8 i 9. 29.2.24 &#8211; Zeszyt \u0107wicze\u0144, lekcja 20, strona&#8230;<\/p>\n<p class=\"read-more\"><a class=\"btn btn-default\" href=\"https:\/\/blog.edu.turku.fi\/jezykpolski\/zadania-domowe-klasy-2-3\/\"> Read More<span class=\"screen-reader-text\">  Read More<\/span><\/a><\/p>\n","protected":false},"author":3176,"featured_media":0,"parent":0,"menu_order":0,"comment_status":"closed","ping_status":"closed","template":"","meta":{"footnotes":""},"class_list":["post-775","page","type-page","status-publish","hentry"],"_links":{"self":[{"href":"https:\/\/blog.edu.turku.fi\/jezykpolski\/wp-json\/wp\/v2\/pages\/775","targetHints":{"allow":["GET"]}}],"collection":[{"href":"https:\/\/blog.edu.turku.fi\/jezykpolski\/wp-json\/wp\/v2\/pages"}],"about":[{"href":"https:\/\/blog.edu.turku.fi\/jezykpolski\/wp-json\/wp\/v2\/types\/page"}],"author":[{"embeddable":true,"href":"https:\/\/blog.edu.turku.fi\/jezykpolski\/wp-json\/wp\/v2\/users\/3176"}],"replies":[{"embeddable":true,"href":"https:\/\/blog.edu.turku.fi\/jezykpolski\/wp-json\/wp\/v2\/comments?post=775"}],"version-history":[{"count":26,"href":"https:\/\/blog.edu.turku.fi\/jezykpolski\/wp-json\/wp\/v2\/pages\/775\/revisions"}],"predecessor-version":[{"id":1252,"href":"https:\/\/blog.edu.turku.fi\/jezykpolski\/wp-json\/wp\/v2\/pages\/775\/revisions\/1252"}],"wp:attachment":[{"href":"https:\/\/blog.edu.turku.fi\/jezykpolski\/wp-json\/wp\/v2\/media?parent=775"}],"curies":[{"name":"wp","href":"https:\/\/api.w.org\/{rel}","templated":true}]}}