{"id":55,"date":"2021-05-24T22:06:39","date_gmt":"2021-05-24T19:06:39","guid":{"rendered":"https:\/\/blog.edu.turku.fi\/jezykpolski\/?page_id=55"},"modified":"2024-05-15T18:43:07","modified_gmt":"2024-05-15T15:43:07","slug":"zadania-domowe-klasy-4-6","status":"publish","type":"page","link":"https:\/\/blog.edu.turku.fi\/jezykpolski\/lowcy-skarbow\/zadania-domowe-klasy-4-6\/","title":{"rendered":"Zadania domowe"},"content":{"rendered":"<ul>\n<li>14.5. &#8211; Podr\u0119cznik, str. 131, \u0107w. 5, zeszyt \u0107wicze\u0144, strona 94-95, \u0107wiczenie 5.<\/li>\n<li>7.4. &#8211; Podr\u0119cznik, str. 129-130, \u0107w. 2 i \u0107w. 3. Napisz swoje pomys\u0142y w zeszycie.<\/li>\n<li>30.4. &#8211; Mi\u0142ego \u015awi\u0119ta Pracy!\n<ul>\n<li>Zadania jak poni\u017cej.<\/li>\n<\/ul>\n<\/li>\n<li>23.4.24 &#8211; Sp\u00f3\u0142g\u0142oski mi\u0119kkie. Po\u0107wicz pisowni\u0119 wyraz\u00f3w ze sp\u00f3\u0142g\u0142oskami mi\u0119kkimi \u0107\/ci, \u015b\/si, d\u017a\/dzi, \u0144\/ni, \u017a\/zi.\n<ul>\n<li><a href=\"https:\/\/pisupisu.pl\/klasa1\/si-i-s-wybierz-nauka\">https:\/\/pisupisu.pl\/klasa1\/si-i-s-wybierz-nauka<\/a><\/li>\n<li><a href=\"https:\/\/pisupisu.pl\/klasa1\/ci-i-c-wybierz-nauka\">https:\/\/pisupisu.pl\/klasa1\/ci-i-c-wybierz-nauka<\/a><\/li>\n<li><a href=\"https:\/\/pisupisu.pl\/klasa2\/ci-i-c-wpisz\">https:\/\/pisupisu.pl\/klasa2\/ci-i-c-wpisz<\/a><\/li>\n<li><a href=\"https:\/\/pisupisu.pl\/klasa2\/si-i-s-wpisz\">https:\/\/pisupisu.pl\/klasa2\/si-i-s-wpisz<\/a><\/li>\n<li><a href=\"https:\/\/pisupisu.pl\/klasa2\/si-i-s-wybierz-puzzle\">https:\/\/pisupisu.pl\/klasa2\/si-i-s-wybierz-puzzle<\/a><\/li>\n<\/ul>\n<\/li>\n<\/ul>\n<p>Na nast\u0119pnej lekcji b\u0119dzie dyktando z wyrazami ze sp\u00f3\u0142g\u0142oskami mi\u0119kkimi.<\/p>\n<ul>\n<li>16.04.24 &#8211; Zeszyt \u0107wicze\u0144, \u0107wiczenie 4, str. 91-92.<\/li>\n<li>\u00a009.04.2024\n<ul>\n<li>Zeszyt \u0107wicze\u0144, strona 92, zadanie 5.<\/li>\n<li>Wystawy w muzeach i skansenach zwykle s\u0142u\u017c\u0105 do przybli\u017cenia nam historii. W domach bab\u0107 i dziadk\u00f3w takie prywatne miejsca pami\u0119ci historycznej to pude\u0142ka lub szuflady ze starymi<br \/>\nzdj\u0119ciami, a tak\u017ce strychy, piwnice lub gara\u017ce. Jakie rzeczy mo\u017cecie znale\u017a\u0107 w takich miejscach? Mo\u017ce sami te\u017c macie jakie\u015b ciekawe do\u015bwiadczenia w odkrywaniu pami\u0105tek przesz\u0142o\u015bci? Je\u015bli to mo\u017cliwe, przynie\u015bcie &#8220;starocie&#8221; albo ich zdj\u0119cie na nast\u0119pn\u0105 lekcj\u0119. Opowiedzcie histori\u0119 zwi\u0105zan\u0105 z tym przedmiotem.<\/li>\n<\/ul>\n<\/li>\n<li>02.04.2024 &#8211; Zeszyt \u0107wicze\u0144, strona 90, zadanie 2 (Na lekcji robili\u015bmy \u0107wiczenie 1 ze strony 90 w zeszycie \u0107wicze\u0144 i zadania 1-3 ze stron 124-126 w podr\u0119czniku.).<\/li>\n<li>19.3.24 &#8211; Na przysz\u0142ej lekcji b\u0119dziemy piekli mazurki z tego przepisu: <a href=\"https:\/\/www.kwestiasmaku.com\/desery\/mazurki\/kajmakowy\/mazurki.html\">https:\/\/www.kwestiasmaku.com\/desery\/mazurki\/kajmakowy\/mazurki.html<\/a>. Ja zapewni\u0119 sk\u0142adniki na ciasto i polew\u0119 oraz p\u0142atki migda\u0142owe. Mo\u017cna przynie\u015b\u0107 w\u0142asne orzechy i bakalie do dekoracji. Je\u015bli ucze\u0144 chce zrobi\u0107 mazurek z innego przepisu, prosz\u0119 o przes\u0142anie mi go na WhatsApp, \u017cebym mog\u0142a wydrukowa\u0107 przepis. Sk\u0142adniki na inny mazurek ucze\u0144 zapewnia sobie sam. Prosz\u0119 przynie\u015b\u0107 pojemniki na ciasto.\n<ul>\n<li>Zadanie domowe: Materia\u0142y o wio\u015bnie, strona 155, \u0107w. 5b i 6.<\/li>\n<\/ul>\n<\/li>\n<li>12.3. &#8211; podr\u0119cznik, strona 123, \u0107wiczenie 11. Przypomnij sobie tekst czytanki i odpowiedz na pytania w zeszycie.<\/li>\n<li>5.3.24 &#8211; Zeszyt \u0107wicze\u0144, str. 88-89, \u0107wiczenia 4 i 5.<\/li>\n<li>27.2.24 &#8211; Zeszyt \u0107wicze\u0144, str. 87-88, \u0107wiczenia 2-3<\/li>\n<li>13.2.24 &#8211; \u0106wiczenia, strona 68, \u0107w. 8<\/li>\n<li>6.2.24 &#8211; \u0106wiczenia, strona 85, \u0107wiczenia 6 i 7<\/li>\n<li>30.1.2024 &#8211; \u0106wiczenie 3 i 4, strona 84, zeszyt \u0107wicze\u0144.<\/li>\n<li>23.1.24 &#8211; zeszyt \u0107wicze\u0144, strona 82, druga cz\u0119\u015b\u0107 \u0107wiczenia 8: Opisz swoich koleg\u00f3w z klasy, z dru\u017cyny pi\u0142karskiej, z zaj\u0119\u0107 dodatkowych. Napisz, jacy s\u0105 (zalety i wady), co lubi\u0105 robi\u0107, dlaczego ich lubisz.<\/li>\n<li>9.1.24 &#8211; podr\u0119cznik, str. 113, zad. 11 (pytanie nr. 6 za dodatkowy punkt).<\/li>\n<\/ul>\n<p style=\"text-align: center\">UWAGA!<\/p>\n<p>Nast\u0119pna lekcja to wolna lekcja. Pieczemy w\u0142asne pizze. Ciasto, ser bez laktozy oraz sos pomidorowy, do kt\u00f3rego b\u0119dzie mo\u017cna doda\u0107 czosnek i zio\u0142a (oregano i bazylia) b\u0119d\u0105 dost\u0119pne w szkole. Prosz\u0119 przynie\u015b\u0107 swoje ulubione dodatki.<\/p>\n<ul>\n<li>1.12.23 &#8211; *Zagraj z rodzin\u0105 w \u015bwi\u0105teczny Blooket. Otw\u00f3rz w\u0142asn\u0105 kafejk\u0119 i zdob\u0105d\u017a jak najwi\u0119cej punkt\u00f3w. Gra jest dost\u0119pna do ko\u0144ca tego roku.\n<ol>\n<li><a href=\"https:\/\/play.blooket.com\/play?hwId=6581bed4713af0f624a32d0d\">\u015awi\u0105teczne s\u0142ownictwo<\/a><\/li>\n<li><a href=\"https:\/\/play.blooket.com\/play?hwId=6581c1ff285d8bddf9bb56fb\">Potrawy wigilijne<\/a><\/li>\n<\/ol>\n<\/li>\n<li>1.2.12.23 &#8211; Zeszyt \u0107wicze\u0144, \u0107wiczenie 6, strona 80.<\/li>\n<li>5.12.2023 &#8211; Dla uczni\u00f3w nieobecnych: Napisz list do \u015awi\u0119tego Miko\u0142aja. Mo\u017cesz wzorowa\u0107 si\u0119 na tych listach:\n<ul>\n<li><a href=\"https:\/\/blog.edu.turku.fi\/jezykpolski\/files\/2023\/12\/List-do-Mikolaja.pdf\">List do Miko\u0142aja<\/a><\/li>\n<li><img loading=\"lazy\" decoding=\"async\" class=\"alignnone wp-image-992 size-full\" src=\"https:\/\/blog.edu.turku.fi\/jezykpolski\/files\/2023\/12\/List-do-swietego-Mikolaja.png\" alt=\"\" width=\"788\" height=\"743\" srcset=\"https:\/\/blog.edu.turku.fi\/jezykpolski\/files\/2023\/12\/List-do-swietego-Mikolaja.png 788w, https:\/\/blog.edu.turku.fi\/jezykpolski\/files\/2023\/12\/List-do-swietego-Mikolaja-300x283.png 300w\" sizes=\"auto, (max-width: 788px) 100vw, 788px\" \/><\/li>\n<li>Dla uczni\u00f3w, kt\u00f3rzy byli obecni na lekcji: Wr\u00f3\u0107 do lekcji 10 w zeszycie \u0107wicze\u0144, z \u0107wiczenia 1 (i \u0107wiczenia 2) na stronie 38 wypisz zawody do zeszytu, a nast\u0119pnie napisz liczb\u0119 mnog\u0105 tych wyraz\u00f3w. Przyk\u0142ad: <em>aktor &#8211; aktorzy<\/em>. Je\u015bli nie jeste\u015b pewien formy, sprawd\u017a w <a href=\"https:\/\/pl.wiktionary.org\/wiki\/Wikis%C5%82ownik:Strona_g%C5%82%C3%B3wna\">wikis\u0142owniku.<\/a><\/li>\n<\/ul>\n<\/li>\n<li>28.11.23 &#8211; Zeszyt \u0107wicze\u0144, strony 79-80, \u0107wiczenia 3-5<\/li>\n<li>21.11.23 &#8211; Zeszyt \u0107wicze\u0144, strona 79, \u0107wiczenie 2<\/li>\n<li>14.11.23 &#8211; Na portalu <a href=\"https:\/\/www.historiadlapolonii.pl\/\">historia dla polonii<\/a>, wykonaj lekcj\u0119 &#8220;Z ziemi w\u0142oskiej do Polski. \u017bo\u0142nierze polscy w legionach D\u0105browskiego.&#8221; B\u0105d\u017a przygotowany do odpowiedzi na pytania do lekcji, kt\u00f3re zada nauczyciel.<\/li>\n<li>06.11.23 &#8211; zeszyt \u0107wicze\u0144, str. 77-78, \u0107w. 6 i 7<\/li>\n<li>24.10.23 &#8211; zeszyt \u0107wicze\u0144, str. 76, \u0107w. 2 i 3<\/li>\n<\/ul>\n<p>Uwaga! W nast\u0119pnym tygodniu jest &#8220;z\u0142ota lekcja&#8221;. B\u0119dziemy ogl\u0105da\u0107 film pt. &#8220;Magiczne drzewo&#8221;. Dzieci mog\u0105 przynie\u015b\u0107 co\u015b do jedzenia i przebra\u0107 si\u0119.<\/p>\n<ul>\n<li>10.10.23 &#8211; zeszyt \u0107wicze\u0144, str. 7374, \u0107w. 4 i 5<\/li>\n<li>3.10.23 &#8211; zeszyt \u0107wicze\u0144, strona 73, \u0107wiczenie 3<\/li>\n<li>26.9.2023 &#8211; zeszyt \u0107wicze\u0144, strona 72, zadanie 2<\/li>\n<li>19.9.23 &#8211; zeszyt \u0107wicze\u0144, \u0107wiczenia 6-12, strony 68-71<\/li>\n<li>12.9.2023 &#8211; zeszyt \u0107wicze\u0144, strony 66-67, \u0107wiczenia 3-5<\/li>\n<li>05.09.23 &#8211; podr\u0119cznik, \u0107wiczenie 9. Odpowiedz na pytania w zeszycie.<\/li>\n<li>29.08.23 &#8211; \u0106w. 7 i 8, str. 63-64 w zeszycie \u0107wicze\u0144<\/li>\n<li>22.08.23 &#8211; \u0106w. 3 &#8211; 5 , str. 62-63 w zeszycie \u0107wicze\u0144<\/li>\n<\/ul>\n","protected":false},"excerpt":{"rendered":"<p>14.5. &#8211; Podr\u0119cznik, str. 131, \u0107w. 5, zeszyt \u0107wicze\u0144, strona 94-95, \u0107wiczenie 5. 7.4. &#8211; Podr\u0119cznik, str. 129-130, \u0107w. 2 i \u0107w. 3. Napisz swoje pomys\u0142y w zeszycie. 30.4. &#8211; Mi\u0142ego \u015awi\u0119ta Pracy! Zadania jak poni\u017cej. 23.4.24 &#8211; Sp\u00f3\u0142g\u0142oski mi\u0119kkie. Po\u0107wicz pisowni\u0119 wyraz\u00f3w ze sp\u00f3\u0142g\u0142oskami mi\u0119kkimi \u0107\/ci, \u015b\/si, d\u017a\/dzi, \u0144\/ni, \u017a\/zi. https:\/\/pisupisu.pl\/klasa1\/si-i-s-wybierz-nauka https:\/\/pisupisu.pl\/klasa1\/ci-i-c-wybierz-nauka https:\/\/pisupisu.pl\/klasa2\/ci-i-c-wpisz https:\/\/pisupisu.pl\/klasa2\/si-i-s-wpisz https:\/\/pisupisu.pl\/klasa2\/si-i-s-wybierz-puzzle Na nast\u0119pnej lekcji b\u0119dzie dyktando z wyrazami ze sp\u00f3\u0142g\u0142oskami mi\u0119kkimi. 16.04.24 &#8211; Zeszyt \u0107wicze\u0144, \u0107wiczenie 4, str. 91-92. \u00a009.04.2024 Zeszyt \u0107wicze\u0144, strona 92, zadanie&#8230;<\/p>\n<p class=\"read-more\"><a class=\"btn btn-default\" href=\"https:\/\/blog.edu.turku.fi\/jezykpolski\/lowcy-skarbow\/zadania-domowe-klasy-4-6\/\"> Read More<span class=\"screen-reader-text\">  Read More<\/span><\/a><\/p>\n","protected":false},"author":3176,"featured_media":0,"parent":17,"menu_order":0,"comment_status":"closed","ping_status":"closed","template":"","meta":{"footnotes":""},"class_list":["post-55","page","type-page","status-publish","hentry"],"_links":{"self":[{"href":"https:\/\/blog.edu.turku.fi\/jezykpolski\/wp-json\/wp\/v2\/pages\/55","targetHints":{"allow":["GET"]}}],"collection":[{"href":"https:\/\/blog.edu.turku.fi\/jezykpolski\/wp-json\/wp\/v2\/pages"}],"about":[{"href":"https:\/\/blog.edu.turku.fi\/jezykpolski\/wp-json\/wp\/v2\/types\/page"}],"author":[{"embeddable":true,"href":"https:\/\/blog.edu.turku.fi\/jezykpolski\/wp-json\/wp\/v2\/users\/3176"}],"replies":[{"embeddable":true,"href":"https:\/\/blog.edu.turku.fi\/jezykpolski\/wp-json\/wp\/v2\/comments?post=55"}],"version-history":[{"count":114,"href":"https:\/\/blog.edu.turku.fi\/jezykpolski\/wp-json\/wp\/v2\/pages\/55\/revisions"}],"predecessor-version":[{"id":1245,"href":"https:\/\/blog.edu.turku.fi\/jezykpolski\/wp-json\/wp\/v2\/pages\/55\/revisions\/1245"}],"up":[{"embeddable":true,"href":"https:\/\/blog.edu.turku.fi\/jezykpolski\/wp-json\/wp\/v2\/pages\/17"}],"wp:attachment":[{"href":"https:\/\/blog.edu.turku.fi\/jezykpolski\/wp-json\/wp\/v2\/media?parent=55"}],"curies":[{"name":"wp","href":"https:\/\/api.w.org\/{rel}","templated":true}]}}