{"id":51,"date":"2021-05-24T21:59:48","date_gmt":"2021-05-24T18:59:48","guid":{"rendered":"https:\/\/blog.edu.turku.fi\/jezykpolski\/?page_id=51"},"modified":"2024-05-15T18:46:44","modified_gmt":"2024-05-15T15:46:44","slug":"zadania-domowe-klasy-2-i-3","status":"publish","type":"page","link":"https:\/\/blog.edu.turku.fi\/jezykpolski\/kaczorki\/zadania-domowe-klasy-2-i-3\/","title":{"rendered":"Zadania domowe klasa 2"},"content":{"rendered":"<ul>\n<li>15.5. &#8211; Lekcja 23, zeszyt \u0107wicze\u0144, strona 30, \u0107wiczenia 1-3<\/li>\n<li>8.5. &#8211; Rodzaj rzeczownika<\/li>\n<\/ul>\n<p>Dzisiaj na lekcji wykonywali\u015bmy nast\u0119puj\u0105ce zadania:<\/p>\n<p><span data-contrast=\"auto\">\ud83d\udcd8<\/span><span data-contrast=\"auto\"> Podr\u0119cznik<\/span><span data-ccp-props=\"{&quot;201341983&quot;:0,&quot;335559740&quot;:279}\">\u00a0<\/span><\/p>\n<ul>\n<li data-leveltext=\"\uf0b7\" data-font=\"Symbol\" data-listid=\"1\" data-list-defn-props=\"{&quot;335552541&quot;:1,&quot;335559685&quot;:720,&quot;335559991&quot;:360,&quot;469769226&quot;:&quot;Symbol&quot;,&quot;469769242&quot;:[8226],&quot;469777803&quot;:&quot;left&quot;,&quot;469777804&quot;:&quot;\uf0b7&quot;,&quot;469777815&quot;:&quot;hybridMultilevel&quot;}\" data-aria-posinset=\"1\" data-aria-level=\"1\"><span data-contrast=\"auto\">Strona 87<\/span><span data-ccp-props=\"{&quot;201341983&quot;:0,&quot;335559740&quot;:279}\">\u00a0<\/span>\n<ul>\n<li data-leveltext=\"o\" data-font=\"Courier New\" data-listid=\"1\" data-list-defn-props=\"{&quot;335552541&quot;:1,&quot;335559685&quot;:1440,&quot;335559991&quot;:360,&quot;469769226&quot;:&quot;Courier New&quot;,&quot;469769242&quot;:[9675],&quot;469777803&quot;:&quot;left&quot;,&quot;469777804&quot;:&quot;o&quot;,&quot;469777815&quot;:&quot;hybridMultilevel&quot;}\" data-aria-posinset=\"1\" data-aria-level=\"2\"><span data-contrast=\"auto\">\u0106w. 3<\/span><span data-ccp-props=\"{&quot;201341983&quot;:0,&quot;335559740&quot;:279}\">\u00a0<\/span><\/li>\n<li data-leveltext=\"o\" data-font=\"Courier New\" data-listid=\"1\" data-list-defn-props=\"{&quot;335552541&quot;:1,&quot;335559685&quot;:1440,&quot;335559991&quot;:360,&quot;469769226&quot;:&quot;Courier New&quot;,&quot;469769242&quot;:[9675],&quot;469777803&quot;:&quot;left&quot;,&quot;469777804&quot;:&quot;o&quot;,&quot;469777815&quot;:&quot;hybridMultilevel&quot;}\" data-aria-posinset=\"3\" data-aria-level=\"2\"><span data-contrast=\"auto\">\u0106w. 5<\/span><span data-ccp-props=\"{&quot;201341983&quot;:0,&quot;335559740&quot;:279}\">\u00a0<\/span><\/li>\n<\/ul>\n<\/li>\n<\/ul>\n<ul>\n<li data-leveltext=\"\uf0b7\" data-font=\"Symbol\" data-listid=\"1\" data-list-defn-props=\"{&quot;335552541&quot;:1,&quot;335559685&quot;:720,&quot;335559991&quot;:360,&quot;469769226&quot;:&quot;Symbol&quot;,&quot;469769242&quot;:[8226],&quot;469777803&quot;:&quot;left&quot;,&quot;469777804&quot;:&quot;\uf0b7&quot;,&quot;469777815&quot;:&quot;hybridMultilevel&quot;}\" data-aria-posinset=\"3\" data-aria-level=\"1\"><span data-contrast=\"auto\">Strona 88<\/span><span data-ccp-props=\"{&quot;201341983&quot;:0,&quot;335559740&quot;:279}\">\u00a0<\/span><\/li>\n<\/ul>\n<ul>\n<li style=\"list-style-type: none\">\n<ul>\n<li data-leveltext=\"o\" data-font=\"Courier New\" data-listid=\"1\" data-list-defn-props=\"{&quot;335552541&quot;:1,&quot;335559685&quot;:1440,&quot;335559991&quot;:360,&quot;469769226&quot;:&quot;Courier New&quot;,&quot;469769242&quot;:[9675],&quot;469777803&quot;:&quot;left&quot;,&quot;469777804&quot;:&quot;o&quot;,&quot;469777815&quot;:&quot;hybridMultilevel&quot;}\" data-aria-posinset=\"6\" data-aria-level=\"2\"><span data-contrast=\"auto\">\u0106w. 6<\/span><span data-ccp-props=\"{&quot;201341983&quot;:0,&quot;335559740&quot;:279}\">\u00a0<\/span><\/li>\n<li data-leveltext=\"o\" data-font=\"Courier New\" data-listid=\"1\" data-list-defn-props=\"{&quot;335552541&quot;:1,&quot;335559685&quot;:1440,&quot;335559991&quot;:360,&quot;469769226&quot;:&quot;Courier New&quot;,&quot;469769242&quot;:[9675],&quot;469777803&quot;:&quot;left&quot;,&quot;469777804&quot;:&quot;o&quot;,&quot;469777815&quot;:&quot;hybridMultilevel&quot;}\" data-aria-posinset=\"7\" data-aria-level=\"2\"><span data-contrast=\"auto\">\u0106w. 7<\/span><span data-ccp-props=\"{&quot;201341983&quot;:0,&quot;335559740&quot;:279}\">\u00a0<\/span><\/li>\n<\/ul>\n<\/li>\n<\/ul>\n<p><span class=\"TextRun SCXW181376894 BCX0\" lang=\"EN-US\" xml:lang=\"EN-US\" data-contrast=\"auto\"><span class=\"NormalTextRun SCXW181376894 BCX0\">\ud83c\udfe1<\/span><\/span> Zadanie domowe: Lekcja 21, Zeszyt \u0107wicze\u0144<span data-ccp-props=\"{&quot;201341983&quot;:0,&quot;335559685&quot;:0,&quot;335559740&quot;:279}\">\u00a0<\/span><\/p>\n<ul>\n<li data-leveltext=\"\uf0b7\" data-font=\"Symbol\" data-listid=\"2\" data-list-defn-props=\"{&quot;335552541&quot;:1,&quot;335559685&quot;:720,&quot;335559991&quot;:360,&quot;469769226&quot;:&quot;Symbol&quot;,&quot;469769242&quot;:[8226],&quot;469777803&quot;:&quot;left&quot;,&quot;469777804&quot;:&quot;\uf0b7&quot;,&quot;469777815&quot;:&quot;hybridMultilevel&quot;}\" data-aria-posinset=\"4\" data-aria-level=\"1\"><span data-contrast=\"auto\">Strona 23-24<\/span><span data-ccp-props=\"{&quot;201341983&quot;:0,&quot;335559740&quot;:279}\">\u00a0<\/span><\/li>\n<\/ul>\n<ul>\n<li style=\"list-style-type: none\">\n<ul>\n<li data-leveltext=\"o\" data-font=\"Courier New\" data-listid=\"2\" data-list-defn-props=\"{&quot;335552541&quot;:1,&quot;335559685&quot;:1440,&quot;335559991&quot;:360,&quot;469769226&quot;:&quot;Courier New&quot;,&quot;469769242&quot;:[9675],&quot;469777803&quot;:&quot;left&quot;,&quot;469777804&quot;:&quot;o&quot;,&quot;469777815&quot;:&quot;hybridMultilevel&quot;}\" data-aria-posinset=\"8\" data-aria-level=\"2\"><span data-contrast=\"auto\">\u0106w. 3, 5 i 6<\/span><\/li>\n<\/ul>\n<\/li>\n<li>24.4. &#8211; Zadanie domowe jak poni\u017cej.<\/li>\n<li>17.4.24 &#8211; Lekcja 21, zeszyt \u0107wicze\u0144, strona 22, \u0107wiczenia 1 i 2.<\/li>\n<li>10.4.24 &#8211; Uczniowie maj\u0105 zaznaczone zadanie domowe w zeszycie \u0107wicze\u0144. Wed\u0142ug tego co jest zaznaczone w \u0107wiczeniach, s\u0105 to zadania od 4 do 7 z lekcji 20 na stronach 19 i 20.<\/li>\n<li>3.4.24 &#8211; Lekcja 20, podr\u0119cznik, strona 84,\n<ul>\n<li>\u0107wiczenie 8.\u00a0<em>W teatrze pracuje aktor. W szkole pracuje&#8230;<\/em><\/li>\n<li>\u0107wiczenie 9. Znajd\u017a nazwy ludzi i zapisz je w zeszycie.<\/li>\n<\/ul>\n<\/li>\n<li>20.3.24 &#8211; Lekcja 20, zeszyt \u0107wicze\u0144, strona 18, \u0107wiczenia 1-3.<\/li>\n<li>6.3.24 &#8211; Lekcja 19, zeszyt \u0107wicze\u0144, strona 16, \u0107wiczenia 6-8.<\/li>\n<li>28.2.24 &#8211; Lekcja 19, podr\u0119cznik, strona 79, \u0107wiczenie 3 oraz zeszyt \u0107wicze\u0144, strona 15, \u0107wiczenie 4 i 5.<\/li>\n<li>7.2.24 &#8211; podr\u0119cznik, lekcja 18, strona 74, \u0107wiczenia 1 i 2<\/li>\n<li>24.1.24<\/li>\n<\/ul>\n<ol>\n<li>Naucz si\u0119 m\u00f3wi\u0107 po polsku kiedy s\u0105 twoje urodziny.<\/li>\n<li>Naucz si\u0119 nazw miesi\u0119cy po polsku.<\/li>\n<\/ol>\n<ul>\n<li>17.1.2024<\/li>\n<\/ul>\n<p>Wykonaj laurki dla babci i dziadka. Mo\u017cesz wymy\u015bli\u0107 swoje w\u0142asne \u017cyczenia albo przepisa\u0107 \u017cyczenia z laurek Emi. Zr\u00f3b laurkom zdj\u0119cie i prze\u015blij zdj\u0119cie babci w niedziel\u0119, a w poniedzia\u0142ek prze\u015blij zdj\u0119cie dziadkowi.<\/p>\n<p><a href=\"http:\/\/wspolnotapolska.org.pl\/emimaks\/lekcje\/016.pdf\">Emi i Maks w polskiej szkole, lekcja 16<\/a><\/p>\n<ul>\n<li>13.12.23 &#8211; Podr\u0119cznik, lekcja 17, strona 72, \u0107wiczenie 7.<\/li>\n<li>29.11.23 &#8211; Napisz list do \u015awi\u0119tego Miko\u0142aja. Mo\u017cesz wzorowa\u0107 si\u0119 na tych listach:\n<ul>\n<li><a href=\"https:\/\/blog.edu.turku.fi\/jezykpolski\/files\/2023\/12\/List-do-Mikolaja.pdf\">List do Miko\u0142aja<\/a><\/li>\n<li><img loading=\"lazy\" decoding=\"async\" class=\"alignnone wp-image-992 size-full\" src=\"https:\/\/blog.edu.turku.fi\/jezykpolski\/files\/2023\/12\/List-do-swietego-Mikolaja.png\" alt=\"\" width=\"788\" height=\"743\" srcset=\"https:\/\/blog.edu.turku.fi\/jezykpolski\/files\/2023\/12\/List-do-swietego-Mikolaja.png 788w, https:\/\/blog.edu.turku.fi\/jezykpolski\/files\/2023\/12\/List-do-swietego-Mikolaja-300x283.png 300w\" sizes=\"auto, (max-width: 788px) 100vw, 788px\" \/><\/li>\n<\/ul>\n<\/li>\n<\/ul>\n<p>Uczniowie, kt\u00f3rzy napisali list na lekcji, nie maj\u0105 zadania domowego. Uczniowie, kt\u00f3rzy zacz\u0119li pisa\u0107 list na lekcji, ko\u0144cz\u0105 pisanie listu w domu.<\/p>\n<ul>\n<li>22.11.23 &#8211; Lekcja 17: podr\u0119cznik, strona 71, \u0107wiczenie 4, zeszyt \u0107wicze\u0144, strona 6, \u0107wiczenia 3 i 4.<\/li>\n<li>14.11.23 &#8211; Podr\u0119cznik, Lekcja 17, strona 70, \u0107wiczenia 1, 2 i 3.<\/li>\n<li>8.11.23 &#8211; Naucz si\u0119 czyta\u0107 wierszyka ze strony 69 w podr\u0119czniku. Podkre\u015bl w nim wszystkie wyrazy z\u00a0<strong>sz<\/strong>,\u00a0<strong>cz<\/strong> i\u00a0<strong>rz<\/strong>.<\/li>\n<li>01.11.23 &#8211; nie ma zadania domowego<\/li>\n<li>25.10.23 &#8211; Podr\u0119cznik, Lekcja 16, strona 67, \u0107wiczenie 5. Przepisz dni tygodnia do zeszytu.<\/li>\n<\/ul>\n<p>Zeszyt \u0107wicze\u0144, Lekcja 16, strona 2, \u0107wiczenia 1 i 2.<\/p>\n<ul>\n<li>11.10.23 &#8211; Dzieci maj\u0105 zaznaczone zadanie domowe w ksi\u0105\u017ckach. Nieobecni s\u0105 zwolnieni z zadania domowego.<\/li>\n<li>27.9.23 &#8211; Dyktando &#8211; wyrazy: jarz\u0119bina, d\u0105b, \u017co\u0142\u0119dzie, klon, ziemniak, dynia, grzyby, kasztany, orzech w\u0142oski, orzech laskowy<\/li>\n<\/ul>\n<p>UWAGA! Za tydzie\u0144 jest wolna lekcja. Dzieci mog\u0105 przynie\u015b\u0107 s\u0142odycze i zabawki.<\/p>\n<ul>\n<li>20.9.23 &#8211; Lekcja 15, \u0107wiczenia, strona 60, \u0107wiczenia 1-3<\/li>\n<li>13.9.23 &#8211; Lekcja 15, podr\u0119cznik, strona 64, przeczytaj co robi\u0105 dzieci w wakacje. Zeszyt \u0107wicze\u0144, lekcja 15, strona 61, zadanie 4.<\/li>\n<li>06.09.23 &#8211; Lekcja 14, zeszyt \u0107wicze\u0144, zadania 6 i 7, strona 58 i 59<\/li>\n<li>30.08.23 &#8211; Lekcja 14, zeszyt \u0107wicze\u0144, zadanie 2 i 5, zadanie 1 na dodatkowy punkt<\/li>\n<li>23.08.23<\/li>\n<\/ul>\n<p>Elwira: Zeszyt \u0107wicze\u0144, lekcja 10, strony 42-43<\/p>\n<p>Oliver: Zeszyt \u0107wicze\u0144, lekcja 12, strony 50-51 (\u0107wiczenie 5 dotyczy tekstu z podr\u0119cznika z lekcji 12 na stronie 51)<\/p>\n<p>&nbsp;<\/p>\n","protected":false},"excerpt":{"rendered":"<p>15.5. &#8211; Lekcja 23, zeszyt \u0107wicze\u0144, strona 30, \u0107wiczenia 1-3 8.5. &#8211; Rodzaj rzeczownika Dzisiaj na lekcji wykonywali\u015bmy nast\u0119puj\u0105ce zadania: \ud83d\udcd8 Podr\u0119cznik\u00a0 Strona 87\u00a0 \u0106w. 3\u00a0 \u0106w. 5\u00a0 Strona 88\u00a0 \u0106w. 6\u00a0 \u0106w. 7\u00a0 \ud83c\udfe1 Zadanie domowe: Lekcja 21, Zeszyt \u0107wicze\u0144\u00a0 Strona 23-24\u00a0 \u0106w. 3, 5 i 6 24.4. &#8211; Zadanie domowe jak poni\u017cej. 17.4.24 &#8211; Lekcja 21, zeszyt \u0107wicze\u0144, strona 22, \u0107wiczenia 1 i 2. 10.4.24 &#8211; Uczniowie maj\u0105 zaznaczone zadanie domowe w zeszycie \u0107wicze\u0144. Wed\u0142ug tego co jest&#8230;<\/p>\n<p class=\"read-more\"><a class=\"btn btn-default\" href=\"https:\/\/blog.edu.turku.fi\/jezykpolski\/kaczorki\/zadania-domowe-klasy-2-i-3\/\"> Read More<span class=\"screen-reader-text\">  Read More<\/span><\/a><\/p>\n","protected":false},"author":3176,"featured_media":0,"parent":20,"menu_order":0,"comment_status":"closed","ping_status":"closed","template":"","meta":{"footnotes":""},"class_list":["post-51","page","type-page","status-publish","hentry"],"_links":{"self":[{"href":"https:\/\/blog.edu.turku.fi\/jezykpolski\/wp-json\/wp\/v2\/pages\/51","targetHints":{"allow":["GET"]}}],"collection":[{"href":"https:\/\/blog.edu.turku.fi\/jezykpolski\/wp-json\/wp\/v2\/pages"}],"about":[{"href":"https:\/\/blog.edu.turku.fi\/jezykpolski\/wp-json\/wp\/v2\/types\/page"}],"author":[{"embeddable":true,"href":"https:\/\/blog.edu.turku.fi\/jezykpolski\/wp-json\/wp\/v2\/users\/3176"}],"replies":[{"embeddable":true,"href":"https:\/\/blog.edu.turku.fi\/jezykpolski\/wp-json\/wp\/v2\/comments?post=51"}],"version-history":[{"count":98,"href":"https:\/\/blog.edu.turku.fi\/jezykpolski\/wp-json\/wp\/v2\/pages\/51\/revisions"}],"predecessor-version":[{"id":1247,"href":"https:\/\/blog.edu.turku.fi\/jezykpolski\/wp-json\/wp\/v2\/pages\/51\/revisions\/1247"}],"up":[{"embeddable":true,"href":"https:\/\/blog.edu.turku.fi\/jezykpolski\/wp-json\/wp\/v2\/pages\/20"}],"wp:attachment":[{"href":"https:\/\/blog.edu.turku.fi\/jezykpolski\/wp-json\/wp\/v2\/media?parent=51"}],"curies":[{"name":"wp","href":"https:\/\/api.w.org\/{rel}","templated":true}]}}