{"id":376,"date":"2021-12-16T22:03:20","date_gmt":"2021-12-16T20:03:20","guid":{"rendered":"https:\/\/blog.edu.turku.fi\/jezykpolski\/?page_id=376"},"modified":"2021-12-16T22:27:43","modified_gmt":"2021-12-16T20:27:43","slug":"o-nas","status":"publish","type":"page","link":"https:\/\/blog.edu.turku.fi\/jezykpolski\/o-nas\/","title":{"rendered":"O nas"},"content":{"rendered":"<p>Jeste\u015bmy uczniami polskiego pochodzenia klas 1-9 szk\u00f3\u0142 w Turku. Dzielimy si\u0119 na trzy grupy.<\/p>\n<p>Pierwsza grupa to <strong>Kaczorki,<\/strong> czyli uczniowie klas 1-3, a czasami klas 4. Nasze zaj\u0119cia s\u0105 w \u015brody w godzinach 16:45-18:15. Uczymy si\u0119 czyta\u0107 i pisa\u0107 po polsku, a tak\u017ce o polskich tradycjach i geografii Polski. Nasze lekcje to nie tylko nauka. Znajdujemy te\u017c czas na zabaw\u0119, a \u015brednio raz w miesi\u0105cu sami decydujemy jak wygl\u0105da nasza lekcja. Oczywi\u015bcie pod warunkiem, \u017ce jeste\u015bmy grzeczni i wykonujemy zadania. Wi\u0119cej o naszej grupie mo\u017cesz przeczyta\u0107 w zak\u0142adce <strong><a href=\"https:\/\/blog.edu.turku.fi\/jezykpolski\/kaczorki\/\">Kaczorki<\/a><\/strong>.<\/p>\n<p>Druga grupa to <strong>\u0141owcy Skarb\u00f3w<\/strong>, do kt\u00f3rej nale\u017c\u0105 uczniowie klas 4-5, a czasami klas 3. Nasze zaj\u0119cia odbywaj\u0105 si\u0119 we wtorki w godzinach 16:45 &#8211; 18:15. Uczymy si\u0119 polskiej gramatyki, historii i geografii, \u0107wiczymy pisanie, czytanie i ortografi\u0119 oraz poznajemy polsk\u0105 kultur\u0119 i wyra\u017cenia. Przeczytaj o nas wi\u0119cej w zak\u0142adce <a href=\"https:\/\/blog.edu.turku.fi\/jezykpolski\/lowcy-skarbow\/\"><strong>\u0141owcy Skarb\u00f3w<\/strong><\/a><strong>.<\/strong><\/p>\n<p>Trzecia grupa to uczniowie klas 6-9. Nazywamy si\u0119 <strong>Tukany.<\/strong> Chodzimy na lekcje j\u0119zyka polskiego we wtorki w godzinach 15:00 &#8211; 16:30. Doskonalimy pisanie i czytanie po polsku. Uczymy si\u0119 wyra\u017ca\u0107 my\u015bli i uczucia. Poznajemy polsk\u0105 histori\u0119, literatur\u0119 i kultur\u0119. Uczymy si\u0119 te\u017c o wielkich Polakach. Chcesz wiedzie\u0107 wi\u0119cej? Wejd\u017a na zak\u0142adk\u0119 <strong><a href=\"https:\/\/blog.edu.turku.fi\/jezykpolski\/tukany\/\">Tukany<\/a>.<\/strong><\/p>\n<p>Wszyscy uczniowie j\u0119zyka polskiego otrzymuj\u0105 legitymacje polonijne, kt\u00f3re uprawniaj\u0105 nas do zni\u017cek w poci\u0105gach, autobusach, a tak\u017ce w muzeach i parkach narodowych w Polsce. Sprawd\u017a to sam na stronie <a href=\"https:\/\/www.gov.pl\/web\/finlandia\/legitymacje-szkolna\" target=\"_blank\" rel=\"noopener\">https:\/\/www.gov.pl\/web\/finlandia\/legitymacje-szkolna.<\/a><\/p>\n<p>Chcesz si\u0119 zapisa\u0107? Zobacz jak to zrobi\u0107 w zak\u0142adce <strong><a href=\"https:\/\/blog.edu.turku.fi\/jezykpolski\/turku-2\/\">Zapisy.<\/a><\/strong><\/p>\n","protected":false},"excerpt":{"rendered":"<p>Jeste\u015bmy uczniami polskiego pochodzenia klas 1-9 szk\u00f3\u0142 w Turku. Dzielimy si\u0119 na trzy grupy. Pierwsza grupa to Kaczorki, czyli uczniowie klas 1-3, a czasami klas 4. Nasze zaj\u0119cia s\u0105 w \u015brody w godzinach 16:45-18:15. Uczymy si\u0119 czyta\u0107 i pisa\u0107 po polsku, a tak\u017ce o polskich tradycjach i geografii Polski. Nasze lekcje to nie tylko nauka. Znajdujemy te\u017c czas na zabaw\u0119, a \u015brednio raz w miesi\u0105cu sami decydujemy jak wygl\u0105da nasza lekcja. Oczywi\u015bcie pod warunkiem, \u017ce jeste\u015bmy grzeczni i wykonujemy zadania&#8230;.<\/p>\n<p class=\"read-more\"><a class=\"btn btn-default\" href=\"https:\/\/blog.edu.turku.fi\/jezykpolski\/o-nas\/\"> Read More<span class=\"screen-reader-text\">  Read More<\/span><\/a><\/p>\n","protected":false},"author":3176,"featured_media":0,"parent":0,"menu_order":0,"comment_status":"closed","ping_status":"closed","template":"","meta":{"footnotes":""},"class_list":["post-376","page","type-page","status-publish","hentry"],"_links":{"self":[{"href":"https:\/\/blog.edu.turku.fi\/jezykpolski\/wp-json\/wp\/v2\/pages\/376","targetHints":{"allow":["GET"]}}],"collection":[{"href":"https:\/\/blog.edu.turku.fi\/jezykpolski\/wp-json\/wp\/v2\/pages"}],"about":[{"href":"https:\/\/blog.edu.turku.fi\/jezykpolski\/wp-json\/wp\/v2\/types\/page"}],"author":[{"embeddable":true,"href":"https:\/\/blog.edu.turku.fi\/jezykpolski\/wp-json\/wp\/v2\/users\/3176"}],"replies":[{"embeddable":true,"href":"https:\/\/blog.edu.turku.fi\/jezykpolski\/wp-json\/wp\/v2\/comments?post=376"}],"version-history":[{"count":9,"href":"https:\/\/blog.edu.turku.fi\/jezykpolski\/wp-json\/wp\/v2\/pages\/376\/revisions"}],"predecessor-version":[{"id":381,"href":"https:\/\/blog.edu.turku.fi\/jezykpolski\/wp-json\/wp\/v2\/pages\/376\/revisions\/381"}],"wp:attachment":[{"href":"https:\/\/blog.edu.turku.fi\/jezykpolski\/wp-json\/wp\/v2\/media?parent=376"}],"curies":[{"name":"wp","href":"https:\/\/api.w.org\/{rel}","templated":true}]}}