{"id":208,"date":"2021-09-01T18:24:55","date_gmt":"2021-09-01T15:24:55","guid":{"rendered":"https:\/\/blog.edu.turku.fi\/jezykpolski\/?page_id=208"},"modified":"2024-05-15T18:47:55","modified_gmt":"2024-05-15T15:47:55","slug":"klasa-3","status":"publish","type":"page","link":"https:\/\/blog.edu.turku.fi\/jezykpolski\/klasa-3\/","title":{"rendered":"Zadania domowe klasa 3"},"content":{"rendered":"<ul>\n<li>15.5. &#8211; Lekcja 40, zeszyt \u0107wicze\u0144, strona 39, \u0107wiczenie 4, napisz w zeszycie.<\/li>\n<li>8.5. Dzisiaj na lekcji wykonywali\u015bmy nast\u0119puj\u0105ce zadania:<\/li>\n<li><span data-contrast=\"auto\">G\u0142oska <\/span><b><span data-contrast=\"auto\">\u017b<\/span><\/b><span data-ccp-props=\"{&quot;201341983&quot;:0,&quot;335559685&quot;:0,&quot;335559740&quot;:279}\">\u00a0<\/span><b><span data-contrast=\"auto\">\ud83d\udcd5<\/span><\/b><span data-contrast=\"auto\"> Zeszyt \u0107wicze\u0144<\/span><span data-ccp-props=\"{&quot;201341983&quot;:0,&quot;335559685&quot;:0,&quot;335559740&quot;:279}\">\u00a0<\/span>\n<ul>\n<li data-leveltext=\"\uf0b7\" data-font=\"Symbol\" data-listid=\"4\" data-list-defn-props=\"{&quot;335552541&quot;:1,&quot;335559685&quot;:720,&quot;335559991&quot;:360,&quot;469769226&quot;:&quot;Symbol&quot;,&quot;469769242&quot;:[8226],&quot;469777803&quot;:&quot;left&quot;,&quot;469777804&quot;:&quot;\uf0b7&quot;,&quot;469777815&quot;:&quot;hybridMultilevel&quot;}\" data-aria-posinset=\"1\" data-aria-level=\"1\"><span data-contrast=\"auto\">Strona 35<\/span><span data-ccp-props=\"{&quot;201341983&quot;:0,&quot;335559740&quot;:279}\">\u00a0<\/span><\/li>\n<\/ul>\n<ul>\n<li data-leveltext=\"o\" data-font=\"Courier New\" data-listid=\"4\" data-list-defn-props=\"{&quot;335552541&quot;:1,&quot;335559685&quot;:1440,&quot;335559991&quot;:360,&quot;469769226&quot;:&quot;Courier New&quot;,&quot;469769242&quot;:[9675],&quot;469777803&quot;:&quot;left&quot;,&quot;469777804&quot;:&quot;o&quot;,&quot;469777815&quot;:&quot;hybridMultilevel&quot;}\" data-aria-posinset=\"1\" data-aria-level=\"2\"><span data-contrast=\"auto\">Przeczytaj ramk\u0119 \u201cZapamietaj\u201d<\/span><span data-ccp-props=\"{&quot;201341983&quot;:0,&quot;335559740&quot;:279}\">\u00a0<\/span><\/li>\n<li data-leveltext=\"o\" data-font=\"Courier New\" data-listid=\"4\" data-list-defn-props=\"{&quot;335552541&quot;:1,&quot;335559685&quot;:1440,&quot;335559991&quot;:360,&quot;469769226&quot;:&quot;Courier New&quot;,&quot;469769242&quot;:[9675],&quot;469777803&quot;:&quot;left&quot;,&quot;469777804&quot;:&quot;o&quot;,&quot;469777815&quot;:&quot;hybridMultilevel&quot;}\" data-aria-posinset=\"2\" data-aria-level=\"2\"><span data-contrast=\"auto\">\u0106w. 4<\/span><span data-ccp-props=\"{&quot;201341983&quot;:0,&quot;335559740&quot;:279}\"> : Podkre\u015bl w parach wyraz\u00f3w g\u0142osk\u0119 \u017c i g\u0142osk\u0119, na kt\u00f3r\u0105 si\u0119 wymienia. Przyk\u0142ad: w\u0105<span style=\"text-decoration: underline\">s<\/span>ka &#8211; w\u0119<span style=\"text-decoration: underline\">\u017c<\/span>sza<\/span><\/li>\n<\/ul>\n<p><b><span data-contrast=\"auto\">Czasowniki<\/span><\/b><\/p>\n<p><span data-contrast=\"auto\">Czasowniki odpowiadaj\u0105 na pytania \u201c<\/span><b><span data-contrast=\"auto\">co robi?<\/span><\/b><span data-contrast=\"auto\">\u201d, np. <\/span><b><i><span data-contrast=\"auto\">gra<\/span><\/i><\/b><span data-contrast=\"auto\"> i \u201c<\/span><b><span data-contrast=\"auto\">co si\u0119 z nim dzieje?<\/span><\/b><span data-contrast=\"auto\">\u201d np. <\/span><b><i><span data-contrast=\"auto\">topnieje<\/span><\/i><\/b><span data-ccp-props=\"{&quot;201341983&quot;:0,&quot;335559685&quot;:0,&quot;335559740&quot;:279}\">\u00a0<\/span><\/p>\n<p><b><span data-contrast=\"auto\">\ud83d\udcd5<\/span><\/b><span data-contrast=\"auto\"> Zeszyt \u0107wicze\u0144<\/span><span data-ccp-props=\"{&quot;201341983&quot;:0,&quot;335559685&quot;:0,&quot;335559740&quot;:279}\">\u00a0<\/span><\/p>\n<ul>\n<li data-leveltext=\"\uf0b7\" data-font=\"Symbol\" data-listid=\"4\" data-list-defn-props=\"{&quot;335552541&quot;:1,&quot;335559685&quot;:720,&quot;335559991&quot;:360,&quot;469769226&quot;:&quot;Symbol&quot;,&quot;469769242&quot;:[8226],&quot;469777803&quot;:&quot;left&quot;,&quot;469777804&quot;:&quot;\uf0b7&quot;,&quot;469777815&quot;:&quot;hybridMultilevel&quot;}\" data-aria-posinset=\"2\" data-aria-level=\"1\"><span data-contrast=\"auto\">Strona 35<\/span><span data-ccp-props=\"{&quot;201341983&quot;:0,&quot;335559740&quot;:279}\">\u00a0<\/span><\/li>\n<\/ul>\n<ul>\n<li data-leveltext=\"o\" data-font=\"Courier New\" data-listid=\"4\" data-list-defn-props=\"{&quot;335552541&quot;:1,&quot;335559685&quot;:1440,&quot;335559991&quot;:360,&quot;469769226&quot;:&quot;Courier New&quot;,&quot;469769242&quot;:[9675],&quot;469777803&quot;:&quot;left&quot;,&quot;469777804&quot;:&quot;o&quot;,&quot;469777815&quot;:&quot;hybridMultilevel&quot;}\" data-aria-posinset=\"3\" data-aria-level=\"2\"><span data-contrast=\"auto\">\u0106w. 5<\/span><span data-ccp-props=\"{&quot;201341983&quot;:0,&quot;335559740&quot;:279}\">\u00a0<\/span><\/li>\n<\/ul>\n<p><span data-contrast=\"auto\"><b><span data-contrast=\"auto\">\ud83c\udfe1<\/span><\/b><span data-contrast=\"auto\">\u00a0Zadanie domowe<\/span><span data-ccp-props=\"{&quot;201341983&quot;:0,&quot;335559685&quot;:0,&quot;335559740&quot;:279}\">\u00a0<\/span><\/span><\/li>\n<li><span data-contrast=\"auto\">\ud83d\udcd8<\/span><span data-contrast=\"auto\"> Podr\u0119cznik<\/span><span data-ccp-props=\"{&quot;201341983&quot;:0,&quot;335559685&quot;:0,&quot;335559740&quot;:279}\">\u00a0<\/span>\n<ul>\n<li data-leveltext=\"\uf0b7\" data-font=\"Symbol\" data-listid=\"4\" data-list-defn-props=\"{&quot;335552541&quot;:1,&quot;335559685&quot;:720,&quot;335559991&quot;:360,&quot;469769226&quot;:&quot;Symbol&quot;,&quot;469769242&quot;:[8226],&quot;469777803&quot;:&quot;left&quot;,&quot;469777804&quot;:&quot;\uf0b7&quot;,&quot;469777815&quot;:&quot;hybridMultilevel&quot;}\" data-aria-posinset=\"3\" data-aria-level=\"1\"><span data-contrast=\"auto\">Strona 156<\/span><span data-ccp-props=\"{&quot;201341983&quot;:0,&quot;335559740&quot;:279}\">\u00a0<\/span><\/li>\n<\/ul>\n<ul>\n<li data-leveltext=\"o\" data-font=\"Courier New\" data-listid=\"4\" data-list-defn-props=\"{&quot;335552541&quot;:1,&quot;335559685&quot;:1440,&quot;335559991&quot;:360,&quot;469769226&quot;:&quot;Courier New&quot;,&quot;469769242&quot;:[9675],&quot;469777803&quot;:&quot;left&quot;,&quot;469777804&quot;:&quot;o&quot;,&quot;469777815&quot;:&quot;hybridMultilevel&quot;}\" data-aria-posinset=\"4\" data-aria-level=\"2\"><b><span data-contrast=\"auto\">\ud83d\udcd3<\/span><\/b><span data-contrast=\"auto\"> \u0106w. 7<\/span><span data-ccp-props=\"{&quot;201341983&quot;:0,&quot;335559740&quot;:279}\">\u00a0<\/span><\/li>\n<\/ul>\n<\/li>\n<li>24.4.24 &#8211; Lekcja 39, strona 34, \u0107wiczenia 1 i 2.<\/li>\n<li>10.4.24 &#8211; Na lekcji robili\u015bmy zadania 4-6 ze strony 31 w zeszycie \u0107wicze\u0144 z lekcji 38. Cz\u0119\u015b\u0107 uczni\u00f3w rozpocz\u0119\u0142a zadania z nast\u0119pnej strony (7 i 8, strona 32) i je\u015bli nie zosta\u0142y one sko\u0144czone, to zadniem domowym jest je doko\u0144czy\u0107. Do zadania 6 trzeba przeczyta\u0107 tekst z podr\u0119cznika ze stron 152 i 153. Je\u015bli wszystkie zadania zosta\u0142y zrobione, zadaniem domowym jest \u0107wiczenie 10 ze strony 33 (Maniek i Misiek: W zeszycie napiszcie odpowiedzi <span style=\"text-decoration: underline\">pe\u0142nym zdaniem<\/span> na pytania 8 i 9 do tekstu w podr\u0119czniku na stronie 153.).<\/li>\n<li>3.4.24 &#8211; Zeszyt \u0107wicze\u0144, Lekcja 38, strona 30, \u0107wiczenia 1, 2, i 3 (Zacznij od literki S i wpisz co drug\u0105 liter\u0119).<\/li>\n<li>20.3.24 &#8211;\u00a0 <span style=\"text-decoration: underline\">W zale\u017cno\u015bci od tego, kt\u00f3re \u0107wiczenia zosta\u0142y ju\u017c wykonane na lekcji<\/span>:\n<ul>\n<li>Doko\u0144czy\u0107 \u0107wiczenia z zeszytu \u0107wicze\u0144 z lekcji 37 na stronie 27<\/li>\n<\/ul>\n<\/li>\n<\/ul>\n<p>LUB<\/p>\n<ul>\n<li style=\"list-style-type: none\">\n<ul>\n<li>Doko\u0144czy\u0107 \u0107wiczenia z zeszytu \u0107wicze\u0144 z lekcji 37 na stronie 28 &#8211; \u0107w. 6-8<\/li>\n<\/ul>\n<\/li>\n<\/ul>\n<p>LUB<\/p>\n<ul>\n<li style=\"list-style-type: none\">\n<ul>\n<li>Podkre\u015bl w czytance w podr\u0119czniku na stronach 148-149 wyrazy w kt\u00f3rych RZ wyst\u0119puje po sp\u00f3\u0142g\u0142oskach P, B, D, T, G, K, CH, J i W.<\/li>\n<\/ul>\n<\/li>\n<\/ul>\n<p>LUB<\/p>\n<ul>\n<li style=\"list-style-type: none\">\n<ul>\n<li>\u0106wiczenie 10 na stronie 29 w zeszycie \u0107wicze\u0144.<\/li>\n<\/ul>\n<\/li>\n<\/ul>\n<p>Dzieci nieobecne powinny zrobi\u0107 dwie pierwsze opcje.<\/p>\n<ul>\n<li>6.3.24 &#8211; Lekcja 37, zeszyt \u0107wicze\u0144, strona 26, \u0107wiczenia 1 i 2. \u0106wiczenie 3 jest \u0107wiczeniem dodatkowym.<\/li>\n<li>28.2.24 &#8211; <span style=\"text-decoration: underline\">W zale\u017cno\u015bci od tego, kt\u00f3re \u0107wiczenia zosta\u0142y ju\u017c wykonane na lekcji<\/span>:\n<ul>\n<li>Zeszyt \u0107wicze\u0144, lekcja 36, strona 24, \u0107wiczenie 7 i 8<\/li>\n<\/ul>\n<\/li>\n<\/ul>\n<p style=\"padding-left: 120px\">LUB<\/p>\n<ul>\n<li style=\"list-style-type: none\">\n<ul>\n<li>Zeszyt \u0107wicze\u0144, lekcja 36, strona 25, \u0107wiczenie 10<\/li>\n<\/ul>\n<\/li>\n<\/ul>\n<p style=\"padding-left: 120px\">LUB<\/p>\n<ul>\n<li style=\"list-style-type: none\">\n<ul>\n<li>Podr\u0119cznik, lekcja 36, strona 144: Podkre\u015bl w czytance wszystkie wyrazy z RZ. Wypisz do zeszytu te wyrazy, w kt\u00f3rych RZ wymienia si\u0119 na R (pomoc, zeszyt \u0107wicze\u0144, l. 36, str. 23).<\/li>\n<\/ul>\n<\/li>\n<\/ul>\n<ul>\n<li>7.2.24 &#8211; Zeszyt \u0107wicze\u0144, lekcja 36, strona 22, \u0107wiczenia 1-3 (W zadaniu 3 nie trzeba pisa\u0107 kto ma najd\u0142u\u017csze nogi i r\u0119ce.).<\/li>\n<li>24.1.24<\/li>\n<\/ul>\n<ol>\n<li>Naucz si\u0119 m\u00f3wi\u0107 po polsku kiedy s\u0105 twoje urodziny.<\/li>\n<li>Naucz si\u0119 nazw miesi\u0119cy po polsku.<\/li>\n<\/ol>\n<ul>\n<li>17.1.2024<\/li>\n<\/ul>\n<p>Wykonaj laurki dla babci i dziadka. Mo\u017cesz wymy\u015bli\u0107 swoje w\u0142asne \u017cyczenia albo przepisa\u0107 \u017cyczenia z laurek Emi. Zr\u00f3b laurkom zdj\u0119cie i prze\u015blij zdj\u0119cie babci w niedziel\u0119, a w poniedzia\u0142ek prze\u015blij zdj\u0119cie dziadkowi.<\/p>\n<p><a href=\"http:\/\/wspolnotapolska.org.pl\/emimaks\/lekcje\/016.pdf\">Emi i Maks w polskiej szkole, lekcja 16<\/a><\/p>\n<ul>\n<li>13.12.23 &#8211; Zeszyt \u0107wicze\u0144, lekcja 35, strona 19, \u0107wiczenia 4 i 5.<\/li>\n<li>29.11.23 &#8211; Napisz list do \u015awi\u0119tego Miko\u0142aja. Mo\u017cesz wzorowa\u0107 si\u0119 na tych listach:\n<ul>\n<li><a href=\"https:\/\/blog.edu.turku.fi\/jezykpolski\/files\/2023\/12\/List-do-Mikolaja.pdf\">List do Miko\u0142aja<\/a><\/li>\n<li><img loading=\"lazy\" decoding=\"async\" class=\"alignnone wp-image-992 size-full\" src=\"https:\/\/blog.edu.turku.fi\/jezykpolski\/files\/2023\/12\/List-do-swietego-Mikolaja.png\" alt=\"\" width=\"788\" height=\"743\" srcset=\"https:\/\/blog.edu.turku.fi\/jezykpolski\/files\/2023\/12\/List-do-swietego-Mikolaja.png 788w, https:\/\/blog.edu.turku.fi\/jezykpolski\/files\/2023\/12\/List-do-swietego-Mikolaja-300x283.png 300w\" sizes=\"auto, (max-width: 788px) 100vw, 788px\" \/><\/li>\n<\/ul>\n<\/li>\n<\/ul>\n<p>Uczniowie, kt\u00f3rzy napisali list na lekcji, nie maj\u0105 zadania domowego. Uczniowie, kt\u00f3rzy zacz\u0119li pisa\u0107 list na lekcji, ko\u0144cz\u0105 pisanie listu w domu.<\/p>\n<ul>\n<li>22.11.23 &#8211; Zeszyt \u0107wicze\u0144, lekcja 34, strona 15, \u0107wiczenie 6<\/li>\n<\/ul>\n<p>We\u017a polsk\u0105 ksi\u0105\u017ck\u0119. Przez 15 minut poszukaj w tek\u015bcie wyraz\u00f3w z \u00f3 wymiennym. Napisz wyrazy do zeszytu.<\/p>\n<p>Przyk\u0142ad:<\/p>\n<p>l\u00f3d &#8211; lody (1 punkt)<\/p>\n<p>wr\u00f3ci\u0142 &#8211; wraca\u0107 (2 punkty)<\/p>\n<p>sz\u00f3stka &#8211; sze\u015b\u0107 (3 punkty)<\/p>\n<ul>\n<li>14.11.23 &#8211; Zeszyt \u0107wicze\u0144, Lekcja 34, strona 14, \u0107w. 1, 2 i 3<\/li>\n<\/ul>\n<p>Zadanie dla Mi\u015bka i Ma\u0144ka:<\/p>\n<ol>\n<li>W wype\u0142nionym tek\u015bcie z \u0107wiczenia 2 na stronie 14 w zeszycie \u0107wicze\u0144 zaznacz rzeczowniki na czerwono, a czasowniki na niebiesko. Przyk\u0142ad:<\/li>\n<\/ol>\n<p><span style=\"color: #ff0000\">Ma\u0142gosia<\/span> i jej <span style=\"color: #ff0000\">koledzy<\/span> <span style=\"color: #0000ff\">sp\u0119dzaj\u0105<\/span> dzi\u015b <span style=\"color: #ff0000\">popo\u0142udnie<\/span> w <span style=\"color: #ff0000\">parku<\/span>.<\/p>\n<p>2. Wypisz z tekstu wszystkie rzeczowniki <span style=\"text-decoration: underline\">opr\u00f3cz imion<\/span> i zapisz je w formie podstawowej. Przyk\u0142ad:<\/p>\n<p><span style=\"color: #ff0000\">Ma\u0142gosia<\/span> i jej <span style=\"color: #ff0000\">koledzy<\/span> <span style=\"color: #0000ff\">sp\u0119dzaj\u0105<\/span> dzi\u015b <span style=\"color: #ff0000\">popo\u0142udnie<\/span> w <span style=\"color: #ff0000\">parku<\/span>.<\/p>\n<p><em>kolega<\/em><\/p>\n<p><em>popo\u0142udnie<\/em><\/p>\n<p><em>park<\/em><\/p>\n<p>3. Skopiuj tabelk\u0119 do zeszytu i wpisz w odpowiednie miejsca rzeczowniki z poprzedniego zadania (Patrz: podr\u0119cznik, lekcja 21, strona 88, \u0107wiczenia 6 i 7 oraz zeszyt \u0107wicze\u0144, lekcja 21, strona 23, \u0107wiczenie 3).<\/p>\n<table>\n<tbody>\n<tr>\n<td style=\"text-align: center\" width=\"200\">Ten<\/td>\n<td style=\"text-align: center\" width=\"200\">Ta<\/td>\n<td style=\"text-align: center\" width=\"200\">To<\/td>\n<\/tr>\n<tr>\n<td width=\"200\"><em>kolega<\/em><\/p>\n<p><em>park<\/em><\/td>\n<td width=\"200\"><\/td>\n<td width=\"200\"><em>\u00a0popo\u0142udnie<\/em><\/td>\n<\/tr>\n<\/tbody>\n<\/table>\n<p>4. Zadaj pytania o podkre\u015blone wyrazy.<\/p>\n<p>Ma\u0142gosia i jej koledzy sp\u0119dzaj\u0105 dzi\u015b popo\u0142udnie <span style=\"text-decoration: underline\">w parku<\/span>. Tomek je\u017adzi <span style=\"text-decoration: underline\">na rowerze<\/span>, a Pawe\u0142 i Kacper graj\u0105 <span style=\"text-decoration: underline\">w pi\u0142k\u0119<\/span>. <span style=\"text-decoration: underline\">Karolina, Ania i Ola<\/span> skacz\u0105 na skakance. Ma\u0142gosia razem z Filipem <span style=\"text-decoration: underline\">biegaj\u0105 po trawie<\/span>. Piotrek i Martyna hu\u015btaj\u0105 si\u0119 na hu\u015btawce pod drzewem. Nikt nie wie, gdzie jest Grze\u015b. O! Znalaz\u0142 si\u0119. <span style=\"text-decoration: underline\">Grze\u015b<\/span> robi zdj\u0119cia kaczkom w stawie.<\/p>\n<p>Przyk\u0142ad: Tomek je\u017adzi <span style=\"text-decoration: underline\">na rowerze<\/span>. &#8211; <em>Na czym je\u017adzi Tomek?<\/em><\/p>\n<p>&nbsp;<\/p>\n<ul>\n<li>8.11.23 &#8211; Podr\u0119cznik, lekcja 32, strona 128-129. Przeczytaj czytank\u0119 &#8220;Przyja\u017a\u0144 w niebieskiej kopercie&#8221; i odpowiedz w zeszycie na pytania 9, 10 i 11. Pami\u0119taj, \u017ceby odpowiedzie\u0107 pe\u0142nym zdaniem.<\/li>\n<li>1.11.23 &#8211; nie ma zadania domowego<\/li>\n<li>25.10.23 &#8211; Podr\u0119cznik, Lekcja 33, strona 131, \u0107wiczenie 5 &#8211; Napisz zdania w zeszycie. \u0107wiczenie 6, str. 132.<\/li>\n<li>11.10.23 &#8211; Dzieci maj\u0105 zaznaczone zadanie domowe w ksi\u0105\u017ckach. Nieobecni s\u0105 zwolnieni z zadania domowego.<\/li>\n<li>27.9.23 &#8211; Dyktando &#8211; wyrazy: jarz\u0119bina, d\u0105b, \u017co\u0142\u0119dzie, klon, ziemniak, dynia, grzyby, kasztany, orzech w\u0142oski, orzech laskowy<\/li>\n<\/ul>\n<p>UWAGA! Za tydzie\u0144 jest wolna lekcja. Dzieci mog\u0105 przynie\u015b\u0107 s\u0142odycze i zabawki.<\/p>\n<ul>\n<li>20.09.23 &#8211; Lekcja 32, zeszyt \u0107wicze\u0144, strona 6, \u0107wiczenia 1-3. (Maniek i Misiek: zeszyt \u0107wicze\u0144, Lekcja 32, \u0107wiczenie 3, strona 6. Napisz w zeszycie przynajmniej pi\u0119\u0107 zda\u0144.)<\/li>\n<li>13.9.23 &#8211; Podr\u0119cznik, lekcja 31, strona 124. Przeczytaj <em>Przyja\u017a\u0144 w niebieskiej kopercie<\/em>. Zeszyt \u0107wicze\u0144, lekcja 31, strona 4, \u0107wiczenia 7 i 8<\/li>\n<li>30.08.2023 &#8211; Podr\u0119cznik, Lekcja 30, strona 125 Naucz si\u0119 czyta\u0107 wiersz i odpowiedz na pytania pod wierszem w zeszycie.<\/li>\n<\/ul>\n","protected":false},"excerpt":{"rendered":"<p>15.5. &#8211; Lekcja 40, zeszyt \u0107wicze\u0144, strona 39, \u0107wiczenie 4, napisz w zeszycie. 8.5. Dzisiaj na lekcji wykonywali\u015bmy nast\u0119puj\u0105ce zadania: G\u0142oska \u017b\u00a0\ud83d\udcd5 Zeszyt \u0107wicze\u0144\u00a0 Strona 35\u00a0 Przeczytaj ramk\u0119 \u201cZapamietaj\u201d\u00a0 \u0106w. 4 : Podkre\u015bl w parach wyraz\u00f3w g\u0142osk\u0119 \u017c i g\u0142osk\u0119, na kt\u00f3r\u0105 si\u0119 wymienia. Przyk\u0142ad: w\u0105ska &#8211; w\u0119\u017csza Czasowniki Czasowniki odpowiadaj\u0105 na pytania \u201cco robi?\u201d, np. gra i \u201cco si\u0119 z nim dzieje?\u201d np. topnieje\u00a0 \ud83d\udcd5 Zeszyt \u0107wicze\u0144\u00a0 Strona 35\u00a0 \u0106w. 5\u00a0 \ud83c\udfe1\u00a0Zadanie domowe\u00a0 \ud83d\udcd8 Podr\u0119cznik\u00a0 Strona 156\u00a0 \ud83d\udcd3 \u0106w&#8230;.<\/p>\n<p class=\"read-more\"><a class=\"btn btn-default\" href=\"https:\/\/blog.edu.turku.fi\/jezykpolski\/klasa-3\/\"> Read More<span class=\"screen-reader-text\">  Read More<\/span><\/a><\/p>\n","protected":false},"author":3176,"featured_media":0,"parent":0,"menu_order":0,"comment_status":"closed","ping_status":"closed","template":"","meta":{"footnotes":""},"class_list":["post-208","page","type-page","status-publish","hentry"],"_links":{"self":[{"href":"https:\/\/blog.edu.turku.fi\/jezykpolski\/wp-json\/wp\/v2\/pages\/208","targetHints":{"allow":["GET"]}}],"collection":[{"href":"https:\/\/blog.edu.turku.fi\/jezykpolski\/wp-json\/wp\/v2\/pages"}],"about":[{"href":"https:\/\/blog.edu.turku.fi\/jezykpolski\/wp-json\/wp\/v2\/types\/page"}],"author":[{"embeddable":true,"href":"https:\/\/blog.edu.turku.fi\/jezykpolski\/wp-json\/wp\/v2\/users\/3176"}],"replies":[{"embeddable":true,"href":"https:\/\/blog.edu.turku.fi\/jezykpolski\/wp-json\/wp\/v2\/comments?post=208"}],"version-history":[{"count":92,"href":"https:\/\/blog.edu.turku.fi\/jezykpolski\/wp-json\/wp\/v2\/pages\/208\/revisions"}],"predecessor-version":[{"id":1248,"href":"https:\/\/blog.edu.turku.fi\/jezykpolski\/wp-json\/wp\/v2\/pages\/208\/revisions\/1248"}],"wp:attachment":[{"href":"https:\/\/blog.edu.turku.fi\/jezykpolski\/wp-json\/wp\/v2\/media?parent=208"}],"curies":[{"name":"wp","href":"https:\/\/api.w.org\/{rel}","templated":true}]}}