{"id":20,"date":"2021-05-21T10:33:48","date_gmt":"2021-05-21T07:33:48","guid":{"rendered":"https:\/\/blog.edu.turku.fi\/jezykpolski\/?page_id=20"},"modified":"2024-08-13T12:30:54","modified_gmt":"2024-08-13T09:30:54","slug":"kaczorki","status":"publish","type":"page","link":"https:\/\/blog.edu.turku.fi\/jezykpolski\/kaczorki\/","title":{"rendered":"Kaczorki"},"content":{"rendered":"<p>Zaj\u0119cia j\u0119zyka polskiego dla dzieci klas 1-3 odbywaj\u0105 si\u0119 w roku szkolnym z wyj\u0105tkiem pierwszego tygodnia.<\/p>\n<p>\u015broda <strong>17:00-18:30<\/strong><\/p>\n<p>adres: Luostarinkatu 13, 20700 Turku<\/p>\n<h3><strong>Rok szkolny 2024-2025<\/strong><\/h3>\n<ul>\n<li>pierwszy semestr: czwartek 8.8. &#8211; pi\u0105tek 20.12.2024 (Pierwsze zaj\u0119cia zaczynaj\u0105 si\u0119 14.8.)\n<ul>\n<li>Ferie jesienne: poniedzia\u0142ek 14.10. &#8211; niedziela 20.10.2024<\/li>\n<li>Przerwa \u015bwi\u0105teczna: sobota 21.12.2024 &#8211; poniedzia\u0142ek 6.1.2025<\/li>\n<\/ul>\n<\/li>\n<li>drugi semestr: poniedzia\u0142ek 7.1. &#8211; sobota 31.5.2025\n<ul>\n<li>Ferie zimowe: poniedzia\u0142ek 17.2. &#8211; niedziela 23.2.2025<\/li>\n<\/ul>\n<\/li>\n<\/ul>\n<p>&nbsp;<\/p>\n","protected":false},"excerpt":{"rendered":"<p>Zaj\u0119cia j\u0119zyka polskiego dla dzieci klas 1-3 odbywaj\u0105 si\u0119 w roku szkolnym z wyj\u0105tkiem pierwszego tygodnia. \u015broda 17:00-18:30 adres: Luostarinkatu 13, 20700 Turku Rok szkolny 2024-2025 pierwszy semestr: czwartek 8.8. &#8211; pi\u0105tek 20.12.2024 (Pierwsze zaj\u0119cia zaczynaj\u0105 si\u0119 14.8.) Ferie jesienne: poniedzia\u0142ek 14.10. &#8211; niedziela 20.10.2024 Przerwa \u015bwi\u0105teczna: sobota 21.12.2024 &#8211; poniedzia\u0142ek 6.1.2025 drugi semestr: poniedzia\u0142ek 7.1. &#8211; sobota 31.5.2025 Ferie zimowe: poniedzia\u0142ek 17.2. &#8211; niedziela 23.2.2025 &nbsp;<\/p>\n","protected":false},"author":3176,"featured_media":0,"parent":0,"menu_order":0,"comment_status":"closed","ping_status":"closed","template":"","meta":{"footnotes":""},"class_list":["post-20","page","type-page","status-publish","hentry"],"_links":{"self":[{"href":"https:\/\/blog.edu.turku.fi\/jezykpolski\/wp-json\/wp\/v2\/pages\/20","targetHints":{"allow":["GET"]}}],"collection":[{"href":"https:\/\/blog.edu.turku.fi\/jezykpolski\/wp-json\/wp\/v2\/pages"}],"about":[{"href":"https:\/\/blog.edu.turku.fi\/jezykpolski\/wp-json\/wp\/v2\/types\/page"}],"author":[{"embeddable":true,"href":"https:\/\/blog.edu.turku.fi\/jezykpolski\/wp-json\/wp\/v2\/users\/3176"}],"replies":[{"embeddable":true,"href":"https:\/\/blog.edu.turku.fi\/jezykpolski\/wp-json\/wp\/v2\/comments?post=20"}],"version-history":[{"count":13,"href":"https:\/\/blog.edu.turku.fi\/jezykpolski\/wp-json\/wp\/v2\/pages\/20\/revisions"}],"predecessor-version":[{"id":1261,"href":"https:\/\/blog.edu.turku.fi\/jezykpolski\/wp-json\/wp\/v2\/pages\/20\/revisions\/1261"}],"wp:attachment":[{"href":"https:\/\/blog.edu.turku.fi\/jezykpolski\/wp-json\/wp\/v2\/media?parent=20"}],"curies":[{"name":"wp","href":"https:\/\/api.w.org\/{rel}","templated":true}]}}