{"id":187,"date":"2021-08-24T21:04:35","date_gmt":"2021-08-24T18:04:35","guid":{"rendered":"https:\/\/blog.edu.turku.fi\/jezykpolski\/?page_id=187"},"modified":"2022-08-08T21:39:34","modified_gmt":"2022-08-08T18:39:34","slug":"turku-2","status":"publish","type":"page","link":"https:\/\/blog.edu.turku.fi\/jezykpolski\/turku-2\/","title":{"rendered":"Turku"},"content":{"rendered":"<h3 style=\"text-align: center\">Turku<\/h3>\n<p style=\"text-align: left\">Zapisy na zaj\u0119cia dla dzieci chodz\u0105cych do szk\u00f3\u0142 miasta Turku znajduj\u0105 si\u0119 na Wilmie w zak\u0142adce <em>Hakemukset ja p\u00e4\u00e4t\u00f6kset<\/em> (Zapisy i dezyzje).<\/p>\n<p style=\"text-align: left\">Szczeg\u00f3\u0142owe instrukcje:<\/p>\n<p style=\"text-align: left\"><a href=\"https:\/\/blog.edu.turku.fi\/jezykpolski\/files\/2021\/05\/Zapisy-na-zajecia-jezyka-ojczystego-MAI-na-Wilmie.docx\" target=\"_blank\" rel=\"noopener\">Zapisy na zaj\u0119cia j\u0119zyka ojczystego MAI na Wilmie<\/a><\/p>\n<p style=\"text-align: left\">(Czas i miejsce zaj\u0119\u0107 w zak\u0142adkach \u0141owcy Skarb\u00f3w, Kaczorki i Tukany.)<\/p>\n<p style=\"text-align: center\"><strong>UWAGA!<\/strong><\/p>\n<p>W tym roku nie ma mo\u017cliwo\u015bci zapis\u00f3w uczni\u00f3w z gmin innych ni\u017c Turku.<\/p>\n","protected":false},"excerpt":{"rendered":"<p>Turku Zapisy na zaj\u0119cia dla dzieci chodz\u0105cych do szk\u00f3\u0142 miasta Turku znajduj\u0105 si\u0119 na Wilmie w zak\u0142adce Hakemukset ja p\u00e4\u00e4t\u00f6kset (Zapisy i dezyzje). Szczeg\u00f3\u0142owe instrukcje: Zapisy na zaj\u0119cia j\u0119zyka ojczystego MAI na Wilmie (Czas i miejsce zaj\u0119\u0107 w zak\u0142adkach \u0141owcy Skarb\u00f3w, Kaczorki i Tukany.) UWAGA! W tym roku nie ma mo\u017cliwo\u015bci zapis\u00f3w uczni\u00f3w z gmin innych ni\u017c Turku.<\/p>\n","protected":false},"author":3176,"featured_media":0,"parent":0,"menu_order":0,"comment_status":"closed","ping_status":"closed","template":"","meta":{"footnotes":""},"class_list":["post-187","page","type-page","status-publish","hentry"],"_links":{"self":[{"href":"https:\/\/blog.edu.turku.fi\/jezykpolski\/wp-json\/wp\/v2\/pages\/187","targetHints":{"allow":["GET"]}}],"collection":[{"href":"https:\/\/blog.edu.turku.fi\/jezykpolski\/wp-json\/wp\/v2\/pages"}],"about":[{"href":"https:\/\/blog.edu.turku.fi\/jezykpolski\/wp-json\/wp\/v2\/types\/page"}],"author":[{"embeddable":true,"href":"https:\/\/blog.edu.turku.fi\/jezykpolski\/wp-json\/wp\/v2\/users\/3176"}],"replies":[{"embeddable":true,"href":"https:\/\/blog.edu.turku.fi\/jezykpolski\/wp-json\/wp\/v2\/comments?post=187"}],"version-history":[{"count":6,"href":"https:\/\/blog.edu.turku.fi\/jezykpolski\/wp-json\/wp\/v2\/pages\/187\/revisions"}],"predecessor-version":[{"id":495,"href":"https:\/\/blog.edu.turku.fi\/jezykpolski\/wp-json\/wp\/v2\/pages\/187\/revisions\/495"}],"wp:attachment":[{"href":"https:\/\/blog.edu.turku.fi\/jezykpolski\/wp-json\/wp\/v2\/media?parent=187"}],"curies":[{"name":"wp","href":"https:\/\/api.w.org\/{rel}","templated":true}]}}