{"id":184,"date":"2021-08-24T21:03:56","date_gmt":"2021-08-24T18:03:56","guid":{"rendered":"https:\/\/blog.edu.turku.fi\/jezykpolski\/?page_id=184"},"modified":"2023-09-15T09:44:49","modified_gmt":"2023-09-15T06:44:49","slug":"kaarina-2","status":"publish","type":"page","link":"https:\/\/blog.edu.turku.fi\/jezykpolski\/kaarina-2\/","title":{"rendered":"Kaarina"},"content":{"rendered":"<h3 style=\"text-align: center\">Kaarina<\/h3>\n<p>Zaj\u0119cia j\u0119zyka polskiego w Kaarina odbywaj\u0105 si\u0119 w <strong>\u015brody<\/strong> w godzinach <strong>15:00 \u2013 16:30<\/strong> w <strong>Piispanl\u00e4hteen koulu<\/strong> na Marsukatu 1 <strong>w sali<\/strong> numer <strong>13<\/strong>. Pierwsze zaj\u0119cia j\u0119zyka polskiego w roku szkolnym 2023\/24 odb\u0119d\u0105 si\u0119 30.8.2023. Aby zapisa\u0107 dziecko na zaj\u0119cia, nale\u017cy wype\u0142ni\u0107 formularz zg\u0142oszeniowy w <a href=\"https:\/\/kaarina.fi\/sites\/default\/files\/media\/files\/hakeminen-oman-aidinkielen-opetukseen.doc\" target=\"_blank\" rel=\"noopener\">j\u0119zyku fi\u0144skim<\/a> lub <a href=\"https:\/\/kaarina.fi\/sites\/default\/files\/media\/files\/application-for-native-language-lessons-1.doc\" target=\"_blank\" rel=\"noopener\">angielskim<\/a> oraz wysy\u0142a\u0107 go na adres<\/p>\n<p>PL 12<br \/>\n20781 Kaarina<\/p>\n<p>lub email<\/p>\n<p>koulutoimisto@kaarina.fi<\/p>\n<p>Zapisy odbywaj\u0105 si\u0119 w lutym i formularz wype\u0142nia si\u0119 co rok. Wi\u0119cej informacji <a href=\"https:\/\/kaarina.fi\/fi\/varhaiskasvatus-ja-opetus\/perusopetus\/oman-aidinkielen-opetus\" target=\"_blank\" rel=\"noopener\">tutaj<\/a>.<\/p>\n","protected":false},"excerpt":{"rendered":"<p>Kaarina Zaj\u0119cia j\u0119zyka polskiego w Kaarina odbywaj\u0105 si\u0119 w \u015brody w godzinach 15:00 \u2013 16:30 w Piispanl\u00e4hteen koulu na Marsukatu 1 w sali numer 13. Pierwsze zaj\u0119cia j\u0119zyka polskiego w roku szkolnym 2023\/24 odb\u0119d\u0105 si\u0119 30.8.2023. Aby zapisa\u0107 dziecko na zaj\u0119cia, nale\u017cy wype\u0142ni\u0107 formularz zg\u0142oszeniowy w j\u0119zyku fi\u0144skim lub angielskim oraz wysy\u0142a\u0107 go na adres PL 12 20781 Kaarina lub email koulutoimisto@kaarina.fi Zapisy odbywaj\u0105 si\u0119 w lutym i formularz wype\u0142nia si\u0119 co rok. Wi\u0119cej informacji tutaj.<\/p>\n","protected":false},"author":3176,"featured_media":0,"parent":0,"menu_order":0,"comment_status":"closed","ping_status":"closed","template":"","meta":{"footnotes":""},"class_list":["post-184","page","type-page","status-publish","hentry"],"_links":{"self":[{"href":"https:\/\/blog.edu.turku.fi\/jezykpolski\/wp-json\/wp\/v2\/pages\/184","targetHints":{"allow":["GET"]}}],"collection":[{"href":"https:\/\/blog.edu.turku.fi\/jezykpolski\/wp-json\/wp\/v2\/pages"}],"about":[{"href":"https:\/\/blog.edu.turku.fi\/jezykpolski\/wp-json\/wp\/v2\/types\/page"}],"author":[{"embeddable":true,"href":"https:\/\/blog.edu.turku.fi\/jezykpolski\/wp-json\/wp\/v2\/users\/3176"}],"replies":[{"embeddable":true,"href":"https:\/\/blog.edu.turku.fi\/jezykpolski\/wp-json\/wp\/v2\/comments?post=184"}],"version-history":[{"count":7,"href":"https:\/\/blog.edu.turku.fi\/jezykpolski\/wp-json\/wp\/v2\/pages\/184\/revisions"}],"predecessor-version":[{"id":834,"href":"https:\/\/blog.edu.turku.fi\/jezykpolski\/wp-json\/wp\/v2\/pages\/184\/revisions\/834"}],"wp:attachment":[{"href":"https:\/\/blog.edu.turku.fi\/jezykpolski\/wp-json\/wp\/v2\/media?parent=184"}],"curies":[{"name":"wp","href":"https:\/\/api.w.org\/{rel}","templated":true}]}}