{"id":181,"date":"2021-08-24T21:03:21","date_gmt":"2021-08-24T18:03:21","guid":{"rendered":"https:\/\/blog.edu.turku.fi\/jezykpolski\/?page_id=181"},"modified":"2023-09-15T09:45:07","modified_gmt":"2023-09-15T06:45:07","slug":"raisio-2","status":"publish","type":"page","link":"https:\/\/blog.edu.turku.fi\/jezykpolski\/raisio-2\/","title":{"rendered":"Raisio"},"content":{"rendered":"<h3 style=\"text-align: center\">Raisio<\/h3>\n<p><strong>Nauka w\u0142asnego j\u0119zyka ojczystego jest przeznaczona dla uczni\u00f3w, kt\u00f3rych j\u0119zyk ojczysty lub j\u0119zyk, kt\u00f3rym m\u00f3wi si\u0119 w domu jest inny ni\u017c fi\u0144ski lub szwedzki. Grupa zostaje utworzona, kiedy na pocz\u0105tku roku szkolnego na zaj\u0119cia zapisze si\u0119 co najmniej czworo uczni\u00f3w i znajdzie si\u0119 nauczyciel ucz\u0105cy danego j\u0119zyka. <\/strong><strong>Zapisy na zaj\u0119cia odbywaj\u0105 si\u0119 co rok. <\/strong><\/p>\n<p>Nauk\u0119 j\u0119zyka organizuje si\u0119 w r\u00f3\u017cnych szko\u0142ach w Raisio, w zale\u017cno\u015bci od tego gdzie mieszkaj\u0105 uczniowie. Lekcje prowadzone s\u0105 w zakresie 1\u20132 godzin w tygodniu wed\u0142ug programu nauczania sporz\u0105dzonego dla danego j\u0119zyka. Zaj\u0119cia odbywaj\u0105 si\u0119 po po\u0142udniu po lekcjach w szkole. Ucze\u0144 ucz\u0119szczaj\u0105cy na lekcje w\u0142asnego j\u0119zyka ojczystego dostaje ocen\u0119 na koniec roku szkolnego. Do \u015bwiadectwa szkolnego do\u0142\u0105czona jest ocena z w\u0142asnego j\u0119zyka ojczystego.<\/p>\n<p>Grupy tworzone s\u0105 wed\u0142ug wieku i umiej\u0119tno\u015bci j\u0119zykowych. Do grupy mog\u0105 nale\u017ce\u0107 uczniowie w r\u00f3\u017cnym wieku chodz\u0105cy do r\u00f3\u017cnych szk\u00f3\u0142.<\/p>\n<p>Uczestnictwo w nauce w\u0142asnego j\u0119zyka ojczystego jest dobrowolne, ale po zapisaniu si\u0119 na zaj\u0119cia wymaga si\u0119, aby ucze\u0144 ucz\u0119szcza\u0142 na nie regularnie. Na zaj\u0119cia zapisuje si\u0119 ucznia co rok. Lekcje j\u0119zyka polskiego odbywaj\u0105 si\u0119 we Friisil\u00e4n koulu w poniedzia\u0142ki od godziny 16:00 do 17:30. W przypadku liczby uczni\u00f3w wi\u0119kszej ni\u017c 11, czas zaj\u0119\u0107 mo\u017ce ulec zmianie, jednak\u017ce dzie\u0144 tygodnia pozostaje ten sam.<\/p>\n<p>Je\u015bli zaj\u0119cia odbywaj\u0105 si\u0119 w innej szkole ni\u017c tej, do kt\u00f3rej chodzi ucze\u0144, miasto nie organizuje dowozu uczni\u00f3w.<\/p>\n<p>Nauczyciel skontaktuje si\u0119 z rodzicami uczni\u00f3w zapisanych na zaj\u0119cia w sprawie utworzenia grupy w sierpniu. Je\u015bli grupa nie zostanie utworzona, rodzice r\u00f3wnie\u017c zostan\u0105 o tym poinformowani.<\/p>\n<p>Obecnie zaj\u0119cia j\u0119zyka polskiego w Raisio odbywaj\u0105 si\u0119 we <strong>Friisil\u00e4n koulu<\/strong> w <strong>poniedzia\u0142ki<\/strong> w godzinach <strong>16:00 &#8211; 17:30<\/strong> i s\u0105 przeznaczone dla uczni\u00f3w szk\u00f3\u0142 w gminie Raisio. Ch\u0119\u0107 wzi\u0119cia udzia\u0142u w zaj\u0119ciach j\u0119zyka polskiego nale\u017cy zg\u0142osi\u0107 dyrektorowi szko\u0142y dziecka lub wysy\u0142aj\u0105c email do pani Heli Kivel\u00e4 na adres heli.kivela@raisio.fi.<\/p>\n","protected":false},"excerpt":{"rendered":"<p>Raisio Nauka w\u0142asnego j\u0119zyka ojczystego jest przeznaczona dla uczni\u00f3w, kt\u00f3rych j\u0119zyk ojczysty lub j\u0119zyk, kt\u00f3rym m\u00f3wi si\u0119 w domu jest inny ni\u017c fi\u0144ski lub szwedzki. Grupa zostaje utworzona, kiedy na pocz\u0105tku roku szkolnego na zaj\u0119cia zapisze si\u0119 co najmniej czworo uczni\u00f3w i znajdzie si\u0119 nauczyciel ucz\u0105cy danego j\u0119zyka. Zapisy na zaj\u0119cia odbywaj\u0105 si\u0119 co rok. Nauk\u0119 j\u0119zyka organizuje si\u0119 w r\u00f3\u017cnych szko\u0142ach w Raisio, w zale\u017cno\u015bci od tego gdzie mieszkaj\u0105 uczniowie. Lekcje prowadzone s\u0105 w zakresie 1\u20132 godzin w tygodniu&#8230;<\/p>\n<p class=\"read-more\"><a class=\"btn btn-default\" href=\"https:\/\/blog.edu.turku.fi\/jezykpolski\/raisio-2\/\"> Read More<span class=\"screen-reader-text\">  Read More<\/span><\/a><\/p>\n","protected":false},"author":3176,"featured_media":0,"parent":0,"menu_order":0,"comment_status":"closed","ping_status":"closed","template":"","meta":{"footnotes":""},"class_list":["post-181","page","type-page","status-publish","hentry"],"_links":{"self":[{"href":"https:\/\/blog.edu.turku.fi\/jezykpolski\/wp-json\/wp\/v2\/pages\/181","targetHints":{"allow":["GET"]}}],"collection":[{"href":"https:\/\/blog.edu.turku.fi\/jezykpolski\/wp-json\/wp\/v2\/pages"}],"about":[{"href":"https:\/\/blog.edu.turku.fi\/jezykpolski\/wp-json\/wp\/v2\/types\/page"}],"author":[{"embeddable":true,"href":"https:\/\/blog.edu.turku.fi\/jezykpolski\/wp-json\/wp\/v2\/users\/3176"}],"replies":[{"embeddable":true,"href":"https:\/\/blog.edu.turku.fi\/jezykpolski\/wp-json\/wp\/v2\/comments?post=181"}],"version-history":[{"count":7,"href":"https:\/\/blog.edu.turku.fi\/jezykpolski\/wp-json\/wp\/v2\/pages\/181\/revisions"}],"predecessor-version":[{"id":835,"href":"https:\/\/blog.edu.turku.fi\/jezykpolski\/wp-json\/wp\/v2\/pages\/181\/revisions\/835"}],"wp:attachment":[{"href":"https:\/\/blog.edu.turku.fi\/jezykpolski\/wp-json\/wp\/v2\/media?parent=181"}],"curies":[{"name":"wp","href":"https:\/\/api.w.org\/{rel}","templated":true}]}}