{"id":177,"date":"2021-08-24T21:01:57","date_gmt":"2021-08-24T18:01:57","guid":{"rendered":"https:\/\/blog.edu.turku.fi\/jezykpolski\/?page_id=177"},"modified":"2024-05-14T17:37:04","modified_gmt":"2024-05-14T14:37:04","slug":"zadania-domowe-2","status":"publish","type":"page","link":"https:\/\/blog.edu.turku.fi\/jezykpolski\/turku-3\/tukany\/zadania-domowe-2\/","title":{"rendered":"Zadania domowe"},"content":{"rendered":"<ul>\n<li>14.5. &#8211; Podr\u0119cznik, str. 193, \u0107wiczenie IX 1. lub 2.<\/li>\n<li>7.5. &#8211; Zeszyt \u0107wicze\u0144, strona 85, \u0107w. II, podr\u0119cznik, str. 191-192, \u0107wiczenia VA i VB<\/li>\n<li>30.4. &#8211; Mi\u0142ego \u015awi\u0119ta Pracy!<\/li>\n<li>23.4..24 &#8211; Podr\u0119cznik, strona 187, \u0107wiczenie VI. Napisz tekst argumentacyjny (rozprawk\u0119) na jeden z poni\u017cszych temat\u00f3w:<br \/>\n\u2022\u2002Sporty ekstremalne \u2013 g\u0142upota czy wyzwanie?<br \/>\n\u2022\u2002Czy zgadzasz si\u0119 ze stwierdzeniem, \u017ce podr\u00f3\u017ce kszta\u0142c\u0105?<br \/>\n\u2022\u2002Czy wspinaczka wysokog\u00f3rska jest sportem dla ka\u017cdego?<\/li>\n<li>16.04.24 &#8211; Doko\u0144cz \u0107wiczenie V w podr\u0119czniku na stronach 185-186.<\/li>\n<li>09.04.24 &#8211; Znajd\u017a w internecie informacje na temat osi\u0105gni\u0119\u0107 nast\u0119puj\u0105cej osoby\u00a0 i przedstaw je na forum grupy.\n<ul>\n<li>Janek &#8211; Boles\u0142aw Orli\u0144ski<\/li>\n<li>Kuba &#8211; Leonard Kubiak<\/li>\n<li>Amelia &#8211; Krzysztof Wielicki<\/li>\n<li>Ola &#8211; Leszek Cichy<\/li>\n<li>Marysia &#8211; Piotr Chmieli\u0144ski<\/li>\n<li>Greta &#8211; Jacek Pa\u0142kiewicz<\/li>\n<\/ul>\n<\/li>\n<li>02.04.2024 &#8211; Napisz opowiadanie wykorzystuj\u0105c co najmniej 10 &#8220;trudnych&#8221; czasownik\u00f3w z zada\u0144 na stronie 180 w podr\u0119czniku (2 punkty). Je\u015bli nie potrafisz napisa\u0107 opowiadania, napisz 10 zda\u0144 z tymi czasownikami (Na lekcji robili\u015bmy \u0107wiczenia IX-XI z podr\u0119cznika na stronie 180 oraz przeczytali\u015bmy fragment ksi\u0105\u017cki m\u00f3wi\u0105cy o Aleksandrze Dobie, str. 181-183).<\/li>\n<li>19.3.24 &#8211; Na przysz\u0142ej lekcji b\u0119dziemy piekli mazurki z tego przepisu: <a href=\"https:\/\/www.kwestiasmaku.com\/desery\/mazurki\/kajmakowy\/mazurki.html\">https:\/\/www.kwestiasmaku.com\/desery\/mazurki\/kajmakowy\/mazurki.html<\/a>. Ja zapewni\u0119 sk\u0142adniki na ciasto i polew\u0119 oraz p\u0142atki migda\u0142owe. Mo\u017cna przynie\u015b\u0107 w\u0142asne orzechy i bakalie do dekoracji. Je\u015bli ucze\u0144 chce zrobi\u0107 mazurek z innego przepisu, prosz\u0119 o przes\u0142anie mi go na WhatsApp, \u017cebym mog\u0142a wydrukowa\u0107 przepis. Sk\u0142adniki na inny mazurek ucze\u0144 zapewnia sobie sam. Prosz\u0119 przynie\u015b\u0107 pojemniki na ciasto.\n<ul>\n<li>Zadanie domowe: Historia dla polonii<\/li>\n<\/ul>\n<\/li>\n<li>12.3. &#8211; podr\u0119cznik, strona 178, \u0107wiczenie VII. Napisz w\u0142asny list do Ziemi. Mo\u017cesz zaczerpn\u0105\u0107 inspiracj\u0119 z list\u00f3w do Ziemi w zeszycie \u0107wicze\u0144 (str. 82-83).<\/li>\n<li>27.2.24 &#8211; Z\u0141OTA LEKCJA &#8211; B\u0119dziemy piekli tort. Prosz\u0119 przynie\u015b\u0107 ze sob\u0105 pude\u0142ka na tort.<\/li>\n<li>13.2.2024 &#8211; Odpowiedz na pytania w cz\u0119\u015bciach C i D powt\u00f3rzenia na stronach 172-174<\/li>\n<li>6.2.24 &#8211; Podr\u0119cznik, strona 169, \u0107wiczenia VII i IX.<\/li>\n<li>30.1.2024 &#8211; Podr\u0119cznik, strona 166, \u0107wiczenia III i IV.<\/li>\n<li>23.1.24 &#8211; Podr\u0119cznik, strona 161, \u0107wiczenie IX. Zapisz kartk\u0119 z pami\u0119tnika dwuj\u0119zycznego i dwukulturowego nastolatka, kt\u00f3ry zastanawia si\u0119 nad tym, w kt\u00f3rym j\u0119zyku i w kt\u00f3rej kulturze swobodniej funkcjonuje. Jako<br \/>\npunkt wyj\u015bcia mo\u017cesz wykorzysta\u0107 dowolny cytat z \u0107wiczenia VIII. Wybierz sobie j\u0119zyki i kultury albo zosta\u0144 przy polskim i fi\u0144skim. Uwaga! Mo\u017cesz zmienia\u0107 j\u0119zyki, w kt\u00f3rych piszesz, ale upewnij si\u0119, \u017ce przynajmniej niewielka cz\u0119\u015b\u0107 tekstu jest po polsku. Nie musisz pisa\u0107 o sobie, ale mo\u017cesz.<\/li>\n<li>16.1.24 &#8211; Podr\u0119cznik, strona 160, \u0107wiczenie VII. Podkre\u015bl fragmenty zda\u0144, kt\u00f3re s\u0105 napisane w ponglishu (mieszance polskiego i angielskiego), a nast\u0119pnie zamie\u0144 je na wzorow\u0105 polszczyzn\u0119. Podaj przyk\u0142ady ponglishowych zwrot\u00f3w, kt\u00f3rych sam\/a u\u017cywasz.<\/li>\n<li>9.1.24 &#8211; Znajd\u017a jak najwi\u0119cej\u00a0polonizm\u00f3w (czyli wyraz\u00f3w pochodz\u0105cych z j\u0119zyka polskiego), kt\u00f3re znalaz\u0142y si\u0119 w j\u0119zyku angielskim i innych j\u0119zykach obcych.<\/li>\n<li>12.12.23 &#8211; Przeczytaj tekst ze strony 155 w <a href=\"https:\/\/drive.google.com\/file\/d\/1xnALqUy_BNYSWucMnS04E5g85ER5OxoX\/view?usp=sharing\">podr\u0119czniku<\/a> i odpowiedz w zeszycie na pytania do tekstu znajduj\u0105ce si\u0119 na stronie 156.<\/li>\n<li>5.12.2023 &#8211; Napisz artyku\u0142, kt\u00f3ry by\u0142 zadaniem domowym na dzisiejsz\u0105 lekcj\u0119. Je\u015bli Tw\u00f3j artyku\u0142 wymaga\u0142 poprawek, nanie\u015b je.<\/li>\n<li>28.11.2023 &#8211; Napisz artyku\u0142 na jeden z poni\u017cszych temat\u00f3w. Pami\u0119taj, aby zawrze\u0107 w tek\u015bcie swoj\u0105 opini\u0119.\n<ul>\n<li>Ka\u017cdy mo\u017ce zosta\u0107 \u015bwi\u0119tym Miko\u0142ajem.<\/li>\n<li>Choinka sztuczna, czy \u017cywa?<\/li>\n<li>Czy warto kupowa\u0107 prezenty?<\/li>\n<li>Potrawa \u015bwi\u0105teczna, dla kt\u00f3rej warto zapomnie\u0107 o diecie.<\/li>\n<\/ul>\n<\/li>\n<\/ul>\n<p>Mo\u017cesz te\u017c wymy\u015bli\u0107 sw\u00f3j \u015bwi\u0105teczny temat.<\/p>\n<ul>\n<li>14.11.23 &#8211; Na portalu <a href=\"https:\/\/www.historiadlapolonii.pl\/\">historia dla polonii<\/a>, wykonaj lekcj\u0119 &#8220;Z ziemi w\u0142oskiej do Polski. \u017bo\u0142nierze polscy w legionach D\u0105browskiego.&#8221; B\u0105d\u017a przygotowany do odpowiedzi na pytania do lekcji, kt\u00f3re zada nauczyciel.<\/li>\n<li>07.11.23 &#8211; \u0107wiczenia, strona 67, \u0107w. VIII<\/li>\n<li>24.10.23 &#8211; \u0107wiczenia, strona 66, \u0107w. III.<\/li>\n<li>10.10.23 &#8211; podr\u0119cznik, strona 146-147, zadania IV, V i VI<\/li>\n<li>3.10.23 &#8211; podr\u0119cznik, strona 144, odpowiedz w zeszycie na pytania pod tekstem.<\/li>\n<li>26.9.23 &#8211; \u0107wiczenia, \u0107wiczenie XII, XIII i XVI ze stron 62-65<\/li>\n<li>19.09.23 &#8211; \u0107wiczenie IX i X z podr\u0119cznika, strona 138<\/li>\n<li>12.9.23 &#8211; \u0107wiczenia, strona 58, \u0107wiczenie 2<\/li>\n<li>22.8.23 &#8211; \u0106w. VI i VII , strona 132 w podr\u0119czniku<\/li>\n<li>29.8.2023 &#8211; Zeszyt \u0107wicze\u0144, zadania IV, V, VII i VIII ze stron 59-61.<\/li>\n<\/ul>\n","protected":false},"excerpt":{"rendered":"<p>14.5. &#8211; Podr\u0119cznik, str. 193, \u0107wiczenie IX 1. lub 2. 7.5. &#8211; Zeszyt \u0107wicze\u0144, strona 85, \u0107w. II, podr\u0119cznik, str. 191-192, \u0107wiczenia VA i VB 30.4. &#8211; Mi\u0142ego \u015awi\u0119ta Pracy! 23.4..24 &#8211; Podr\u0119cznik, strona 187, \u0107wiczenie VI. Napisz tekst argumentacyjny (rozprawk\u0119) na jeden z poni\u017cszych temat\u00f3w: \u2022\u2002Sporty ekstremalne \u2013 g\u0142upota czy wyzwanie? \u2022\u2002Czy zgadzasz si\u0119 ze stwierdzeniem, \u017ce podr\u00f3\u017ce kszta\u0142c\u0105? \u2022\u2002Czy wspinaczka wysokog\u00f3rska jest sportem dla ka\u017cdego? 16.04.24 &#8211; Doko\u0144cz \u0107wiczenie V w podr\u0119czniku na stronach 185-186. 09.04.24 &#8211; Znajd\u017a&#8230;<\/p>\n<p class=\"read-more\"><a class=\"btn btn-default\" href=\"https:\/\/blog.edu.turku.fi\/jezykpolski\/turku-3\/tukany\/zadania-domowe-2\/\"> Read More<span class=\"screen-reader-text\">  Read More<\/span><\/a><\/p>\n","protected":false},"author":3176,"featured_media":0,"parent":771,"menu_order":0,"comment_status":"closed","ping_status":"closed","template":"","meta":{"footnotes":""},"class_list":["post-177","page","type-page","status-publish","hentry"],"_links":{"self":[{"href":"https:\/\/blog.edu.turku.fi\/jezykpolski\/wp-json\/wp\/v2\/pages\/177","targetHints":{"allow":["GET"]}}],"collection":[{"href":"https:\/\/blog.edu.turku.fi\/jezykpolski\/wp-json\/wp\/v2\/pages"}],"about":[{"href":"https:\/\/blog.edu.turku.fi\/jezykpolski\/wp-json\/wp\/v2\/types\/page"}],"author":[{"embeddable":true,"href":"https:\/\/blog.edu.turku.fi\/jezykpolski\/wp-json\/wp\/v2\/users\/3176"}],"replies":[{"embeddable":true,"href":"https:\/\/blog.edu.turku.fi\/jezykpolski\/wp-json\/wp\/v2\/comments?post=177"}],"version-history":[{"count":106,"href":"https:\/\/blog.edu.turku.fi\/jezykpolski\/wp-json\/wp\/v2\/pages\/177\/revisions"}],"predecessor-version":[{"id":1244,"href":"https:\/\/blog.edu.turku.fi\/jezykpolski\/wp-json\/wp\/v2\/pages\/177\/revisions\/1244"}],"up":[{"embeddable":true,"href":"https:\/\/blog.edu.turku.fi\/jezykpolski\/wp-json\/wp\/v2\/pages\/771"}],"wp:attachment":[{"href":"https:\/\/blog.edu.turku.fi\/jezykpolski\/wp-json\/wp\/v2\/media?parent=177"}],"curies":[{"name":"wp","href":"https:\/\/api.w.org\/{rel}","templated":true}]}}