{"id":173,"date":"2021-08-24T21:00:31","date_gmt":"2021-08-24T18:00:31","guid":{"rendered":"https:\/\/blog.edu.turku.fi\/jezykpolski\/?page_id=173"},"modified":"2024-08-13T12:27:22","modified_gmt":"2024-08-13T09:27:22","slug":"salo-2","status":"publish","type":"page","link":"https:\/\/blog.edu.turku.fi\/jezykpolski\/salo-2\/","title":{"rendered":"Salo"},"content":{"rendered":"<h3 style=\"text-align: center\">Salo<\/h3>\n<p style=\"text-align: left\">Zaj\u0119cia j\u0119zyka polskiego w Salo odbywaj\u0105 si\u0119 w <strong>czwartki<\/strong> w godzinach <strong>15:00 &#8211; 16:30<\/strong> w <strong>Uskelan koulu<\/strong> na <strong>Kavilankatu 1<\/strong>. Pierwsze zaj\u0119cia j\u0119zyka polskiego w roku szkolnym 2024\/25 odb\u0119d\u0105 si\u0119 22.8.2024.<\/p>\n<p style=\"text-align: left\">Zapisy na zaj\u0119cia poprzez wype\u0142nienie <a href=\"https:\/\/salo.fi\/wp-content\/uploads\/2020\/05\/Ilmoittautuminen-vieraskielisten-lasten-%C3%A4idinkielen-opetusryhm%C3%A4%C3%A4n.pdf\" target=\"_blank\" rel=\"noopener\">formularza.<\/a> Wype\u0142niony formularz oddaje si\u0119 nauczycielowi j\u0119zyka polskiego.<\/p>\n<p style=\"text-align: left\"><strong>UWAGA! Formularz zapis\u00f3w na zaj\u0119cia j\u0119zyka polskiego w Salo wype\u0142nia si\u0119 co rok.<\/strong><\/p>\n","protected":false},"excerpt":{"rendered":"<p>Salo Zaj\u0119cia j\u0119zyka polskiego w Salo odbywaj\u0105 si\u0119 w czwartki w godzinach 15:00 &#8211; 16:30 w Uskelan koulu na Kavilankatu 1. Pierwsze zaj\u0119cia j\u0119zyka polskiego w roku szkolnym 2024\/25 odb\u0119d\u0105 si\u0119 22.8.2024. Zapisy na zaj\u0119cia poprzez wype\u0142nienie formularza. Wype\u0142niony formularz oddaje si\u0119 nauczycielowi j\u0119zyka polskiego. UWAGA! Formularz zapis\u00f3w na zaj\u0119cia j\u0119zyka polskiego w Salo wype\u0142nia si\u0119 co rok.<\/p>\n","protected":false},"author":3176,"featured_media":0,"parent":0,"menu_order":0,"comment_status":"closed","ping_status":"closed","template":"","meta":{"footnotes":""},"class_list":["post-173","page","type-page","status-publish","hentry"],"_links":{"self":[{"href":"https:\/\/blog.edu.turku.fi\/jezykpolski\/wp-json\/wp\/v2\/pages\/173","targetHints":{"allow":["GET"]}}],"collection":[{"href":"https:\/\/blog.edu.turku.fi\/jezykpolski\/wp-json\/wp\/v2\/pages"}],"about":[{"href":"https:\/\/blog.edu.turku.fi\/jezykpolski\/wp-json\/wp\/v2\/types\/page"}],"author":[{"embeddable":true,"href":"https:\/\/blog.edu.turku.fi\/jezykpolski\/wp-json\/wp\/v2\/users\/3176"}],"replies":[{"embeddable":true,"href":"https:\/\/blog.edu.turku.fi\/jezykpolski\/wp-json\/wp\/v2\/comments?post=173"}],"version-history":[{"count":9,"href":"https:\/\/blog.edu.turku.fi\/jezykpolski\/wp-json\/wp\/v2\/pages\/173\/revisions"}],"predecessor-version":[{"id":1257,"href":"https:\/\/blog.edu.turku.fi\/jezykpolski\/wp-json\/wp\/v2\/pages\/173\/revisions\/1257"}],"wp:attachment":[{"href":"https:\/\/blog.edu.turku.fi\/jezykpolski\/wp-json\/wp\/v2\/media?parent=173"}],"curies":[{"name":"wp","href":"https:\/\/api.w.org\/{rel}","templated":true}]}}