{"id":17,"date":"2021-05-21T10:33:39","date_gmt":"2021-05-21T07:33:39","guid":{"rendered":"https:\/\/blog.edu.turku.fi\/jezykpolski\/?page_id=17"},"modified":"2024-08-13T12:30:14","modified_gmt":"2024-08-13T09:30:14","slug":"lowcy-skarbow","status":"publish","type":"page","link":"https:\/\/blog.edu.turku.fi\/jezykpolski\/lowcy-skarbow\/","title":{"rendered":"\u0141owcy Skarb\u00f3w"},"content":{"rendered":"<p>Zaj\u0119cia j\u0119zyka polskiego dla dzieci klas 4-6 odbywaj\u0105 si\u0119 w roku szkolnym z wyj\u0105tkiem pierwszego tygodnia.<\/p>\n<p>wtorek 16:45-18:15<\/p>\n<p>adres: Luostarinkatu 13, 20700 Turku<\/p>\n<h3><strong>Rok szkolny 2024-2025<\/strong><\/h3>\n<ul>\n<li>pierwszy semestr: czwartek 8.8. &#8211; pi\u0105tek 20.12.2024 (Pierwsze zaj\u0119cia zaczynaj\u0105 si\u0119 13.8.)\n<ul>\n<li>Ferie jesienne: poniedzia\u0142ek 14.10. &#8211; niedziela 20.10.2024<\/li>\n<li>Przerwa \u015bwi\u0105teczna: sobota 21.12.2024 &#8211; poniedzia\u0142ek 6.1.2025<\/li>\n<\/ul>\n<\/li>\n<li>drugi semestr: poniedzia\u0142ek 7.1. &#8211; sobota 31.5.2025\n<ul>\n<li>Ferie zimowe: poniedzia\u0142ek 17.2. &#8211; niedziela 23.2.2025<\/li>\n<\/ul>\n<\/li>\n<\/ul>\n","protected":false},"excerpt":{"rendered":"<p>Zaj\u0119cia j\u0119zyka polskiego dla dzieci klas 4-6 odbywaj\u0105 si\u0119 w roku szkolnym z wyj\u0105tkiem pierwszego tygodnia. wtorek 16:45-18:15 adres: Luostarinkatu 13, 20700 Turku Rok szkolny 2024-2025 pierwszy semestr: czwartek 8.8. &#8211; pi\u0105tek 20.12.2024 (Pierwsze zaj\u0119cia zaczynaj\u0105 si\u0119 13.8.) Ferie jesienne: poniedzia\u0142ek 14.10. &#8211; niedziela 20.10.2024 Przerwa \u015bwi\u0105teczna: sobota 21.12.2024 &#8211; poniedzia\u0142ek 6.1.2025 drugi semestr: poniedzia\u0142ek 7.1. &#8211; sobota 31.5.2025 Ferie zimowe: poniedzia\u0142ek 17.2. &#8211; niedziela 23.2.2025<\/p>\n","protected":false},"author":3176,"featured_media":0,"parent":0,"menu_order":0,"comment_status":"closed","ping_status":"closed","template":"","meta":{"footnotes":""},"class_list":["post-17","page","type-page","status-publish","hentry"],"_links":{"self":[{"href":"https:\/\/blog.edu.turku.fi\/jezykpolski\/wp-json\/wp\/v2\/pages\/17","targetHints":{"allow":["GET"]}}],"collection":[{"href":"https:\/\/blog.edu.turku.fi\/jezykpolski\/wp-json\/wp\/v2\/pages"}],"about":[{"href":"https:\/\/blog.edu.turku.fi\/jezykpolski\/wp-json\/wp\/v2\/types\/page"}],"author":[{"embeddable":true,"href":"https:\/\/blog.edu.turku.fi\/jezykpolski\/wp-json\/wp\/v2\/users\/3176"}],"replies":[{"embeddable":true,"href":"https:\/\/blog.edu.turku.fi\/jezykpolski\/wp-json\/wp\/v2\/comments?post=17"}],"version-history":[{"count":21,"href":"https:\/\/blog.edu.turku.fi\/jezykpolski\/wp-json\/wp\/v2\/pages\/17\/revisions"}],"predecessor-version":[{"id":1259,"href":"https:\/\/blog.edu.turku.fi\/jezykpolski\/wp-json\/wp\/v2\/pages\/17\/revisions\/1259"}],"wp:attachment":[{"href":"https:\/\/blog.edu.turku.fi\/jezykpolski\/wp-json\/wp\/v2\/media?parent=17"}],"curies":[{"name":"wp","href":"https:\/\/api.w.org\/{rel}","templated":true}]}}