{"id":1140,"date":"2024-03-08T21:42:08","date_gmt":"2024-03-08T19:42:08","guid":{"rendered":"https:\/\/blog.edu.turku.fi\/jezykpolski\/?page_id=1140"},"modified":"2024-05-17T16:20:50","modified_gmt":"2024-05-17T13:20:50","slug":"jeremi","status":"publish","type":"page","link":"https:\/\/blog.edu.turku.fi\/jezykpolski\/jeremi\/","title":{"rendered":"Jeremi"},"content":{"rendered":"<ul>\n<li>16.5.24 &#8211;<b><span data-contrast=\"auto\"> \ud83d\udcd5<\/span><\/b><span data-contrast=\"auto\"> Zeszyt \u0107wicze\u0144, <\/span><span data-contrast=\"auto\">Strona 54-55, <\/span><span data-contrast=\"auto\">\u0106w. 2-5<\/span><span data-ccp-props=\"{&quot;201341983&quot;:0,&quot;335559685&quot;:0,&quot;335559740&quot;:279}\">\u00a0<\/span><\/li>\n<li>11.4. &#8211; Doko\u0144cz \u0107wiczenie 1 w zeszycie \u0107wicze\u0144 na stronie 46 i wykonaj \u0107wiczenie 3 ze strony 37.<\/li>\n<li>4.4.24 &#8211; Zeszyt \u0107wicze\u0144, strona 44, \u0107wiczenia 5, 6, 7 i 8.<\/li>\n<li>14.3.24 &#8211; Lekcja 26, strona 107, \u0107wiczenia 3, 4 (w zeszycie), 5<\/li>\n<li>7.3.24 &#8211; Lekcja 25, strona 38-39, zeszyt \u0107wicze\u0144, \u0107wiczenia 1, 2, 3, i 5.<\/li>\n<\/ul>\n","protected":false},"excerpt":{"rendered":"<p>16.5.24 &#8211; \ud83d\udcd5 Zeszyt \u0107wicze\u0144, Strona 54-55, \u0106w. 2-5\u00a0 11.4. &#8211; Doko\u0144cz \u0107wiczenie 1 w zeszycie \u0107wicze\u0144 na stronie 46 i wykonaj \u0107wiczenie 3 ze strony 37. 4.4.24 &#8211; Zeszyt \u0107wicze\u0144, strona 44, \u0107wiczenia 5, 6, 7 i 8. 14.3.24 &#8211; Lekcja 26, strona 107, \u0107wiczenia 3, 4 (w zeszycie), 5 7.3.24 &#8211; Lekcja 25, strona 38-39, zeszyt \u0107wicze\u0144, \u0107wiczenia 1, 2, 3, i 5.<\/p>\n","protected":false},"author":3176,"featured_media":0,"parent":0,"menu_order":0,"comment_status":"closed","ping_status":"closed","template":"","meta":{"footnotes":""},"class_list":["post-1140","page","type-page","status-publish","hentry"],"_links":{"self":[{"href":"https:\/\/blog.edu.turku.fi\/jezykpolski\/wp-json\/wp\/v2\/pages\/1140","targetHints":{"allow":["GET"]}}],"collection":[{"href":"https:\/\/blog.edu.turku.fi\/jezykpolski\/wp-json\/wp\/v2\/pages"}],"about":[{"href":"https:\/\/blog.edu.turku.fi\/jezykpolski\/wp-json\/wp\/v2\/types\/page"}],"author":[{"embeddable":true,"href":"https:\/\/blog.edu.turku.fi\/jezykpolski\/wp-json\/wp\/v2\/users\/3176"}],"replies":[{"embeddable":true,"href":"https:\/\/blog.edu.turku.fi\/jezykpolski\/wp-json\/wp\/v2\/comments?post=1140"}],"version-history":[{"count":7,"href":"https:\/\/blog.edu.turku.fi\/jezykpolski\/wp-json\/wp\/v2\/pages\/1140\/revisions"}],"predecessor-version":[{"id":1253,"href":"https:\/\/blog.edu.turku.fi\/jezykpolski\/wp-json\/wp\/v2\/pages\/1140\/revisions\/1253"}],"wp:attachment":[{"href":"https:\/\/blog.edu.turku.fi\/jezykpolski\/wp-json\/wp\/v2\/media?parent=1140"}],"curies":[{"name":"wp","href":"https:\/\/api.w.org\/{rel}","templated":true}]}}