{"id":819,"date":"2017-01-31T13:16:33","date_gmt":"2017-01-31T11:16:33","guid":{"rendered":"https:\/\/blog.edu.turku.fi\/jakarla\/?page_id=819"},"modified":"2017-01-31T13:21:21","modified_gmt":"2017-01-31T11:21:21","slug":"ops-2016-jakarlan-koulu","status":"publish","type":"page","link":"https:\/\/blog.edu.turku.fi\/jakarla\/ops-2016-jakarlan-koulu\/","title":{"rendered":"OPS 2016"},"content":{"rendered":"<p><a href=\"https:\/\/blog.edu.turku.fi\/ops2016\/files\/2015\/04\/J\u00c4K\u00c4RL\u00c4-OPS-2016.pdf\" target=\"_blank\">J\u00e4k\u00e4rl\u00e4n koulun opetussuunnitelma<\/a><\/p>\n","protected":false},"excerpt":{"rendered":"<p>J\u00e4k\u00e4rl\u00e4n koulun opetussuunnitelma<\/p>\n","protected":false},"author":166,"featured_media":0,"parent":0,"menu_order":0,"comment_status":"closed","ping_status":"closed","template":"","meta":{"footnotes":""},"class_list":["post-819","page","type-page","status-publish","hentry"],"_links":{"self":[{"href":"https:\/\/blog.edu.turku.fi\/jakarla\/wp-json\/wp\/v2\/pages\/819","targetHints":{"allow":["GET"]}}],"collection":[{"href":"https:\/\/blog.edu.turku.fi\/jakarla\/wp-json\/wp\/v2\/pages"}],"about":[{"href":"https:\/\/blog.edu.turku.fi\/jakarla\/wp-json\/wp\/v2\/types\/page"}],"author":[{"embeddable":true,"href":"https:\/\/blog.edu.turku.fi\/jakarla\/wp-json\/wp\/v2\/users\/166"}],"replies":[{"embeddable":true,"href":"https:\/\/blog.edu.turku.fi\/jakarla\/wp-json\/wp\/v2\/comments?post=819"}],"version-history":[{"count":3,"href":"https:\/\/blog.edu.turku.fi\/jakarla\/wp-json\/wp\/v2\/pages\/819\/revisions"}],"predecessor-version":[{"id":823,"href":"https:\/\/blog.edu.turku.fi\/jakarla\/wp-json\/wp\/v2\/pages\/819\/revisions\/823"}],"wp:attachment":[{"href":"https:\/\/blog.edu.turku.fi\/jakarla\/wp-json\/wp\/v2\/media?parent=819"}],"curies":[{"name":"wp","href":"https:\/\/api.w.org\/{rel}","templated":true}]}}