{"id":816,"date":"2017-01-31T13:11:30","date_gmt":"2017-01-31T11:11:30","guid":{"rendered":"https:\/\/blog.edu.turku.fi\/jakarla\/?page_id=816"},"modified":"2024-08-19T14:00:13","modified_gmt":"2024-08-19T11:00:13","slug":"opetus","status":"publish","type":"page","link":"https:\/\/blog.edu.turku.fi\/jakarla\/opetus\/","title":{"rendered":"Opetus"},"content":{"rendered":"<p><a href=\"https:\/\/blog.edu.turku.fi\/jakarla\/ops-2016-jakarlan-koulu\/\">OPS 2016<\/a><\/p>\n<p><a href=\"https:\/\/blog.edu.turku.fi\/jakarla\/kor\/\">KOR<\/a><\/p>\n<p><a href=\"https:\/\/blog.edu.turku.fi\/jakarla\/ops-2016\/\">J\u00e4rjestyss\u00e4\u00e4nn\u00f6t<\/a><\/p>\n<p><a href=\"https:\/\/www.turku.fi\/paivahoito-ja-koulutus\/perusopetus\/opiskeluhuolto\/kouluyhteisoon-kiinnittamisen-ja-poissaoloihin\">Kouluyhteis\u00f6\u00f6n kiinnitt\u00e4misen ja poissaoloihin puuttumisen malli<\/a><\/p>\n","protected":false},"excerpt":{"rendered":"<p>OPS 2016 KOR J\u00e4rjestyss\u00e4\u00e4nn\u00f6t Kouluyhteis\u00f6\u00f6n kiinnitt\u00e4misen ja poissaoloihin puuttumisen malli<\/p>\n","protected":false},"author":166,"featured_media":0,"parent":0,"menu_order":0,"comment_status":"closed","ping_status":"closed","template":"","meta":{"footnotes":""},"class_list":["post-816","page","type-page","status-publish","hentry"],"_links":{"self":[{"href":"https:\/\/blog.edu.turku.fi\/jakarla\/wp-json\/wp\/v2\/pages\/816","targetHints":{"allow":["GET"]}}],"collection":[{"href":"https:\/\/blog.edu.turku.fi\/jakarla\/wp-json\/wp\/v2\/pages"}],"about":[{"href":"https:\/\/blog.edu.turku.fi\/jakarla\/wp-json\/wp\/v2\/types\/page"}],"author":[{"embeddable":true,"href":"https:\/\/blog.edu.turku.fi\/jakarla\/wp-json\/wp\/v2\/users\/166"}],"replies":[{"embeddable":true,"href":"https:\/\/blog.edu.turku.fi\/jakarla\/wp-json\/wp\/v2\/comments?post=816"}],"version-history":[{"count":4,"href":"https:\/\/blog.edu.turku.fi\/jakarla\/wp-json\/wp\/v2\/pages\/816\/revisions"}],"predecessor-version":[{"id":1137,"href":"https:\/\/blog.edu.turku.fi\/jakarla\/wp-json\/wp\/v2\/pages\/816\/revisions\/1137"}],"wp:attachment":[{"href":"https:\/\/blog.edu.turku.fi\/jakarla\/wp-json\/wp\/v2\/media?parent=816"}],"curies":[{"name":"wp","href":"https:\/\/api.w.org\/{rel}","templated":true}]}}