{"id":813,"date":"2017-01-31T13:07:20","date_gmt":"2017-01-31T11:07:20","guid":{"rendered":"https:\/\/blog.edu.turku.fi\/jakarla\/?page_id=813"},"modified":"2025-06-02T09:39:47","modified_gmt":"2025-06-02T06:39:47","slug":"etusivu","status":"publish","type":"page","link":"https:\/\/blog.edu.turku.fi\/jakarla\/","title":{"rendered":"J\u00e4k\u00e4rl\u00e4n koulun esittely"},"content":{"rendered":"<p style=\"background: white;margin: 0cm 0cm 11.25pt 0cm\"><span style=\"font-family: 'Helvetica',sans-serif;color: #1a1a1a\">J\u00e4k\u00e4rl\u00e4n koulu on 160 oppilaan (2025) alakoulu J\u00e4k\u00e4rl\u00e4n kaupunginosan oppilaille.<\/span><\/p>\n<p style=\"background: white;margin: 0cm 0cm 11.25pt 0cm\"><span style=\"font-family: 'Helvetica',sans-serif;color: #1a1a1a\">Koulu toimii v\u00e4ist\u00f6tiloissa viel\u00e4 lukuvuoden 2025-2026, osoitteessa K\u00e4rs\u00e4m\u00e4entie 11, 2. krs. Koulun toiminta siirtyy J\u00e4k\u00e4rl\u00e4\u00e4n valmistuvaan uuteen kouluun suksyll\u00e4 2026.<\/span><\/p>\n<p style=\"background: white;margin: 0cm 0cm 11.25pt 0cm\"><span style=\"font-family: 'Helvetica',sans-serif;color: #1a1a1a\">Koulussa opiskelee my\u00f6s kolme valmistavan opetuksen ryhm\u00e4\u00e4.<\/span><\/p>\n<p>Oppilaita on yhteens\u00e4 n. 196.<\/p>\n<p style=\"background: white;margin: 0cm 0cm 11.25pt 0cm\"><span style=\"font-family: 'Helvetica',sans-serif;color: #1a1a1a\"><br \/>\n<strong>Koulumme toiminta-ajatusta ohjaavat J\u00c4KKE 2023-2027 \u2013toimintakulttuuri, tunnetaidot ja hyv\u00e4t k\u00e4yt\u00f6stavat.<\/strong><\/span><\/p>\n<p>Ty\u00f6skentelyss\u00e4 rohkaistaan hyvinvoinnin, terveen itsetunnon ja tunnetaitojen kehittymiseen, toisten huomioimiseen sek\u00e4 positiiviseen vuorovaikutukseen. N\u00e4it\u00e4 taitoja harjoitellaan sovittujen teemojen pohjalta: tervehtiminen ja kiitt\u00e4minen, erilaisten tunteiden tunnistaminen ja s\u00e4\u00e4tely, positiivisen hengen luominen ja hyv\u00e4n huomaaminen itsess\u00e4 sek\u00e4 toisessa.<\/p>\n<p style=\"margin: 0cm;margin-bottom: .0001pt;background: white\"><span style=\"font-family: 'Helvetica',sans-serif;color: #1a1a1a\">J\u00e4k\u00e4rl\u00e4n koulun arvoperusta rakentuu seuraaville arvoille ja periaatteille:<br \/>\nhyvinvointi,<br \/>\nhyv\u00e4t k\u00e4yt\u00f6stavat,<br \/>\nME -henki ja<br \/>\npositiivinen asenne.<\/span><\/p>\n","protected":false},"excerpt":{"rendered":"<p>J\u00e4k\u00e4rl\u00e4n koulu on 160 oppilaan (2025) alakoulu J\u00e4k\u00e4rl\u00e4n kaupunginosan oppilaille. Koulu toimii v\u00e4ist\u00f6tiloissa viel\u00e4 lukuvuoden 2025-2026, osoitteessa K\u00e4rs\u00e4m\u00e4entie 11, 2. krs. Koulun toiminta siirtyy J\u00e4k\u00e4rl\u00e4\u00e4n valmistuvaan uuteen kouluun suksyll\u00e4 2026. Koulussa opiskelee my\u00f6s kolme valmistavan opetuksen ryhm\u00e4\u00e4. Oppilaita on yhteens\u00e4 n. 196. Koulumme toiminta-ajatusta ohjaavat J\u00c4KKE 2023-2027 \u2013toimintakulttuuri, tunnetaidot ja hyv\u00e4t k\u00e4yt\u00f6stavat. Ty\u00f6skentelyss\u00e4 rohkaistaan hyvinvoinnin, &hellip; <a href=\"https:\/\/blog.edu.turku.fi\/jakarla\/\" class=\"more-link\">Jatka lukemista<span class=\"screen-reader-text\"> &#8221;J\u00e4k\u00e4rl\u00e4n koulun esittely&#8221;<\/span><\/a><\/p>\n","protected":false},"author":9,"featured_media":0,"parent":0,"menu_order":0,"comment_status":"closed","ping_status":"closed","template":"","meta":{"footnotes":""},"class_list":["post-813","page","type-page","status-publish","hentry"],"_links":{"self":[{"href":"https:\/\/blog.edu.turku.fi\/jakarla\/wp-json\/wp\/v2\/pages\/813","targetHints":{"allow":["GET"]}}],"collection":[{"href":"https:\/\/blog.edu.turku.fi\/jakarla\/wp-json\/wp\/v2\/pages"}],"about":[{"href":"https:\/\/blog.edu.turku.fi\/jakarla\/wp-json\/wp\/v2\/types\/page"}],"author":[{"embeddable":true,"href":"https:\/\/blog.edu.turku.fi\/jakarla\/wp-json\/wp\/v2\/users\/9"}],"replies":[{"embeddable":true,"href":"https:\/\/blog.edu.turku.fi\/jakarla\/wp-json\/wp\/v2\/comments?post=813"}],"version-history":[{"count":23,"href":"https:\/\/blog.edu.turku.fi\/jakarla\/wp-json\/wp\/v2\/pages\/813\/revisions"}],"predecessor-version":[{"id":1205,"href":"https:\/\/blog.edu.turku.fi\/jakarla\/wp-json\/wp\/v2\/pages\/813\/revisions\/1205"}],"wp:attachment":[{"href":"https:\/\/blog.edu.turku.fi\/jakarla\/wp-json\/wp\/v2\/media?parent=813"}],"curies":[{"name":"wp","href":"https:\/\/api.w.org\/{rel}","templated":true}]}}