{"id":244,"date":"2012-10-10T08:53:21","date_gmt":"2012-10-10T05:53:21","guid":{"rendered":"https:\/\/blog.edu.turku.fi\/jakarla\/?page_id=244"},"modified":"2025-10-24T09:45:41","modified_gmt":"2025-10-24T06:45:41","slug":"vanhempainyhdistys-tiedottaa","status":"publish","type":"page","link":"https:\/\/blog.edu.turku.fi\/jakarla\/vanhempainyhdistys-tiedottaa\/","title":{"rendered":"Vanhempainyhdistys"},"content":{"rendered":"<p><strong><span style=\"color: #888888\">Vanhempainyhdistys 2025-2026<\/span><\/strong><\/p>\n<p>P\u00e4ivi Alho, puheenjohtaja<\/p>\n<p>Hallituksen j\u00e4senet:<\/p>\n<p>Anne Salkimo ja Kaziwa Saarikoski<\/p>\n<p>J\u00e4k\u00e4rl\u00e4n koulun vanhempainyhdistys ja sen kaikki kokoukset sek\u00e4 muut tapahtumat ovat avoimia kaikille koulumme oppilaiden huoltajille,\u00a0opettajille sek\u00e4 koulun henkil\u00f6kunnalle.<\/p>\n<p>Tapahtumista tiedotetaan huoltajia Wilman v\u00e4lityksell\u00e4 ja vanhempainyhdistyksen facebook-sivustolla.<\/p>\n<p>Vy:n s\u00e4hk\u00f6postiosoite:\u00a0\u00a0<a href=\"https:\/\/turku.inschool.fi\/strategy\/view\/1107\/-#OnlyHTTPAndHTTPSAllowed\" data-cke-saved-href=\"https:\/\/turku.inschool.fi\/strategy\/view\/1107\/-#OnlyHTTPAndHTTPSAllowed\">vy.jakarlankoulu@gmail.com<\/a><\/p>\n<p><em><span style=\"font-family: Thread-00001304-Id-00000116\">\u00a0<\/span><\/em><\/p>\n<p>&nbsp;<\/p>\n<p>&nbsp;<\/p>\n<p>&nbsp;<\/p>\n<p>&nbsp;<\/p>\n<p>&nbsp;<\/p>\n<p>&nbsp;<\/p>\n<p><strong><span style=\"color: #888888\">\u00a0<\/span><\/strong><\/p>\n","protected":false},"excerpt":{"rendered":"<p>Vanhempainyhdistys 2025-2026 P\u00e4ivi Alho, puheenjohtaja Hallituksen j\u00e4senet: Anne Salkimo ja Kaziwa Saarikoski J\u00e4k\u00e4rl\u00e4n koulun vanhempainyhdistys ja sen kaikki kokoukset sek\u00e4 muut tapahtumat ovat avoimia kaikille koulumme oppilaiden huoltajille,\u00a0opettajille sek\u00e4 koulun henkil\u00f6kunnalle. Tapahtumista tiedotetaan huoltajia Wilman v\u00e4lityksell\u00e4 ja vanhempainyhdistyksen facebook-sivustolla. Vy:n s\u00e4hk\u00f6postiosoite:\u00a0\u00a0vy.jakarlankoulu@gmail.com \u00a0 &nbsp; &nbsp; &nbsp; &nbsp; &nbsp; &nbsp; \u00a0<\/p>\n","protected":false},"author":166,"featured_media":0,"parent":0,"menu_order":0,"comment_status":"closed","ping_status":"closed","template":"","meta":{"footnotes":""},"class_list":["post-244","page","type-page","status-publish","hentry"],"_links":{"self":[{"href":"https:\/\/blog.edu.turku.fi\/jakarla\/wp-json\/wp\/v2\/pages\/244","targetHints":{"allow":["GET"]}}],"collection":[{"href":"https:\/\/blog.edu.turku.fi\/jakarla\/wp-json\/wp\/v2\/pages"}],"about":[{"href":"https:\/\/blog.edu.turku.fi\/jakarla\/wp-json\/wp\/v2\/types\/page"}],"author":[{"embeddable":true,"href":"https:\/\/blog.edu.turku.fi\/jakarla\/wp-json\/wp\/v2\/users\/166"}],"replies":[{"embeddable":true,"href":"https:\/\/blog.edu.turku.fi\/jakarla\/wp-json\/wp\/v2\/comments?post=244"}],"version-history":[{"count":65,"href":"https:\/\/blog.edu.turku.fi\/jakarla\/wp-json\/wp\/v2\/pages\/244\/revisions"}],"predecessor-version":[{"id":1236,"href":"https:\/\/blog.edu.turku.fi\/jakarla\/wp-json\/wp\/v2\/pages\/244\/revisions\/1236"}],"wp:attachment":[{"href":"https:\/\/blog.edu.turku.fi\/jakarla\/wp-json\/wp\/v2\/media?parent=244"}],"curies":[{"name":"wp","href":"https:\/\/api.w.org\/{rel}","templated":true}]}}