{"id":2,"date":"2012-11-06T14:03:39","date_gmt":"2012-11-06T14:03:39","guid":{"rendered":"https:\/\/blog.edu.turku.fi\/innopaja\/?page_id=2"},"modified":"2015-10-05T08:47:09","modified_gmt":"2015-10-05T05:47:09","slug":"taustaa","status":"publish","type":"page","link":"https:\/\/blog.edu.turku.fi\/innopaja\/taustaa\/","title":{"rendered":"Taustaa"},"content":{"rendered":"<p style=\"text-align: left;\" align=\"center\">Innopaja-toiminta k\u00e4ynnistyi Turussa vuonna 2012 OPH:n oppimisymp\u00e4rist\u00f6hankerahoituksella. Uudistetulla toimintamallilla Innopaja-toimintaa toteutaan vuosina 2015-2016 perusopetuksessa OKM:n erityisavustuksella.<\/p>\n<h3 style=\"text-align: left;\" align=\"center\">OKM:n erityisavustus: Pedagogisen ICT-strategian jalkauttaminen 2015-2016<\/h3>\n<p>Opetus- ja kulttuuriministeri\u00f6 my\u00f6nsi 1.7.2015 erityisavustusta esi- ja perusopetuksen toimintakulttuurin kehitt\u00e4miseen. Turussa rahoitusta k\u00e4ytet\u00e4\u00e4n monipuolisesti erilaiseen toimintaan avustuksen kohtien 1-3 mukaisesti. Innopaja-toiminta on osa kohdan 1 mukaista valtionavustuksen k\u00e4ytt\u00f6\u00e4. Sen kautta kanavoidaan tukea Turun sivistystoimialan TVT-suunnitelman jalkauttamiseen.<\/p>\n<h3 style=\"text-align: left;\" align=\"center\">Opetushallituksen ja Turun kaupungin rahoittama oppimisymp\u00e4rist\u00f6hanke 2012-2014<\/h3>\n<p style=\"text-align: left;\" align=\"center\"><em><img loading=\"lazy\" decoding=\"async\" class=\"alignright size-full wp-image-1120\" src=\"https:\/\/blog.edu.turku.fi\/innopaja\/files\/2015\/10\/hankkeet-ophrahoittaa-pieni.png\" alt=\"hankkeet-ophrahoittaa-pieni\" width=\"90\" height=\"92\" \/>Yhteisty\u00f6ss\u00e4 <a href=\"http:\/\/digi-ope.com\/index.php\/innopaja1\" target=\"_blank\">Kaarinan Innopaja@koulut -hanke<\/a><\/em><\/p>\n<p>Innopaja@koulut Turku \u2013hanke rohkaisee ja innostaa opettajia opetusteknologian k\u00e4ytt\u00f6\u00f6n mahdollistamalla opetusteknologiaa innovatiivisesti hy\u00f6dynt\u00e4vien osahankkeiden toteuttamisen joustavasti oppilaitoksissa.<\/p>\n<p>Toimintamallissa Innopaja@koulut Turku -hanke toimii Turun sivistystoimialalla sateenvarjona useille pienemmille osahankkeille, jonka alla oppilaitokset kehitt\u00e4v\u00e4t uusia tieto- ja viestint\u00e4tekniikkaa ajanmukaisesti hy\u00f6dynt\u00e4vi\u00e4 toimintatapoja. Tavoitteena on tukea oppilaitoksissa tarvel\u00e4ht\u00f6isesti syntyneit\u00e4 innovaatioita ja mahdollistaa niiden k\u00e4yt\u00e4nn\u00f6n toteutus.<\/p>\n<p><img loading=\"lazy\" decoding=\"async\" class=\"alignright size-full wp-image-31\" title=\"oppimisymparistot\" src=\"https:\/\/blog.edu.turku.fi\/innopaja\/files\/2012\/11\/hankkeet-oppimisymparistot.png\" alt=\"\" width=\"90\" height=\"89\" \/>Yleissivist\u00e4v\u00e4n opetuksen hankkeena Innopaja@koulut Turku toimii jalkauttamisv\u00e4lineen\u00e4 ensisijaisesti peruskouluille ja lukioille. Innovaatioita hy\u00f6dynnet\u00e4\u00e4n my\u00f6s mm. esiopetuksessa ja ammatillisessa koulutuksessa. Innopaja-toiminta on alkanut vuotta aiemmin Kaarinassa. K\u00e4ynniss\u00e4 on my\u00f6s pelk\u00e4st\u00e4\u00e4n lukioille tarkoitettu &#8221;sisarhanke&#8221; <a href=\"https:\/\/blog.edu.turku.fi\/tiimit\/\">Tiimit@innopaja<\/a>.<\/p>\n<p>Innopaja@koulut kuuluu <a href=\"http:\/\/opetusteknologia.info\/\" target=\"_blank\">OTE-koordinaatiohankkeen<\/a> (laitteet ja ohjelmistot) kehitt\u00e4mishankkeisiin.<\/p>\n<p><img loading=\"lazy\" decoding=\"async\" class=\"aligncenter size-full wp-image-181\" src=\"https:\/\/blog.edu.turku.fi\/innopaja\/files\/2012\/11\/innopaja-esite-etupuoli.png\" alt=\"innopaja-esite-etupuoli\" width=\"450\" height=\"634\" srcset=\"https:\/\/blog.edu.turku.fi\/innopaja\/files\/2012\/11\/innopaja-esite-etupuoli.png 450w, https:\/\/blog.edu.turku.fi\/innopaja\/files\/2012\/11\/innopaja-esite-etupuoli-212x300.png 212w, https:\/\/blog.edu.turku.fi\/innopaja\/files\/2012\/11\/innopaja-esite-etupuoli-400x563.png 400w\" sizes=\"auto, (max-width: 450px) 100vw, 450px\" \/><\/p>\n","protected":false},"excerpt":{"rendered":"<p>Innopaja-toiminta k\u00e4ynnistyi Turussa vuonna 2012 OPH:n oppimisymp\u00e4rist\u00f6hankerahoituksella. Uudistetulla toimintamallilla Innopaja-toimintaa toteutaan vuosina 2015-2016 perusopetuksessa OKM:n erityisavustuksella. OKM:n erityisavustus: Pedagogisen ICT-strategian jalkauttaminen 2015-2016 Opetus- ja kulttuuriministeri\u00f6 my\u00f6nsi 1.7.2015 erityisavustusta esi- ja perusopetuksen toimintakulttuurin kehitt\u00e4miseen. Turussa rahoitusta k\u00e4ytet\u00e4\u00e4n monipuolisesti erilaiseen toimintaan avustuksen&hellip; <\/p>\n","protected":false},"author":16,"featured_media":0,"parent":0,"menu_order":1,"comment_status":"closed","ping_status":"closed","template":"","meta":{"ngg_post_thumbnail":0,"footnotes":""},"class_list":["post-2","page","type-page","status-publish","hentry"],"_links":{"self":[{"href":"https:\/\/blog.edu.turku.fi\/innopaja\/wp-json\/wp\/v2\/pages\/2","targetHints":{"allow":["GET"]}}],"collection":[{"href":"https:\/\/blog.edu.turku.fi\/innopaja\/wp-json\/wp\/v2\/pages"}],"about":[{"href":"https:\/\/blog.edu.turku.fi\/innopaja\/wp-json\/wp\/v2\/types\/page"}],"author":[{"embeddable":true,"href":"https:\/\/blog.edu.turku.fi\/innopaja\/wp-json\/wp\/v2\/users\/16"}],"replies":[{"embeddable":true,"href":"https:\/\/blog.edu.turku.fi\/innopaja\/wp-json\/wp\/v2\/comments?post=2"}],"version-history":[{"count":19,"href":"https:\/\/blog.edu.turku.fi\/innopaja\/wp-json\/wp\/v2\/pages\/2\/revisions"}],"predecessor-version":[{"id":1121,"href":"https:\/\/blog.edu.turku.fi\/innopaja\/wp-json\/wp\/v2\/pages\/2\/revisions\/1121"}],"wp:attachment":[{"href":"https:\/\/blog.edu.turku.fi\/innopaja\/wp-json\/wp\/v2\/media?parent=2"}],"curies":[{"name":"wp","href":"https:\/\/api.w.org\/{rel}","templated":true}]}}