{"id":17,"date":"2012-11-06T17:41:43","date_gmt":"2012-11-06T15:41:43","guid":{"rendered":"https:\/\/blog.edu.turku.fi\/innopaja\/?page_id=17"},"modified":"2016-06-01T10:42:13","modified_gmt":"2016-06-01T07:42:13","slug":"hae","status":"publish","type":"page","link":"https:\/\/blog.edu.turku.fi\/innopaja\/hae\/","title":{"rendered":"Hae projektia"},"content":{"rendered":"<p>Innopaja-toimintaan k\u00e4ytt\u00e4m\u00e4mme osa erityisavustusta\u00a0(2015-2016) on saatu &#8221;<strong>opetuksen j\u00e4rjest\u00e4j\u00e4n pedagogisen ICT-strategian jalkauttamiseen<\/strong>&#8221;.<\/p>\n<p><span style=\"color: #ff0000;\"><strong>Projektien hakuaika on p\u00e4\u00e4ttynyt 31.5.2016.<\/strong><\/span><\/p>\n<p><strong>Toimintamalli Turussa<\/strong><\/p>\n<ol>\n<li>Turun kaupungin peruskoulu suunnittelee oman jalkauttamisprojektinsa. Projekti voi koskea kaikkia opettajia tai opettajaryhm\u00e4\u00e4 \u2013 sek\u00e4 luonnollisesti heid\u00e4n oppilaitaan.<\/li>\n<li>Esitys projektista ja hakemus avustuksesta j\u00e4tet\u00e4\u00e4n www-lomakkeella. Haku on jatkuva niin kauan kuin allokoitua rahoitusta riitt\u00e4\u00e4.<\/li>\n<li>TOP-keskus\/TVT-tiimi arvioi projektiesityksi\u00e4 m\u00e4\u00e4r\u00e4ajoin ja p\u00e4\u00e4tt\u00e4\u00e4, mitk\u00e4 projektit toteutetaan.<\/li>\n<li>Koulu ja TOP-keskus jalostavat projektisuunnitelman toteutusmuotoon. Koulu vastaa toteutuksesta.<\/li>\n<li>Koulu toteuttaa projektin ja sitoutuu dokumentoimaan sen sovitulla tavalla, mm. blogissa.<\/li>\n<\/ol>\n<p><strong>Keskeisi\u00e4 reunaehtoja <\/strong>(yksityiskohdat neuvotellaan TOP-keskuksen kanssa)<\/p>\n<ul>\n<li>Projektin tavoitteiden pit\u00e4\u00e4 <strong>kytkeyty\u00e4 tiiviisti <a href=\"http:\/\/edu.turku.fi\/tvt\/julkaisut\/TVT-suunnitelma-2012-2016.pdf\" target=\"_blank\">Turun kaupungin TVT:n opetusk\u00e4yt\u00f6n suunnitelman 2012-2016<\/a> tavoitteisiin ja niiden jalkauttamiseen<\/strong>, ei pelk\u00e4st\u00e4\u00e4n yksitt\u00e4isen koulun tavoitteistoon. Kuvaile hakulomakkeella, miten projektiehdotuksenne kytkeytyy TVT-suunnitelmaan.<\/li>\n<li>Projekti voi olla my\u00f6s valmistelevaa ty\u00f6t\u00e4 tulevan TVT-suunnitelman laadinnan pohjaksi, eli paneutua\u00a0asioihin, jotka eiv\u00e4t olleet edellist\u00e4 suunnitelmaa laadittaessa viel\u00e4 riitt\u00e4v\u00e4sti esill\u00e4.\u00a0OKM kannustaa toimintaan, jossa yhdistyv\u00e4t koulujen arki, tietohallinto (=IT) sek\u00e4 informaalisen oppimisen mahdollisuudet (kuten kirjastot ja museot) pedagogisesti tarkoituksenmukaisella tavalla.<\/li>\n<li>Yksitt\u00e4isen projektin kustannusarvio on<strong> 1000 \u2013 4000 euroa<\/strong>. Jotta rahoituksesta hy\u00f6tyy mahdollisimman moni koulu, eth\u00e4n\u00a0ano maksimisummaa ellei se ole projektin kannalta v\u00e4ltt\u00e4m\u00e4t\u00f6nt\u00e4.<\/li>\n<li><span style=\"color: #ff0000;\"><strong>Rahoitusta ei voi k\u00e4ytt\u00e4\u00e4 eik\u00e4 anoa (OKM):\u00a0<\/strong><\/span>\n<ul>\n<li>olemassa olevan toiminnan rahoittamiseen<\/li>\n<li>kohteeseen, johon on my\u00f6nnetty muita valtion erityisavustuksia (esim. remontointi, pihat)<\/li>\n<li><strong>sijaiskustannuksiin<\/strong><\/li>\n<li><strong>laitteisiin<\/strong><\/li>\n<li><strong>samanaikaisopetukseen<\/strong><\/li>\n<li>ohjelmistotuotannolliseen tuotekehitykseen<\/li>\n<li>verkkoyhteyksiin<\/li>\n<li>oppimateriaalien tuotteistamiseen<\/li>\n<li>liiketaloudellista voittoa tuottaviin toimiin<\/li>\n<li>ulkomaanmatkoihin<\/li>\n<li>p\u00e4iv\u00e4rahoihin<\/li>\n<li>yksitt\u00e4isten henkil\u00f6iden tutkintoihin<\/li>\n<li>suomi tai ruotsi toisena kielen\u00e4 -opetustunteihin<\/li>\n<li>koulujen kerhotoimintaan<\/li>\n<\/ul>\n<\/li>\n<li>Projektit toteutetaan p\u00e4\u00e4s\u00e4\u00e4nt\u00f6isesti lukuvuoden 2015-2016 aikana. Kaikki projektit p\u00e4\u00e4ttyv\u00e4t viimeist\u00e4\u00e4n lokakuussa 2016.<\/li>\n<li>Hankkeesta voidaan maksaa kohtuullisia palkkioita (opettajalla 28 e\/h) hankkeesta aiheutuneesta ylim\u00e4\u00e4r\u00e4isest\u00e4 ty\u00f6st\u00e4. <strong>Rahoitusta voi k\u00e4ytt\u00e4\u00e4 vain sellaisten henkil\u00f6iden palkkakustannuksiin, jotka osallistuvat suoraan projektin toteuttamiseen.<\/strong>\u00a0Erittele hakulomakkeessa mist\u00e4 ty\u00f6st\u00e4 on tarkoitus maksaa palkkiota ja montako tuntia. Huom! Kustannuslaskennassa k\u00e4yt\u00e4\u00a0hintaa 35 euroa\/tunti (palkkio + sivukulut).<\/li>\n<\/ul>\n<p><strong>Lis\u00e4tiedot ja neuvonta<\/strong><\/p>\n<p><a href=\"http:\/\/edu.turku.fi\/top-keskus\/\" target=\"_blank\">Tietokone opetuksessa &#8211; TOP-keskus<\/a><br \/>\ntoiminnanjohtaja Jouni Paakkinen<br \/>\npuh. 050 5907474<br \/>\netunimi.sukunimi@turku.fi<\/p>\n<p><strong>Projektin hakeminen<\/strong><\/p>\n<p>Rehtorin\/johtajan valtuuttamana www-lomakkeella. Haku on jatkuva. K\u00e4sittelyaika on 1-3 viikkoa.<\/p>\n<p><span style=\"color: #ff0000;\"><strong>Projektien hakuaika on p\u00e4\u00e4ttynyt 31.5.2016.<\/strong><\/span><\/p>\n<p><!-- <strong>&gt;&gt;\u00a0<a href=\"https:\/\/www.webropolsurveys.com\/S\/335A0A9600B30BED.par\" target=\"_blank\">Avaa lomake<\/a>\u00a0&lt;&lt;<\/strong> --><\/p>\n<p>&nbsp;<\/p>\n","protected":false},"excerpt":{"rendered":"<p>Innopaja-toimintaan k\u00e4ytt\u00e4m\u00e4mme osa erityisavustusta\u00a0(2015-2016) on saatu &#8221;opetuksen j\u00e4rjest\u00e4j\u00e4n pedagogisen ICT-strategian jalkauttamiseen&#8221;. Projektien hakuaika on p\u00e4\u00e4ttynyt 31.5.2016. Toimintamalli Turussa Turun kaupungin peruskoulu suunnittelee oman jalkauttamisprojektinsa. Projekti voi koskea kaikkia opettajia tai opettajaryhm\u00e4\u00e4 \u2013 sek\u00e4 luonnollisesti heid\u00e4n oppilaitaan. Esitys projektista ja hakemus&hellip; <\/p>\n","protected":false},"author":16,"featured_media":0,"parent":0,"menu_order":3,"comment_status":"closed","ping_status":"closed","template":"","meta":{"ngg_post_thumbnail":0,"footnotes":""},"class_list":["post-17","page","type-page","status-publish","hentry"],"_links":{"self":[{"href":"https:\/\/blog.edu.turku.fi\/innopaja\/wp-json\/wp\/v2\/pages\/17","targetHints":{"allow":["GET"]}}],"collection":[{"href":"https:\/\/blog.edu.turku.fi\/innopaja\/wp-json\/wp\/v2\/pages"}],"about":[{"href":"https:\/\/blog.edu.turku.fi\/innopaja\/wp-json\/wp\/v2\/types\/page"}],"author":[{"embeddable":true,"href":"https:\/\/blog.edu.turku.fi\/innopaja\/wp-json\/wp\/v2\/users\/16"}],"replies":[{"embeddable":true,"href":"https:\/\/blog.edu.turku.fi\/innopaja\/wp-json\/wp\/v2\/comments?post=17"}],"version-history":[{"count":42,"href":"https:\/\/blog.edu.turku.fi\/innopaja\/wp-json\/wp\/v2\/pages\/17\/revisions"}],"predecessor-version":[{"id":1277,"href":"https:\/\/blog.edu.turku.fi\/innopaja\/wp-json\/wp\/v2\/pages\/17\/revisions\/1277"}],"wp:attachment":[{"href":"https:\/\/blog.edu.turku.fi\/innopaja\/wp-json\/wp\/v2\/media?parent=17"}],"curies":[{"name":"wp","href":"https:\/\/api.w.org\/{rel}","templated":true}]}}