{"id":43,"date":"2015-06-17T12:22:42","date_gmt":"2015-06-17T09:22:42","guid":{"rendered":"https:\/\/blog.edu.turku.fi\/ilpoinenphy\/?page_id=43"},"modified":"2024-03-07T13:09:52","modified_gmt":"2024-03-07T11:09:52","slug":"yhteystiedot","status":"publish","type":"page","link":"https:\/\/blog.edu.turku.fi\/ilpoinenphy\/yhteystiedot\/","title":{"rendered":"Yhteystiedot"},"content":{"rendered":"<p>Ilpoisten p\u00e4iv\u00e4koti<\/p>\n<p>Laukl\u00e4hteenkatu 10<\/p>\n<p>20740 Turku<\/p>\n<p>P\u00e4iv\u00e4kodinjohtaja Tarja Kaasinen\u00a0 0503967024<\/p>\n<p><strong><span style=\"text-decoration: underline\">Muksula<\/span><\/strong><\/p>\n<p>Tenavat 040 653 0431<\/p>\n<p>Vekarat 040 671 2061<\/p>\n<p><strong><span style=\"text-decoration: underline\">Temppula <\/span><\/strong><\/p>\n<p>Nopsajalat\u00a0040 682 4763<\/p>\n<p>Pomppunassut\u00a0 040 149 3442<\/p>\n<p>Tempputassut 040 149 3397<\/p>\n<p>Reput (Ilpoisten koulu, Koulukyl\u00e4, Laukl\u00e4hteenkatu 13, 20740 Turku)\u00a0 044 907 4767<\/p>\n<p><strong><span style=\"text-decoration: underline\">Tossula<\/span><\/strong><\/p>\n<p>Tossutouhukkaat\u00a0 050 396 7026<\/p>\n<p>Hymyhypyt 044 790 0582<\/p>\n<p>&nbsp;<\/p>\n","protected":false},"excerpt":{"rendered":"<p>Ilpoisten p\u00e4iv\u00e4koti Laukl\u00e4hteenkatu 10 20740 Turku P\u00e4iv\u00e4kodinjohtaja Tarja Kaasinen\u00a0 0503967024 Muksula Tenavat 040 653 0431 Vekarat 040 671 2061 Temppula Nopsajalat\u00a0040 682 4763 Pomppunassut\u00a0 040 149 3442 Tempputassut 040 149 3397 Reput (Ilpoisten koulu, Koulukyl\u00e4, Laukl\u00e4hteenkatu 13, 20740 Turku)\u00a0 044 907 4767 Tossula Tossutouhukkaat\u00a0 050 396 7026 Hymyhypyt 044 790 0582 &nbsp;<\/p>\n","protected":false},"author":1267,"featured_media":0,"parent":0,"menu_order":6,"comment_status":"closed","ping_status":"closed","template":"","meta":{"footnotes":""},"class_list":["post-43","page","type-page","status-publish","hentry"],"_links":{"self":[{"href":"https:\/\/blog.edu.turku.fi\/ilpoinenphy\/wp-json\/wp\/v2\/pages\/43","targetHints":{"allow":["GET"]}}],"collection":[{"href":"https:\/\/blog.edu.turku.fi\/ilpoinenphy\/wp-json\/wp\/v2\/pages"}],"about":[{"href":"https:\/\/blog.edu.turku.fi\/ilpoinenphy\/wp-json\/wp\/v2\/types\/page"}],"author":[{"embeddable":true,"href":"https:\/\/blog.edu.turku.fi\/ilpoinenphy\/wp-json\/wp\/v2\/users\/1267"}],"replies":[{"embeddable":true,"href":"https:\/\/blog.edu.turku.fi\/ilpoinenphy\/wp-json\/wp\/v2\/comments?post=43"}],"version-history":[{"count":9,"href":"https:\/\/blog.edu.turku.fi\/ilpoinenphy\/wp-json\/wp\/v2\/pages\/43\/revisions"}],"predecessor-version":[{"id":804,"href":"https:\/\/blog.edu.turku.fi\/ilpoinenphy\/wp-json\/wp\/v2\/pages\/43\/revisions\/804"}],"wp:attachment":[{"href":"https:\/\/blog.edu.turku.fi\/ilpoinenphy\/wp-json\/wp\/v2\/media?parent=43"}],"curies":[{"name":"wp","href":"https:\/\/api.w.org\/{rel}","templated":true}]}}