{"id":41,"date":"2015-06-17T12:21:32","date_gmt":"2015-06-17T09:21:32","guid":{"rendered":"https:\/\/blog.edu.turku.fi\/ilpoinenphy\/?page_id=41"},"modified":"2024-03-07T13:16:04","modified_gmt":"2024-03-07T11:16:04","slug":"meidan-paivakoti","status":"publish","type":"page","link":"https:\/\/blog.edu.turku.fi\/ilpoinenphy\/meidan-paivakoti\/","title":{"rendered":"Meid\u00e4n p\u00e4iv\u00e4koti"},"content":{"rendered":"<p>Meid\u00e4n p\u00e4iv\u00e4koti sijaitsee Ilpoisten rauhallisella alueella luonnon helmassa. Sopivan k\u00e4velymatkan p\u00e4\u00e4ss\u00e4 on mets\u00e4 joka on mahdollisuuksia t\u00e4ynn\u00e4; k\u00e4ymme retkill\u00e4 ihmettelem\u00e4ss\u00e4 luonnon muutoksia, juoksemme ja liikumme pururadalla sek\u00e4 talvella hiihd\u00e4mme. K\u00e4vellen p\u00e4\u00e4semme my\u00f6s Ilpoisten koulun kent\u00e4lle ja isoon jumppasaliin, l\u00e4hipuistoihin ja kirjastoon. Linja-auto vie helposti Kupittaalle puistoon, urheiluhalliin ja luistelumadolle tai Parkin kent\u00e4lle. Liikennepihalla p\u00e4\u00e4see py\u00f6r\u00e4ilem\u00e4\u00e4n ja muovij\u00e4\u00e4ll\u00e4 voidaan luistella jo lokakuussa. P\u00e4iv\u00e4kodissamme aikuiset pit\u00e4v\u00e4t t\u00e4rke\u00e4n\u00e4 sit\u00e4, ett\u00e4 jokaisella lapsella on mahdollisuus kokea liikunnan iloa p\u00e4ivitt\u00e4in, siksi liikunta kuuluukin jokap\u00e4iv\u00e4isen\u00e4 osana toimintaamme, niin ohjatusti kuin omaehtoisestikin.<\/p>\n<p>P\u00e4iv\u00e4kodissamme toteutetaan teematy\u00f6skentely\u00e4 pienryhmiss\u00e4. Ryhm\u00e4t suunnittelevat ja muokkaavat toimintaansa lapsilta nousevien ideoiden ja kiinnostusten kohteiden ymp\u00e4rille, punaisena lankana toimii vuosittain yhdess\u00e4 valittu teema, jonka ymp\u00e4rille toiminta rakennetaan.<\/p>\n<p>&nbsp;<\/p>\n","protected":false},"excerpt":{"rendered":"<p>Meid\u00e4n p\u00e4iv\u00e4koti sijaitsee Ilpoisten rauhallisella alueella luonnon helmassa. Sopivan k\u00e4velymatkan p\u00e4\u00e4ss\u00e4 on mets\u00e4 joka on mahdollisuuksia t\u00e4ynn\u00e4; k\u00e4ymme retkill\u00e4 ihmettelem\u00e4ss\u00e4 luonnon muutoksia, juoksemme ja liikumme pururadalla sek\u00e4 talvella hiihd\u00e4mme. K\u00e4vellen p\u00e4\u00e4semme my\u00f6s Ilpoisten koulun kent\u00e4lle ja isoon jumppasaliin, l\u00e4hipuistoihin ja kirjastoon. Linja-auto vie helposti Kupittaalle puistoon, urheiluhalliin ja luistelumadolle tai Parkin kent\u00e4lle. Liikennepihalla p\u00e4\u00e4see py\u00f6r\u00e4ilem\u00e4\u00e4n &hellip; <a href=\"https:\/\/blog.edu.turku.fi\/ilpoinenphy\/meidan-paivakoti\/\" class=\"more-link\">Jatka lukemista<span class=\"screen-reader-text\"> &#8221;Meid\u00e4n p\u00e4iv\u00e4koti&#8221;<\/span><\/a><\/p>\n","protected":false},"author":1267,"featured_media":0,"parent":0,"menu_order":3,"comment_status":"closed","ping_status":"closed","template":"","meta":{"footnotes":""},"class_list":["post-41","page","type-page","status-publish","hentry"],"_links":{"self":[{"href":"https:\/\/blog.edu.turku.fi\/ilpoinenphy\/wp-json\/wp\/v2\/pages\/41","targetHints":{"allow":["GET"]}}],"collection":[{"href":"https:\/\/blog.edu.turku.fi\/ilpoinenphy\/wp-json\/wp\/v2\/pages"}],"about":[{"href":"https:\/\/blog.edu.turku.fi\/ilpoinenphy\/wp-json\/wp\/v2\/types\/page"}],"author":[{"embeddable":true,"href":"https:\/\/blog.edu.turku.fi\/ilpoinenphy\/wp-json\/wp\/v2\/users\/1267"}],"replies":[{"embeddable":true,"href":"https:\/\/blog.edu.turku.fi\/ilpoinenphy\/wp-json\/wp\/v2\/comments?post=41"}],"version-history":[{"count":13,"href":"https:\/\/blog.edu.turku.fi\/ilpoinenphy\/wp-json\/wp\/v2\/pages\/41\/revisions"}],"predecessor-version":[{"id":806,"href":"https:\/\/blog.edu.turku.fi\/ilpoinenphy\/wp-json\/wp\/v2\/pages\/41\/revisions\/806"}],"wp:attachment":[{"href":"https:\/\/blog.edu.turku.fi\/ilpoinenphy\/wp-json\/wp\/v2\/media?parent=41"}],"curies":[{"name":"wp","href":"https:\/\/api.w.org\/{rel}","templated":true}]}}