{"id":459,"date":"2012-02-14T11:20:44","date_gmt":"2012-02-14T11:20:44","guid":{"rendered":"https:\/\/blog.edu.turku.fi\/ilpoinen\/?page_id=459"},"modified":"2025-08-31T11:32:31","modified_gmt":"2025-08-31T11:32:31","slug":"koulupsykologi","status":"publish","type":"page","link":"https:\/\/blog.edu.turku.fi\/ilpoinen\/yhteystiedot\/koulupsykologi\/","title":{"rendered":"Koulupsykologi"},"content":{"rendered":"<p><strong>Ella Tuomiluoma <\/strong><span data-olk-copy-source=\"MessageBody\">044 4939788<br \/>\nella.tuomiluoma@varha.fi<\/span><\/p>\n<p>Ilpoisten koululla ma,ti ja pe<\/p>\n<p>Viestit ja yhteydenottopyynn\u00f6t puhelimitse, s\u00e4hk\u00f6postitse tai Wilman kautta<\/p>\n<p>&nbsp;<\/p>\n<p>&nbsp;<\/p>\n","protected":false},"excerpt":{"rendered":"<p>Ella Tuomiluoma 044 4939788 ella.tuomiluoma@varha.fi Ilpoisten koululla ma,ti ja pe Viestit ja yhteydenottopyynn\u00f6t puhelimitse, s\u00e4hk\u00f6postitse tai Wilman kautta &nbsp; &nbsp;<\/p>\n","protected":false},"author":105,"featured_media":0,"parent":14,"menu_order":3,"comment_status":"closed","ping_status":"closed","template":"","meta":{"footnotes":""},"class_list":["post-459","page","type-page","status-publish","hentry"],"_links":{"self":[{"href":"https:\/\/blog.edu.turku.fi\/ilpoinen\/wp-json\/wp\/v2\/pages\/459","targetHints":{"allow":["GET"]}}],"collection":[{"href":"https:\/\/blog.edu.turku.fi\/ilpoinen\/wp-json\/wp\/v2\/pages"}],"about":[{"href":"https:\/\/blog.edu.turku.fi\/ilpoinen\/wp-json\/wp\/v2\/types\/page"}],"author":[{"embeddable":true,"href":"https:\/\/blog.edu.turku.fi\/ilpoinen\/wp-json\/wp\/v2\/users\/105"}],"replies":[{"embeddable":true,"href":"https:\/\/blog.edu.turku.fi\/ilpoinen\/wp-json\/wp\/v2\/comments?post=459"}],"version-history":[{"count":26,"href":"https:\/\/blog.edu.turku.fi\/ilpoinen\/wp-json\/wp\/v2\/pages\/459\/revisions"}],"predecessor-version":[{"id":2160,"href":"https:\/\/blog.edu.turku.fi\/ilpoinen\/wp-json\/wp\/v2\/pages\/459\/revisions\/2160"}],"up":[{"embeddable":true,"href":"https:\/\/blog.edu.turku.fi\/ilpoinen\/wp-json\/wp\/v2\/pages\/14"}],"wp:attachment":[{"href":"https:\/\/blog.edu.turku.fi\/ilpoinen\/wp-json\/wp\/v2\/media?parent=459"}],"curies":[{"name":"wp","href":"https:\/\/api.w.org\/{rel}","templated":true}]}}