{"id":281,"date":"2012-02-10T13:00:37","date_gmt":"2012-02-10T13:00:37","guid":{"rendered":"https:\/\/blog.edu.turku.fi\/ilpoinen\/?page_id=281"},"modified":"2024-09-16T12:43:08","modified_gmt":"2024-09-16T12:43:08","slug":"oppituntien-alkamis-ja-paattymisajat","status":"publish","type":"page","link":"https:\/\/blog.edu.turku.fi\/ilpoinen\/koululaisen-kasikirja\/oppituntien-alkamis-ja-paattymisajat\/","title":{"rendered":"Oppituntien alkamis- ja p\u00e4\u00e4ttymisajat"},"content":{"rendered":"<p><b>Aamup\u00e4iv\u00e4<\/b><br \/>\n8.00 &#8211; 8.45<br \/>\n9.00 &#8211; 9.45<br \/>\n<b>Pitk\u00e4 v\u00e4lkk\u00e4<\/b> 9.45-10.15<br \/>\n10.15 &#8211; 12.00 Oppitunnit putkeen. <strong>Ruokailut<\/strong> tuntien lomassa.<\/p>\n<p><b>Iltap\u00e4iv\u00e4<\/b><br \/>\n12.15 \u2013 13.00<br \/>\n13.15 \u2013 14.00<br \/>\n14.00 \u2013 14.45<\/p>\n<p>&nbsp;<\/p>\n","protected":false},"excerpt":{"rendered":"<p>Aamup\u00e4iv\u00e4 8.00 &#8211; 8.45 9.00 &#8211; 9.45 Pitk\u00e4 v\u00e4lkk\u00e4 9.45-10.15 10.15 &#8211; 12.00 Oppitunnit putkeen. Ruokailut tuntien lomassa. Iltap\u00e4iv\u00e4 12.15 \u2013 13.00 13.15 \u2013 14.00 14.00 \u2013 14.45 &nbsp;<\/p>\n","protected":false},"author":105,"featured_media":0,"parent":19,"menu_order":0,"comment_status":"closed","ping_status":"closed","template":"","meta":{"footnotes":""},"class_list":["post-281","page","type-page","status-publish","hentry"],"_links":{"self":[{"href":"https:\/\/blog.edu.turku.fi\/ilpoinen\/wp-json\/wp\/v2\/pages\/281","targetHints":{"allow":["GET"]}}],"collection":[{"href":"https:\/\/blog.edu.turku.fi\/ilpoinen\/wp-json\/wp\/v2\/pages"}],"about":[{"href":"https:\/\/blog.edu.turku.fi\/ilpoinen\/wp-json\/wp\/v2\/types\/page"}],"author":[{"embeddable":true,"href":"https:\/\/blog.edu.turku.fi\/ilpoinen\/wp-json\/wp\/v2\/users\/105"}],"replies":[{"embeddable":true,"href":"https:\/\/blog.edu.turku.fi\/ilpoinen\/wp-json\/wp\/v2\/comments?post=281"}],"version-history":[{"count":15,"href":"https:\/\/blog.edu.turku.fi\/ilpoinen\/wp-json\/wp\/v2\/pages\/281\/revisions"}],"predecessor-version":[{"id":2089,"href":"https:\/\/blog.edu.turku.fi\/ilpoinen\/wp-json\/wp\/v2\/pages\/281\/revisions\/2089"}],"up":[{"embeddable":true,"href":"https:\/\/blog.edu.turku.fi\/ilpoinen\/wp-json\/wp\/v2\/pages\/19"}],"wp:attachment":[{"href":"https:\/\/blog.edu.turku.fi\/ilpoinen\/wp-json\/wp\/v2\/media?parent=281"}],"curies":[{"name":"wp","href":"https:\/\/api.w.org\/{rel}","templated":true}]}}