{"id":262,"date":"2012-02-10T12:56:52","date_gmt":"2012-02-10T12:56:52","guid":{"rendered":"https:\/\/blog.edu.turku.fi\/ilpoinen\/?page_id=262"},"modified":"2016-11-16T09:54:02","modified_gmt":"2016-11-16T09:54:02","slug":"koulutapaturmat","status":"publish","type":"page","link":"https:\/\/blog.edu.turku.fi\/ilpoinen\/koululaisen-kasikirja\/koulutapaturmat\/","title":{"rendered":"Koulutapaturmat"},"content":{"rendered":"<p>Koulussa tai koulumatkalla sattunut tapaturma hoidetaan koulussa tai kaupunginsairaalan p\u00e4ivystys-poliklinikalla. Huom! Kaupunki korvaa yksityisell\u00e4 l\u00e4\u00e4k\u00e4riasemalla annetusta hoidosta vain julkisen sektorin taksojen mukaiset korvaukset.<\/p>\n<p>Lis\u00e4tietoa:<br \/>\n<a href=\"http:\/\/www.turku.fi\/sosiaali-ja-terveyspalvelut\/terveyspalvelut\/koulu-ja-opiskeluterveydenhuolto\/kouluterveydenhuolto-6\">Koulutapaturmat ja niiden korvaaminen<br \/>\nKoulutapaturmat<\/a><\/p>\n","protected":false},"excerpt":{"rendered":"<p>Koulussa tai koulumatkalla sattunut tapaturma hoidetaan koulussa tai kaupunginsairaalan p\u00e4ivystys-poliklinikalla. Huom! Kaupunki korvaa yksityisell\u00e4 l\u00e4\u00e4k\u00e4riasemalla annetusta hoidosta vain julkisen sektorin taksojen mukaiset korvaukset. Lis\u00e4tietoa: Koulutapaturmat ja niiden korvaaminen Koulutapaturmat<\/p>\n","protected":false},"author":105,"featured_media":0,"parent":19,"menu_order":0,"comment_status":"closed","ping_status":"closed","template":"","meta":{"footnotes":""},"class_list":["post-262","page","type-page","status-publish","hentry"],"_links":{"self":[{"href":"https:\/\/blog.edu.turku.fi\/ilpoinen\/wp-json\/wp\/v2\/pages\/262","targetHints":{"allow":["GET"]}}],"collection":[{"href":"https:\/\/blog.edu.turku.fi\/ilpoinen\/wp-json\/wp\/v2\/pages"}],"about":[{"href":"https:\/\/blog.edu.turku.fi\/ilpoinen\/wp-json\/wp\/v2\/types\/page"}],"author":[{"embeddable":true,"href":"https:\/\/blog.edu.turku.fi\/ilpoinen\/wp-json\/wp\/v2\/users\/105"}],"replies":[{"embeddable":true,"href":"https:\/\/blog.edu.turku.fi\/ilpoinen\/wp-json\/wp\/v2\/comments?post=262"}],"version-history":[{"count":9,"href":"https:\/\/blog.edu.turku.fi\/ilpoinen\/wp-json\/wp\/v2\/pages\/262\/revisions"}],"predecessor-version":[{"id":1263,"href":"https:\/\/blog.edu.turku.fi\/ilpoinen\/wp-json\/wp\/v2\/pages\/262\/revisions\/1263"}],"up":[{"embeddable":true,"href":"https:\/\/blog.edu.turku.fi\/ilpoinen\/wp-json\/wp\/v2\/pages\/19"}],"wp:attachment":[{"href":"https:\/\/blog.edu.turku.fi\/ilpoinen\/wp-json\/wp\/v2\/media?parent=262"}],"curies":[{"name":"wp","href":"https:\/\/api.w.org\/{rel}","templated":true}]}}