{"id":259,"date":"2012-02-10T12:57:42","date_gmt":"2012-02-10T12:57:42","guid":{"rendered":"https:\/\/blog.edu.turku.fi\/ilpoinen\/?page_id=259"},"modified":"2020-11-03T12:43:47","modified_gmt":"2020-11-03T12:43:47","slug":"liikuntatunnit","status":"publish","type":"page","link":"https:\/\/blog.edu.turku.fi\/ilpoinen\/koululaisen-kasikirja\/liikuntatunnit\/","title":{"rendered":"Liikuntatunnit"},"content":{"rendered":"<p>Asianmukainen varustus takaa miellytt\u00e4v\u00e4mm\u00e4n oppitunnin. Siksi liikuntatunnille pukeudutaan erilliseen liikunta-asuun. Sis\u00e4liikuntaan tarvitaan esim. t-paita, shortsit tai verryttelyhousut sek\u00e4 sis\u00e4tossut tai pelikeng\u00e4t. Mukaan tulee varata my\u00f6s pyyheliina. Ulkotunnilla tarvitaan s\u00e4\u00e4nmukainen, joustava liikunta-asu ja liikuntaan sopivat ulkoilujalkineet sek\u00e4 talviaikaan luistimet ja kyp\u00e4r\u00e4.<\/p>\n<p>Mik\u00e4li oppilas on estynyt osallistumaan liikuntatunnille, huoltajien tulee ilmoittaa asiasta liikunnanopettajalle ennen tuntia.<\/p>\n","protected":false},"excerpt":{"rendered":"<p>Asianmukainen varustus takaa miellytt\u00e4v\u00e4mm\u00e4n oppitunnin. Siksi liikuntatunnille pukeudutaan erilliseen liikunta-asuun. Sis\u00e4liikuntaan tarvitaan esim. t-paita, shortsit tai verryttelyhousut sek\u00e4 sis\u00e4tossut tai pelikeng\u00e4t. Mukaan tulee varata my\u00f6s pyyheliina. Ulkotunnilla tarvitaan s\u00e4\u00e4nmukainen, joustava liikunta-asu ja liikuntaan sopivat ulkoilujalkineet sek\u00e4 talviaikaan luistimet ja kyp\u00e4r\u00e4. Mik\u00e4li oppilas on estynyt osallistumaan liikuntatunnille, huoltajien tulee ilmoittaa asiasta liikunnanopettajalle ennen tuntia.<\/p>\n","protected":false},"author":105,"featured_media":0,"parent":19,"menu_order":0,"comment_status":"closed","ping_status":"closed","template":"","meta":{"footnotes":""},"class_list":["post-259","page","type-page","status-publish","hentry"],"_links":{"self":[{"href":"https:\/\/blog.edu.turku.fi\/ilpoinen\/wp-json\/wp\/v2\/pages\/259","targetHints":{"allow":["GET"]}}],"collection":[{"href":"https:\/\/blog.edu.turku.fi\/ilpoinen\/wp-json\/wp\/v2\/pages"}],"about":[{"href":"https:\/\/blog.edu.turku.fi\/ilpoinen\/wp-json\/wp\/v2\/types\/page"}],"author":[{"embeddable":true,"href":"https:\/\/blog.edu.turku.fi\/ilpoinen\/wp-json\/wp\/v2\/users\/105"}],"replies":[{"embeddable":true,"href":"https:\/\/blog.edu.turku.fi\/ilpoinen\/wp-json\/wp\/v2\/comments?post=259"}],"version-history":[{"count":5,"href":"https:\/\/blog.edu.turku.fi\/ilpoinen\/wp-json\/wp\/v2\/pages\/259\/revisions"}],"predecessor-version":[{"id":1574,"href":"https:\/\/blog.edu.turku.fi\/ilpoinen\/wp-json\/wp\/v2\/pages\/259\/revisions\/1574"}],"up":[{"embeddable":true,"href":"https:\/\/blog.edu.turku.fi\/ilpoinen\/wp-json\/wp\/v2\/pages\/19"}],"wp:attachment":[{"href":"https:\/\/blog.edu.turku.fi\/ilpoinen\/wp-json\/wp\/v2\/media?parent=259"}],"curies":[{"name":"wp","href":"https:\/\/api.w.org\/{rel}","templated":true}]}}