{"id":257,"date":"2012-02-10T12:55:59","date_gmt":"2012-02-10T12:55:59","guid":{"rendered":"https:\/\/blog.edu.turku.fi\/ilpoinen\/?page_id=257"},"modified":"2016-11-16T09:50:39","modified_gmt":"2016-11-16T09:50:39","slug":"koulussa-tarvittavat-varusteet","status":"publish","type":"page","link":"https:\/\/blog.edu.turku.fi\/ilpoinen\/koululaisen-kasikirja\/koulussa-tarvittavat-varusteet\/","title":{"rendered":"Koulussa tarvittavat varusteet"},"content":{"rendered":"<ul>\n<li>V\u00e4litunnit vietet\u00e4\u00e4n ulkona. Siksi on t\u00e4rke\u00e4\u00e4, ett\u00e4 oppilas on pukeutunut s\u00e4\u00e4n ja vuodenajan mukaan.<\/li>\n<li>Oppilaan k\u00e4nnyk\u00e4t tai muut elektroniikkalaitteet ovat koulussa oppilaan vastuulla.<\/li>\n<li>L\u00f6yt\u00f6tavaralaatikko sijaitsee p\u00e4\u00e4koulun ala-aulassa ja Koulukyl\u00e4ss\u00e4.<\/li>\n<li>L\u00f6ydettyj\u00e4 arvoesineit\u00e4 voi tiedustella koulun kansliasta.<\/li>\n<li>Rullalaudat, -luistimet ja lelut kuuluvat vapaa-aikaan. Tavallisesti koulussa ei my\u00f6sk\u00e4\u00e4n tarvita rahaa tai ker\u00e4ilytuotteita.<\/li>\n<li>Lis\u00e4tietoa <a href=\"http:\/\/www.turku.fi\/paivahoito-ja-koulutus\/perusopetus\/oppilaan-tuki\/esinevahingot-ja-niiden-korvaaminen\">esinevahingoista<\/a>.<\/li>\n<\/ul>\n","protected":false},"excerpt":{"rendered":"<p>V\u00e4litunnit vietet\u00e4\u00e4n ulkona. Siksi on t\u00e4rke\u00e4\u00e4, ett\u00e4 oppilas on pukeutunut s\u00e4\u00e4n ja vuodenajan mukaan. Oppilaan k\u00e4nnyk\u00e4t tai muut elektroniikkalaitteet ovat koulussa oppilaan vastuulla. L\u00f6yt\u00f6tavaralaatikko sijaitsee p\u00e4\u00e4koulun ala-aulassa ja Koulukyl\u00e4ss\u00e4. L\u00f6ydettyj\u00e4 arvoesineit\u00e4 voi tiedustella koulun kansliasta. Rullalaudat, -luistimet ja lelut kuuluvat vapaa-aikaan. Tavallisesti koulussa ei my\u00f6sk\u00e4\u00e4n tarvita rahaa tai ker\u00e4ilytuotteita. Lis\u00e4tietoa esinevahingoista.<\/p>\n","protected":false},"author":105,"featured_media":0,"parent":19,"menu_order":0,"comment_status":"closed","ping_status":"closed","template":"","meta":{"footnotes":""},"class_list":["post-257","page","type-page","status-publish","hentry"],"_links":{"self":[{"href":"https:\/\/blog.edu.turku.fi\/ilpoinen\/wp-json\/wp\/v2\/pages\/257","targetHints":{"allow":["GET"]}}],"collection":[{"href":"https:\/\/blog.edu.turku.fi\/ilpoinen\/wp-json\/wp\/v2\/pages"}],"about":[{"href":"https:\/\/blog.edu.turku.fi\/ilpoinen\/wp-json\/wp\/v2\/types\/page"}],"author":[{"embeddable":true,"href":"https:\/\/blog.edu.turku.fi\/ilpoinen\/wp-json\/wp\/v2\/users\/105"}],"replies":[{"embeddable":true,"href":"https:\/\/blog.edu.turku.fi\/ilpoinen\/wp-json\/wp\/v2\/comments?post=257"}],"version-history":[{"count":12,"href":"https:\/\/blog.edu.turku.fi\/ilpoinen\/wp-json\/wp\/v2\/pages\/257\/revisions"}],"predecessor-version":[{"id":1260,"href":"https:\/\/blog.edu.turku.fi\/ilpoinen\/wp-json\/wp\/v2\/pages\/257\/revisions\/1260"}],"up":[{"embeddable":true,"href":"https:\/\/blog.edu.turku.fi\/ilpoinen\/wp-json\/wp\/v2\/pages\/19"}],"wp:attachment":[{"href":"https:\/\/blog.edu.turku.fi\/ilpoinen\/wp-json\/wp\/v2\/media?parent=257"}],"curies":[{"name":"wp","href":"https:\/\/api.w.org\/{rel}","templated":true}]}}