{"id":254,"date":"2012-02-10T12:55:46","date_gmt":"2012-02-10T12:55:46","guid":{"rendered":"https:\/\/blog.edu.turku.fi\/ilpoinen\/?page_id=254"},"modified":"2025-08-31T12:04:02","modified_gmt":"2025-08-31T12:04:02","slug":"koulumatkat-ja-koulun-piha","status":"publish","type":"page","link":"https:\/\/blog.edu.turku.fi\/ilpoinen\/koululaisen-kasikirja\/koulumatkat-ja-koulun-piha\/","title":{"rendered":"Koulumatkat ja koulun piha"},"content":{"rendered":"<p>Koulumatkoilla noudatetaan liikennes\u00e4\u00e4nt\u00f6j\u00e4 ja hyvi\u00e4 tapoja.<\/p>\n<p>Koulualueelle saavuttaessa k\u00e4ytet\u00e4\u00e4n kevyen liikenteen v\u00e4yli\u00e4 ja jankulkureittej\u00e4. Turvallisuussyist\u00e4 pys\u00e4k\u00f6intialueiden l\u00e4pi kulku on kielletty.<\/p>\n<p><a href=\"https:\/\/blog.edu.turku.fi\/ilpoinen\/files\/2025\/08\/Ilpoisten-koulun-kulkureitit-syksy2024.docx\">Ilpoisten koulun kulkureitit syksy2024<\/a><\/p>\n<p>Vaaratilanteiden v\u00e4ltt\u00e4miseksi autoilijat j\u00e4tt\u00e4v\u00e4t lapsensa Laukl\u00e4hteenkadun varrelle, eiv\u00e4tk\u00e4 koulun pys\u00e4k\u00f6intialueelle. Saattoalueet on merkitty karttaan (linkki) punaisella.<\/p>\n<p><a href=\"https:\/\/blog.edu.turku.fi\/ilpoinen\/files\/2025\/08\/Ilpoisten-koulun-saattoalueet-syksy2024.docx\">Ilpoisten koulun saattoalueet syksy2024<\/a><\/p>\n<p>Koulun pihalla polkupy\u00f6ri\u00e4 ja muita kulkuneuvoja s\u00e4ilytet\u00e4\u00e4n niille varatuilla paikoilla. Kotien tulee varmistaa py\u00f6r\u00e4ilykyp\u00e4r\u00e4n k\u00e4ytt\u00f6!<\/p>\n","protected":false},"excerpt":{"rendered":"<p>Koulumatkoilla noudatetaan liikennes\u00e4\u00e4nt\u00f6j\u00e4 ja hyvi\u00e4 tapoja. Koulualueelle saavuttaessa k\u00e4ytet\u00e4\u00e4n kevyen liikenteen v\u00e4yli\u00e4 ja jankulkureittej\u00e4. Turvallisuussyist\u00e4 pys\u00e4k\u00f6intialueiden l\u00e4pi kulku on kielletty. Ilpoisten koulun kulkureitit syksy2024 Vaaratilanteiden v\u00e4ltt\u00e4miseksi autoilijat j\u00e4tt\u00e4v\u00e4t lapsensa Laukl\u00e4hteenkadun varrelle, eiv\u00e4tk\u00e4 koulun pys\u00e4k\u00f6intialueelle. Saattoalueet on merkitty karttaan (linkki) punaisella. Ilpoisten koulun saattoalueet syksy2024 Koulun pihalla polkupy\u00f6ri\u00e4 ja muita kulkuneuvoja s\u00e4ilytet\u00e4\u00e4n niille varatuilla paikoilla. Kotien &hellip; <a href=\"https:\/\/blog.edu.turku.fi\/ilpoinen\/koululaisen-kasikirja\/koulumatkat-ja-koulun-piha\/\" class=\"more-link\">Jatka lukemista<span class=\"screen-reader-text\"> &#8221;Koulumatkat ja koulun piha&#8221;<\/span><\/a><\/p>\n","protected":false},"author":105,"featured_media":0,"parent":19,"menu_order":0,"comment_status":"closed","ping_status":"closed","template":"","meta":{"footnotes":""},"class_list":["post-254","page","type-page","status-publish","hentry"],"_links":{"self":[{"href":"https:\/\/blog.edu.turku.fi\/ilpoinen\/wp-json\/wp\/v2\/pages\/254","targetHints":{"allow":["GET"]}}],"collection":[{"href":"https:\/\/blog.edu.turku.fi\/ilpoinen\/wp-json\/wp\/v2\/pages"}],"about":[{"href":"https:\/\/blog.edu.turku.fi\/ilpoinen\/wp-json\/wp\/v2\/types\/page"}],"author":[{"embeddable":true,"href":"https:\/\/blog.edu.turku.fi\/ilpoinen\/wp-json\/wp\/v2\/users\/105"}],"replies":[{"embeddable":true,"href":"https:\/\/blog.edu.turku.fi\/ilpoinen\/wp-json\/wp\/v2\/comments?post=254"}],"version-history":[{"count":16,"href":"https:\/\/blog.edu.turku.fi\/ilpoinen\/wp-json\/wp\/v2\/pages\/254\/revisions"}],"predecessor-version":[{"id":2167,"href":"https:\/\/blog.edu.turku.fi\/ilpoinen\/wp-json\/wp\/v2\/pages\/254\/revisions\/2167"}],"up":[{"embeddable":true,"href":"https:\/\/blog.edu.turku.fi\/ilpoinen\/wp-json\/wp\/v2\/pages\/19"}],"wp:attachment":[{"href":"https:\/\/blog.edu.turku.fi\/ilpoinen\/wp-json\/wp\/v2\/media?parent=254"}],"curies":[{"name":"wp","href":"https:\/\/api.w.org\/{rel}","templated":true}]}}