{"id":246,"date":"2012-02-10T12:59:00","date_gmt":"2012-02-10T12:59:00","guid":{"rendered":"https:\/\/blog.edu.turku.fi\/ilpoinen\/?page_id=246"},"modified":"2025-07-28T02:52:45","modified_gmt":"2025-07-28T02:52:45","slug":"opetettavat-kielet","status":"publish","type":"page","link":"https:\/\/blog.edu.turku.fi\/ilpoinen\/ilpoisten-koulu\/opetettavat-kielet\/","title":{"rendered":"Opetettavat kielet"},"content":{"rendered":"<p>Koulumme kaikki oppilaat lukevat kolmannelta vuosiluokalta alkaen A1-kielen\u00e4 englantia. Nelj\u00e4nnelt\u00e4 luokalta alkavana vapaaehtoisena A2-kielen\u00e4 koulumme tarjoaa ruotsia ja saksaa. Ne oppilaat, jotka eiv\u00e4t ole valinneet ruotsia nelj\u00e4nnell\u00e4 luokalla A2-kieleksi, aloittavat kuudennella luokalla B1-ruotsin opiskelun.<\/p>\n<p>Lukuvuonna 2025-2026 Ilpoisten koulussa opiskellaan A2-ruotsia vuosiluokilla 4-6 sek\u00e4 A2-saksaa 4. vuosiluokalla.<\/p>\n","protected":false},"excerpt":{"rendered":"<p>Koulumme kaikki oppilaat lukevat kolmannelta vuosiluokalta alkaen A1-kielen\u00e4 englantia. Nelj\u00e4nnelt\u00e4 luokalta alkavana vapaaehtoisena A2-kielen\u00e4 koulumme tarjoaa ruotsia ja saksaa. Ne oppilaat, jotka eiv\u00e4t ole valinneet ruotsia nelj\u00e4nnell\u00e4 luokalla A2-kieleksi, aloittavat kuudennella luokalla B1-ruotsin opiskelun. Lukuvuonna 2025-2026 Ilpoisten koulussa opiskellaan A2-ruotsia vuosiluokilla 4-6 sek\u00e4 A2-saksaa 4. vuosiluokalla.<\/p>\n","protected":false},"author":105,"featured_media":0,"parent":2,"menu_order":0,"comment_status":"closed","ping_status":"closed","template":"","meta":{"footnotes":""},"class_list":["post-246","page","type-page","status-publish","hentry"],"_links":{"self":[{"href":"https:\/\/blog.edu.turku.fi\/ilpoinen\/wp-json\/wp\/v2\/pages\/246","targetHints":{"allow":["GET"]}}],"collection":[{"href":"https:\/\/blog.edu.turku.fi\/ilpoinen\/wp-json\/wp\/v2\/pages"}],"about":[{"href":"https:\/\/blog.edu.turku.fi\/ilpoinen\/wp-json\/wp\/v2\/types\/page"}],"author":[{"embeddable":true,"href":"https:\/\/blog.edu.turku.fi\/ilpoinen\/wp-json\/wp\/v2\/users\/105"}],"replies":[{"embeddable":true,"href":"https:\/\/blog.edu.turku.fi\/ilpoinen\/wp-json\/wp\/v2\/comments?post=246"}],"version-history":[{"count":29,"href":"https:\/\/blog.edu.turku.fi\/ilpoinen\/wp-json\/wp\/v2\/pages\/246\/revisions"}],"predecessor-version":[{"id":2141,"href":"https:\/\/blog.edu.turku.fi\/ilpoinen\/wp-json\/wp\/v2\/pages\/246\/revisions\/2141"}],"up":[{"embeddable":true,"href":"https:\/\/blog.edu.turku.fi\/ilpoinen\/wp-json\/wp\/v2\/pages\/2"}],"wp:attachment":[{"href":"https:\/\/blog.edu.turku.fi\/ilpoinen\/wp-json\/wp\/v2\/media?parent=246"}],"curies":[{"name":"wp","href":"https:\/\/api.w.org\/{rel}","templated":true}]}}