{"id":242,"date":"2012-02-10T13:00:22","date_gmt":"2012-02-10T13:00:22","guid":{"rendered":"https:\/\/blog.edu.turku.fi\/ilpoinen\/?page_id=242"},"modified":"2025-08-11T09:30:43","modified_gmt":"2025-08-11T09:30:43","slug":"oppilaan-tuki","status":"publish","type":"page","link":"https:\/\/blog.edu.turku.fi\/ilpoinen\/oppilaan-tuki\/oppilaan-tuki\/","title":{"rendered":"Koulun yhteis\u00f6llinen oppilashuoltoryhm\u00e4 (KOR)"},"content":{"rendered":"<p>Ilpoisten koulussa yhteis\u00f6lliseen oppilashuoltoryhm\u00e4\u00e4n kuuluvat rehtori, opettajaedustaja, oppilashuoltohenkil\u00f6st\u00f6 (koulukuraattori, koulupsykologi ja terveydenhoitaja), laaja-alaiset erityisopettajat, koulunk\u00e4ynninohjaaja, oppilasedustaja ja vanhempien edustaja.<\/p>\n<p>Ryhm\u00e4 kokoontuu noin kerran kuukaudessa torstaina klo 14.15.<\/p>\n<p>Yhteisty\u00f6t\u00e4 tehd\u00e4\u00e4n my\u00f6s esiopetuksen ja aamu- ja iltap\u00e4iv\u00e4toiminnan sek\u00e4 yl\u00e4koulun kanssa. Yhteis\u00f6llinen oppilashuoltoryhm\u00e4 tekee tarvittaessa yhteisty\u00f6t\u00e4 my\u00f6s viranomaisten, kansalaisj\u00e4rjest\u00f6jen, yhdistysten, yliopistojen ja yritysten kanssa.<\/p>\n<p>KOR-ryhm\u00e4n tavoite on pohtia, kehitt\u00e4\u00e4, suunnitella ja arvioida yleisell\u00e4 tasolla koko koulun ja oppilaiden hyvinvointia. Toimintaa arvioidaan ja kehitet\u00e4\u00e4n osana koulun toiminnan kehitt\u00e4mist\u00e4 ja arviointia. Vuosittainen arviointi ja kehitt\u00e4minen kuvataan koulun toimintasuunnitelmassa.<\/p>\n","protected":false},"excerpt":{"rendered":"<p>Ilpoisten koulussa yhteis\u00f6lliseen oppilashuoltoryhm\u00e4\u00e4n kuuluvat rehtori, opettajaedustaja, oppilashuoltohenkil\u00f6st\u00f6 (koulukuraattori, koulupsykologi ja terveydenhoitaja), laaja-alaiset erityisopettajat, koulunk\u00e4ynninohjaaja, oppilasedustaja ja vanhempien edustaja. Ryhm\u00e4 kokoontuu noin kerran kuukaudessa torstaina klo 14.15. Yhteisty\u00f6t\u00e4 tehd\u00e4\u00e4n my\u00f6s esiopetuksen ja aamu- ja iltap\u00e4iv\u00e4toiminnan sek\u00e4 yl\u00e4koulun kanssa. Yhteis\u00f6llinen oppilashuoltoryhm\u00e4 tekee tarvittaessa yhteisty\u00f6t\u00e4 my\u00f6s viranomaisten, kansalaisj\u00e4rjest\u00f6jen, yhdistysten, yliopistojen ja yritysten kanssa. KOR-ryhm\u00e4n tavoite on pohtia, &hellip; <a href=\"https:\/\/blog.edu.turku.fi\/ilpoinen\/oppilaan-tuki\/oppilaan-tuki\/\" class=\"more-link\">Jatka lukemista<span class=\"screen-reader-text\"> &#8221;Koulun yhteis\u00f6llinen oppilashuoltoryhm\u00e4 (KOR)&#8221;<\/span><\/a><\/p>\n","protected":false},"author":105,"featured_media":0,"parent":123,"menu_order":0,"comment_status":"closed","ping_status":"closed","template":"","meta":{"footnotes":""},"class_list":["post-242","page","type-page","status-publish","hentry"],"_links":{"self":[{"href":"https:\/\/blog.edu.turku.fi\/ilpoinen\/wp-json\/wp\/v2\/pages\/242","targetHints":{"allow":["GET"]}}],"collection":[{"href":"https:\/\/blog.edu.turku.fi\/ilpoinen\/wp-json\/wp\/v2\/pages"}],"about":[{"href":"https:\/\/blog.edu.turku.fi\/ilpoinen\/wp-json\/wp\/v2\/types\/page"}],"author":[{"embeddable":true,"href":"https:\/\/blog.edu.turku.fi\/ilpoinen\/wp-json\/wp\/v2\/users\/105"}],"replies":[{"embeddable":true,"href":"https:\/\/blog.edu.turku.fi\/ilpoinen\/wp-json\/wp\/v2\/comments?post=242"}],"version-history":[{"count":15,"href":"https:\/\/blog.edu.turku.fi\/ilpoinen\/wp-json\/wp\/v2\/pages\/242\/revisions"}],"predecessor-version":[{"id":2151,"href":"https:\/\/blog.edu.turku.fi\/ilpoinen\/wp-json\/wp\/v2\/pages\/242\/revisions\/2151"}],"up":[{"embeddable":true,"href":"https:\/\/blog.edu.turku.fi\/ilpoinen\/wp-json\/wp\/v2\/pages\/123"}],"wp:attachment":[{"href":"https:\/\/blog.edu.turku.fi\/ilpoinen\/wp-json\/wp\/v2\/media?parent=242"}],"curies":[{"name":"wp","href":"https:\/\/api.w.org\/{rel}","templated":true}]}}