{"id":222,"date":"2012-02-10T13:00:11","date_gmt":"2012-02-10T13:00:11","guid":{"rendered":"https:\/\/blog.edu.turku.fi\/ilpoinen\/?page_id=222"},"modified":"2025-08-11T09:32:09","modified_gmt":"2025-08-11T09:32:09","slug":"oppilaan-terveys","status":"publish","type":"page","link":"https:\/\/blog.edu.turku.fi\/ilpoinen\/oppilaan-tuki\/oppilaan-terveys\/","title":{"rendered":"Oppilaan terveys"},"content":{"rendered":"<h3>Terveydenhoitaja<\/h3>\n<p>Kouluterveydenhuollon tavoitteena on oppilaiden terveyden edist\u00e4minen sek\u00e4 terveen kasvun ja kehityksen tukeminen yhteisty\u00f6ss\u00e4 vanhempien, opettajien ja muun oppilashuollon henkil\u00f6st\u00f6n kanssa. Tavoitteena on my\u00f6s koko kouluyhteis\u00f6n terveyden, hyvinvoinnin ja turvallisuuden edist\u00e4minen.<br \/>\n<span style=\"color: #000120\"><a href=\"https:\/\/www.turku.fi\/sosiaali-ja-terveyspalvelut\/terveyspalvelut\/koulu-ja-opiskeluterveydenhuolto\" target=\"_blank\" rel=\"noopener noreferrer\">Lis\u00e4tietoa Turun kouluterveydenhuollosta<\/a><\/span><\/p>\n<p>Ilpoisten koulun terveydenhoitajana toimii Titta Lehtinen.<\/p>\n<h3>Koulupsykologi<\/h3>\n<p>Koulupsykologi on kouluyhteis\u00f6n psykologinen asiantuntija. Vanhemmat, koulu tai oppilas itse voivat ottaa yhteytt\u00e4 psykologiin, kun jokin lapsen koulunk\u00e4ynniss\u00e4, kasvussa tai kehityksess\u00e4 huolestuttaa. Koulupsykologi tekee mm. psykologisia tutkimuksia oppimis- ja keskittymisvaikeuksien, k\u00e4yt\u00f6songelmien ja tunne-el\u00e4m\u00e4\u00e4n liittyvien vaikeuksien selvitt\u00e4miseksi.<\/p>\n<p>Ilpoisten koulun koulupsykologina toimii Ella Tuomiluoma.<\/p>\n<h3>Koulukuraattori<\/h3>\n<p>Koulukuraattori on koulun sosiaality\u00f6ntekij\u00e4, jonka teht\u00e4v\u00e4 on tukea oppilaiden koulunk\u00e4ynti\u00e4 ja edist\u00e4\u00e4 niin yksil\u00f6n kuin koko kouluyhteis\u00f6n hyvinvontia.<\/p>\n<p>Koulukuraattorinamme ty\u00f6skentelee Maiju Lehtikankare.<\/p>\n<h3>Psykiatrinen sairaanhoitaja<\/h3>\n<p>Psykiatrisen sairaanjoitajan luona voi asioida matalalla kynnyksell\u00e4 mielen hyvinvointiin liittyviss\u00e4 asioissa esimerkiksi silloin, kun huoli oppilaan mielialan laskusta, ahdistuneisuudesta tai uupumisesta her\u00e4\u00e4 joko oppilaalla itsell\u00e4\u00e4n, h\u00e4nen l\u00e4heisill\u00e4\u00e4n tai opettajalla. Keskustelutuen kesto m\u00e4\u00e4r\u00e4ytyy yksil\u00f6llisesti ja voi tarvittaessa jatkua pidemp\u00e4\u00e4kin.<\/p>\n<p>Psykiatrisena sairaanhoitajana ty\u00f6skentelee Pia M\u00f6ls\u00e4.<\/p>\n","protected":false},"excerpt":{"rendered":"<p>Terveydenhoitaja Kouluterveydenhuollon tavoitteena on oppilaiden terveyden edist\u00e4minen sek\u00e4 terveen kasvun ja kehityksen tukeminen yhteisty\u00f6ss\u00e4 vanhempien, opettajien ja muun oppilashuollon henkil\u00f6st\u00f6n kanssa. Tavoitteena on my\u00f6s koko kouluyhteis\u00f6n terveyden, hyvinvoinnin ja turvallisuuden edist\u00e4minen. Lis\u00e4tietoa Turun kouluterveydenhuollosta Ilpoisten koulun terveydenhoitajana toimii Titta Lehtinen. Koulupsykologi Koulupsykologi on kouluyhteis\u00f6n psykologinen asiantuntija. Vanhemmat, koulu tai oppilas itse voivat ottaa yhteytt\u00e4 psykologiin, &hellip; <a href=\"https:\/\/blog.edu.turku.fi\/ilpoinen\/oppilaan-tuki\/oppilaan-terveys\/\" class=\"more-link\">Jatka lukemista<span class=\"screen-reader-text\"> &#8221;Oppilaan terveys&#8221;<\/span><\/a><\/p>\n","protected":false},"author":105,"featured_media":0,"parent":123,"menu_order":0,"comment_status":"closed","ping_status":"closed","template":"","meta":{"footnotes":""},"class_list":["post-222","page","type-page","status-publish","hentry"],"_links":{"self":[{"href":"https:\/\/blog.edu.turku.fi\/ilpoinen\/wp-json\/wp\/v2\/pages\/222","targetHints":{"allow":["GET"]}}],"collection":[{"href":"https:\/\/blog.edu.turku.fi\/ilpoinen\/wp-json\/wp\/v2\/pages"}],"about":[{"href":"https:\/\/blog.edu.turku.fi\/ilpoinen\/wp-json\/wp\/v2\/types\/page"}],"author":[{"embeddable":true,"href":"https:\/\/blog.edu.turku.fi\/ilpoinen\/wp-json\/wp\/v2\/users\/105"}],"replies":[{"embeddable":true,"href":"https:\/\/blog.edu.turku.fi\/ilpoinen\/wp-json\/wp\/v2\/comments?post=222"}],"version-history":[{"count":9,"href":"https:\/\/blog.edu.turku.fi\/ilpoinen\/wp-json\/wp\/v2\/pages\/222\/revisions"}],"predecessor-version":[{"id":2152,"href":"https:\/\/blog.edu.turku.fi\/ilpoinen\/wp-json\/wp\/v2\/pages\/222\/revisions\/2152"}],"up":[{"embeddable":true,"href":"https:\/\/blog.edu.turku.fi\/ilpoinen\/wp-json\/wp\/v2\/pages\/123"}],"wp:attachment":[{"href":"https:\/\/blog.edu.turku.fi\/ilpoinen\/wp-json\/wp\/v2\/media?parent=222"}],"curies":[{"name":"wp","href":"https:\/\/api.w.org\/{rel}","templated":true}]}}