{"id":2030,"date":"2023-11-27T05:50:53","date_gmt":"2023-11-27T05:50:53","guid":{"rendered":"https:\/\/blog.edu.turku.fi\/ilpoinen\/?page_id=2030"},"modified":"2025-08-31T11:33:55","modified_gmt":"2025-08-31T11:33:55","slug":"psykiatrinen-sairaanhoitaja","status":"publish","type":"page","link":"https:\/\/blog.edu.turku.fi\/ilpoinen\/yhteystiedot\/psykiatrinen-sairaanhoitaja\/","title":{"rendered":"Psykiatrinen sairaanhoitaja"},"content":{"rendered":"<p><strong>Pia M\u00f6ls\u00e4 <\/strong>044 907 48 71<br \/>\n<span data-olk-copy-source=\"MessageBody\">pia.molsa@varha.fi<\/span><\/p>\n<p>Ilpoisten koululla ti<\/p>\n<p>Viestit ja yhteydenottopyynn\u00f6t puhelimitse, s\u00e4hk\u00f6postitse tai Wilman kautta<\/p>\n<p>&nbsp;<\/p>\n","protected":false},"excerpt":{"rendered":"<p>Pia M\u00f6ls\u00e4 044 907 48 71 pia.molsa@varha.fi Ilpoisten koululla ti Viestit ja yhteydenottopyynn\u00f6t puhelimitse, s\u00e4hk\u00f6postitse tai Wilman kautta &nbsp;<\/p>\n","protected":false},"author":105,"featured_media":0,"parent":14,"menu_order":4,"comment_status":"closed","ping_status":"closed","template":"","meta":{"footnotes":""},"class_list":["post-2030","page","type-page","status-publish","hentry"],"_links":{"self":[{"href":"https:\/\/blog.edu.turku.fi\/ilpoinen\/wp-json\/wp\/v2\/pages\/2030","targetHints":{"allow":["GET"]}}],"collection":[{"href":"https:\/\/blog.edu.turku.fi\/ilpoinen\/wp-json\/wp\/v2\/pages"}],"about":[{"href":"https:\/\/blog.edu.turku.fi\/ilpoinen\/wp-json\/wp\/v2\/types\/page"}],"author":[{"embeddable":true,"href":"https:\/\/blog.edu.turku.fi\/ilpoinen\/wp-json\/wp\/v2\/users\/105"}],"replies":[{"embeddable":true,"href":"https:\/\/blog.edu.turku.fi\/ilpoinen\/wp-json\/wp\/v2\/comments?post=2030"}],"version-history":[{"count":4,"href":"https:\/\/blog.edu.turku.fi\/ilpoinen\/wp-json\/wp\/v2\/pages\/2030\/revisions"}],"predecessor-version":[{"id":2162,"href":"https:\/\/blog.edu.turku.fi\/ilpoinen\/wp-json\/wp\/v2\/pages\/2030\/revisions\/2162"}],"up":[{"embeddable":true,"href":"https:\/\/blog.edu.turku.fi\/ilpoinen\/wp-json\/wp\/v2\/pages\/14"}],"wp:attachment":[{"href":"https:\/\/blog.edu.turku.fi\/ilpoinen\/wp-json\/wp\/v2\/media?parent=2030"}],"curies":[{"name":"wp","href":"https:\/\/api.w.org\/{rel}","templated":true}]}}